{"id":1015,"date":"2016-06-14T10:28:21","date_gmt":"2016-06-14T10:28:21","guid":{"rendered":"http:\/\/rcgcerdanya.com\/?page_id=1015"},"modified":"2025-02-22T13:08:23","modified_gmt":"2025-02-22T11:08:23","slug":"recorridos","status":"publish","type":"page","link":"https:\/\/rcgcerdanya.com\/ca\/recorridos\/","title":{"rendered":"Recorreguts"},"content":{"rendered":"<p>[vc_row][vc_column][vc_column_text]El club ofereix recorreguts d&#8217;una bellesa espectacular. Prou variat per no resultar mai avorrit, cap detall \u00e9s anecd\u00f2tic en el seu tra\u00e7at.<\/p>\n<p>Javier Arana, va saber aprofitar els desnivells naturals del terreny per configurar les pr\u00f2pies dificultats d&#8217;un camp molt ben integrat en l&#8217;entorn.[\/vc_column_text][vc_row_inner][vc_column_inner width=&#8221;1\/4&#8243;][vc_btn title=&#8221;Targeta Recorregut Verd&#8221; color=&#8221;success&#8221; link=&#8221;url:http%3A%2F%2Frcgcerdanya.com%2Fwp-content%2Fuploads%2F2017%2F11%2FTARJETA-VERDE-1.png||target:%20_blank&#8221;][vc_btn title=&#8221;Pla d&#8217;Evacuaci\u00f3&#8221; color=&#8221;primary&#8221; link=&#8221;url:https%3A%2F%2Frcgcerdanya.com%2Fwp-content%2Fuploads%2F2025%2F02%2FPE_2025-RCG-Cerdanya-Verde-CAST.pdf||target:%20_blank&#8221;][\/vc_column_inner][vc_column_inner width=&#8221;1\/4&#8243;][vc_btn title=&#8221;Slope Recorregut Verd&#8221; color=&#8221;success&#8221; link=&#8221;url:http%3A%2F%2Frcgcerdanya.com%2Fwp-content%2Fuploads%2F2017%2F11%2FSLOPE-VERDE-WEB.pdf||target:%20_blank&#8221;][\/vc_column_inner][vc_column_inner width=&#8221;1\/4&#8243;][vc_btn title=&#8221;Targeta Recorregut Rosa&#8221; color=&#8221;pink&#8221; link=&#8221;url:http%3A%2F%2Frcgcerdanya.com%2Fwp-content%2Fuploads%2F2017%2F11%2FTARJETA-ROSA-1.png||target:%20_blank&#8221;][\/vc_column_inner][vc_column_inner width=&#8221;1\/4&#8243;][vc_btn title=&#8221;Slope Recorregut Rosa&#8221; color=&#8221;pink&#8221; link=&#8221;url:http%3A%2F%2Frcgcerdanya.com%2Fwp-content%2Fuploads%2F2017%2F11%2FSLOPE-ROSA-WEB-1.pdf||target:%20_blank&#8221;][\/vc_column_inner][\/vc_row_inner][\/vc_column][\/vc_row][vc_row][vc_column][rev_slider_vc alias=&#8221;recorregut&#8221;][\/vc_column][\/vc_row]<\/p>","protected":false},"excerpt":{"rendered":"<p>[vc_row][vc_column][vc_column_text]El club ofereix recorreguts d&#8217;una bellesa espectacular. Prou variat per no resultar mai avorrit, cap detall \u00e9s anecd\u00f2tic en el [&hellip;]<\/p>\n","protected":false},"author":3,"featured_media":0,"parent":0,"menu_order":0,"comment_status":"closed","ping_status":"closed","template":"","meta":{"ngg_post_thumbnail":0},"acf":[],"_links":{"self":[{"href":"https:\/\/rcgcerdanya.com\/ca\/wp-json\/wp\/v2\/pages\/1015"}],"collection":[{"href":"https:\/\/rcgcerdanya.com\/ca\/wp-json\/wp\/v2\/pages"}],"about":[{"href":"https:\/\/rcgcerdanya.com\/ca\/wp-json\/wp\/v2\/types\/page"}],"author":[{"embeddable":true,"href":"https:\/\/rcgcerdanya.com\/ca\/wp-json\/wp\/v2\/users\/3"}],"replies":[{"embeddable":true,"href":"https:\/\/rcgcerdanya.com\/ca\/wp-json\/wp\/v2\/comments?post=1015"}],"version-history":[{"count":31,"href":"https:\/\/rcgcerdanya.com\/ca\/wp-json\/wp\/v2\/pages\/1015\/revisions"}],"predecessor-version":[{"id":82103,"href":"https:\/\/rcgcerdanya.com\/ca\/wp-json\/wp\/v2\/pages\/1015\/revisions\/82103"}],"wp:attachment":[{"href":"https:\/\/rcgcerdanya.com\/ca\/wp-json\/wp\/v2\/media?parent=1015"}],"curies":[{"name":"wp","href":"https:\/\/api.w.org\/{rel}","templated":true}]}}