{"id":13,"date":"2016-05-06T05:49:39","date_gmt":"2016-05-06T05:49:39","guid":{"rendered":"http:\/\/rcgcerdanya.com\/?page_id=13"},"modified":"2019-05-25T16:17:08","modified_gmt":"2019-05-25T14:17:08","slug":"cerdana","status":"publish","type":"page","link":"https:\/\/rcgcerdanya.com\/ca\/cerdana\/","title":{"rendered":"Cerdanya"},"content":{"rendered":"<p>[vc_row css=&#8221;.vc_custom_1464681857021{padding-top: 25px !important;padding-bottom: 25px !important;}&#8221;][vc_column][vc_custom_heading text=&#8221;ACTIVITATS&#8221; use_theme_fonts=&#8221;yes&#8221;][\/vc_column][\/vc_row][vc_row][vc_column width=&#8221;1\/3&#8243;][vc_single_image image=&#8221;678&#8243; img_size=&#8221;full&#8221; alignment=&#8221;center&#8221; css_animation=&#8221;top-to-bottom&#8221;][vc_column_text css_animation=&#8221;bottom-to-top&#8221;]<\/p>\n<p class=\"p1\">Aprofita&#8217;t de les m\u00faltiples estacions d&#8217;esqu\u00ed de gran nivell existents tant en el vessant catalana com l&#8217;andorrana. Tria en funci\u00f3 del temps i vents, l&#8217;estaci\u00f3 d&#8217;esqu\u00ed m\u00e9s adequada per gaudir aquest esport.<\/p>\n<p>[\/vc_column_text][\/vc_column][vc_column width=&#8221;1\/3&#8243;][vc_single_image image=&#8221;675&#8243; img_size=&#8221;full&#8221; alignment=&#8221;center&#8221; css_animation=&#8221;top-to-bottom&#8221;][vc_column_text css_animation=&#8221;bottom-to-top&#8221;]<\/p>\n<p class=\"p1\">Entorn inigualable per gaudir d&#8217;un passeig a cavall.<\/p>\n<p>[\/vc_column_text][\/vc_column][vc_column width=&#8221;1\/3&#8243;][vc_single_image image=&#8221;1210&#8243; img_size=&#8221;full&#8221; alignment=&#8221;center&#8221; css_animation=&#8221;top-to-bottom&#8221;][vc_column_text css_animation=&#8221;bottom-to-top&#8221;]<\/p>\n<p class=\"p1\">Realitza excursions inoblidables tant en fam\u00edlia com amb amics. La Cerdanya ofereix una varietat immensa d&#8217;excursions per les muntanyes&nbsp;amb llacs impressionants.<\/p>\n<p>[\/vc_column_text][\/vc_column][\/vc_row][vc_row css=&#8221;.vc_custom_1464780841089{padding-top: 35px !important;padding-bottom: 0px !important;}&#8221;][vc_column][vc_custom_heading text=&#8221;GASTRONOMIA&#8221; use_theme_fonts=&#8221;yes&#8221;][\/vc_column][\/vc_row][vc_row css=&#8221;.vc_custom_1464342543836{padding-top: 30px !important;}&#8221;][vc_column width=&#8221;1\/3&#8243;][vc_single_image image=&#8221;1540&#8243; img_size=&#8221;full&#8221; alignment=&#8221;center&#8221; css_animation=&#8221;top-to-bottom&#8221;][vc_column_text css_animation=&#8221;bottom-to-top&#8221;]<\/p>\n<p class=\"p1\">El Trinxat \u00e9s el menjar m\u00e9s t\u00edpic de la Cerdanya. Cols, patates i cansalada s\u00f3n els ingredients principals. (La Cocina de Tiescu)<\/p>\n<p>[\/vc_column_text][\/vc_column][vc_column width=&#8221;1\/3&#8243;][vc_single_image image=&#8221;1588&#8243; img_size=&#8221;full&#8221; alignment=&#8221;center&#8221; css_animation=&#8221;top-to-bottom&#8221;][vc_column_text css_animation=&#8221;bottom-to-top&#8221;]El Formatge i la Mantega de l&#8217;Alt Urgell i la Cerdanya es creen a partir de la llet de vaca de ra\u00e7a frisona de granges ramaderes urgellenques i cerdanes.[\/vc_column_text][\/vc_column][vc_column width=&#8221;1\/3&#8243;][vc_single_image image=&#8221;676&#8243; img_size=&#8221;full&#8221; alignment=&#8221;center&#8221; css_animation=&#8221;top-to-bottom&#8221;][vc_column_text css_animation=&#8221;bottom-to-top&#8221;]<\/p>\n<p class=\"p1\">Els productes artesans de la Cerdanya s\u00f3n d&#8217;alta qualitat. La Mel, melmelada i formatges s\u00f3n alguns molt ben valorats.<\/p>\n<p>[\/vc_column_text][\/vc_column][\/vc_row][vc_row css=&#8221;.vc_custom_1464681821742{padding-top: 15px !important;padding-bottom: 0px !important;}&#8221;][vc_column][vc_custom_heading text=&#8221;ALLOTJAMENT&#8221; use_theme_fonts=&#8221;yes&#8221;][\/vc_column][\/vc_row][vc_row css=&#8221;.vc_custom_1464342543836{padding-top: 30px !important;}&#8221;][vc_column width=&#8221;1\/4&#8243;][vc_single_image image=&#8221;682&#8243; img_size=&#8221;full&#8221; alignment=&#8221;center&#8221; css_animation=&#8221;top-to-bottom&#8221;][vc_column_text css_animation=&#8221;bottom-to-top&#8221;]<strong>Torre del Remei, Hotel Col\u00b7laborador&nbsp;<\/strong><\/p>\n<p>L&#8217;hotel \u00e9s a 1 km del camp<\/p>\n<p><a href=\"http:\/\/www.relais.com\/torreremei\" target=\"_blank\" rel=\"noopener\">lloc web<\/a>&nbsp;| <a href=\"mailto:torreremei@relaischateaux.com\" target=\"_blank\" rel=\"noopener\">e-mail<\/a> | <a href=\"tel:+34972140182\" target=\"_blank\" rel=\"noopener\">+34 972 14 01 82<\/a>[\/vc_column_text][\/vc_column][vc_column width=&#8221;1\/4&#8243;][vc_single_image image=&#8221;683&#8243; img_size=&#8221;full&#8221; alignment=&#8221;center&#8221; css_animation=&#8221;top-to-bottom&#8221;][vc_column_text css_animation=&#8221;bottom-to-top&#8221;]<strong>Chalet de Golf, Hotel Col\u00b7laborador&nbsp;<\/strong><\/p>\n<p>L&#8217;hotel est\u00e0 situat al mateix camp<\/p>\n<p><a href=\"http:\/\/www.chaletdelgolf.com\/\" target=\"_blank\" rel=\"noopener\">lloc web<\/a>&nbsp;| <a href=\"mailto:info@chaletdelgolf.com\" target=\"_blank\" rel=\"noopener\">e-mail<\/a> | <a href=\"tel:+34972884320\" target=\"_blank\" rel=\"noopener\">+34 972 88 43 20<\/a>[\/vc_column_text][\/vc_column][vc_column width=&#8221;1\/4&#8243;][vc_single_image image=&#8221;684&#8243; img_size=&#8221;full&#8221; alignment=&#8221;center&#8221; css_animation=&#8221;top-to-bottom&#8221;][vc_column_text css_animation=&#8221;bottom-to-top&#8221;]<\/p>\n<div dir=\"ltr\">\n<p><strong>Villa Paulita, Hotel Col\u00b7laborador<\/strong><\/p>\n<p>L&#8217;hotel est\u00e0 situat a Puigcerd\u00e0<\/p>\n<p><a href=\"http:\/\/www.villapaulitahotel.com\/\" target=\"_blank\" rel=\"noopener\">lloc web<\/a>&nbsp;| <a href=\"mailto:recepcion@villapaulitahotel.com\" target=\"_blank\" rel=\"noopener\">e-mail<\/a> | <a href=\"tel:+34972884622\" target=\"_blank\" rel=\"noopener\">+34 972 88 46 22<\/a><\/p>\n<p><a href=\"https:\/\/rcgcerdanya.com\/wp-content\/uploads\/2017\/06\/HOTEL-VILLA-PAULITA-GOLF.pdf\" target=\"_blank\" rel=\"noopener\">Tarifes Socis RCGC<\/a><\/p>\n<\/div>\n<p>[\/vc_column_text][\/vc_column][vc_column width=&#8221;1\/4&#8243;][vc_single_image image=&#8221;2798&#8243; img_size=&#8221;full&#8221; alignment=&#8221;center&#8221; css_animation=&#8221;top-to-bottom&#8221;][vc_column_text css_animation=&#8221;bottom-to-top&#8221;]<\/p>\n<div dir=\"ltr\">\n<p><strong>Villa Pyrenees, Establiment Col\u00b7laborador<\/strong><\/p>\n<p>La villa est\u00e0 situada al mateix camp.<\/p>\n<p><a href=\"http:\/\/sarm.es\/\" target=\"_blank\" rel=\"noopener\">lloc web<\/a>&nbsp;| <a href=\"mailto:info@sarm.es\" target=\"_blank\" rel=\"noopener\">e-mail<\/a> | <a href=\"tel:(+34) 93.414.20.28\" target=\"_blank\" rel=\"noopener\">+34 93 414 20 28<\/a><\/p>\n<\/div>\n<p>[\/vc_column_text][\/vc_column][\/vc_row]<\/p>","protected":false},"excerpt":{"rendered":"<p>[vc_row css=&#8221;.vc_custom_1464681857021{padding-top: 25px !important;padding-bottom: 25px !important;}&#8221;][vc_column][vc_custom_heading text=&#8221;ACTIVITATS&#8221; use_theme_fonts=&#8221;yes&#8221;][\/vc_column][\/vc_row][vc_row][vc_column width=&#8221;1\/3&#8243;][vc_single_image image=&#8221;678&#8243; img_size=&#8221;full&#8221; alignment=&#8221;center&#8221; css_animation=&#8221;top-to-bottom&#8221;][vc_column_text css_animation=&#8221;bottom-to-top&#8221;] Aprofita&#8217;t de les m\u00faltiples estacions d&#8217;esqu\u00ed [&hellip;]<\/p>\n","protected":false},"author":3,"featured_media":0,"parent":0,"menu_order":0,"comment_status":"closed","ping_status":"closed","template":"","meta":{"ngg_post_thumbnail":0},"acf":[],"_links":{"self":[{"href":"https:\/\/rcgcerdanya.com\/ca\/wp-json\/wp\/v2\/pages\/13"}],"collection":[{"href":"https:\/\/rcgcerdanya.com\/ca\/wp-json\/wp\/v2\/pages"}],"about":[{"href":"https:\/\/rcgcerdanya.com\/ca\/wp-json\/wp\/v2\/types\/page"}],"author":[{"embeddable":true,"href":"https:\/\/rcgcerdanya.com\/ca\/wp-json\/wp\/v2\/users\/3"}],"replies":[{"embeddable":true,"href":"https:\/\/rcgcerdanya.com\/ca\/wp-json\/wp\/v2\/comments?post=13"}],"version-history":[{"count":38,"href":"https:\/\/rcgcerdanya.com\/ca\/wp-json\/wp\/v2\/pages\/13\/revisions"}],"predecessor-version":[{"id":666,"href":"https:\/\/rcgcerdanya.com\/ca\/wp-json\/wp\/v2\/pages\/13\/revisions\/666"}],"wp:attachment":[{"href":"https:\/\/rcgcerdanya.com\/ca\/wp-json\/wp\/v2\/media?parent=13"}],"curies":[{"name":"wp","href":"https:\/\/api.w.org\/{rel}","templated":true}]}}