{"id":202,"date":"2015-11-12T21:47:36","date_gmt":"2015-11-12T21:47:36","guid":{"rendered":"http:\/\/brentwood.progressionstudios.com\/?page_id=8"},"modified":"2025-11-30T12:42:22","modified_gmt":"2025-11-30T10:42:22","slug":"home","status":"publish","type":"page","link":"https:\/\/rcgcerdanya.com\/ca\/","title":{"rendered":"Home"},"content":{"rendered":"<p>[vc_row css=&#8221;.vc_custom_1468408976074{margin-bottom: 0px !important;}&#8221;][vc_column css=&#8221;.vc_custom_1468409063362{margin-bottom: -35px !important;}&#8221;][rev_slider_vc alias=&#8221;home-3-cat&#8221;][\/vc_column][\/vc_row][vc_row][vc_column][vc_column_text]<\/p>\n<p>[\/vc_column_text][\/vc_column][vc_column][\/vc_column][\/vc_row][vc_row][vc_column][vc_column_text]<div class=\"recent-tournaments\"><ul><\/ul><\/div>[\/vc_column_text][\/vc_column][\/vc_row][vc_row][vc_column][vc_column_text]<a class=\"tournament-btn\" href=\"\/torneos\/\">Ver todos<\/a>[\/vc_column_text][\/vc_column][\/vc_row][vc_row][vc_column width=&#8221;1\/2&#8243;][vc_column_text]<\/p>\n<p>[\/vc_column_text][\/vc_column][vc_column width=&#8221;1\/2&#8243;][vc_btn title=&#8221;APLICACI\u00d3 DE SOCIS&#8221; color=&#8221;danger&#8221; size=&#8221;lg&#8221; align=&#8221;center&#8221; link=&#8221;url:https%3A%2F%2Frcgcerdanya.com%2Fwp-content%2Fuploads%2F2020%2F06%2FCertificat-Global-Safe-Site-Real-Club-de-Golf-Cerda%C3%B1a.pdf|title:CLAPPHOUSE|target:%20_blank&#8221;][\/vc_column][\/vc_row][vc_row full_width=&#8221;stretch_row&#8221; css=&#8221;.vc_custom_1468408896608{padding-top: 35px !important;padding-bottom: 0px !important;background-color: #000000 !important;}&#8221;][vc_column width=&#8221;5\/6&#8243; css=&#8221;.vc_custom_1449676370347{margin-top: 0px !important;margin-bottom: 0px !important;padding-top: 0px !important;padding-bottom: 0px !important;}&#8221;][vc_column_text]<\/p>\n<h3 class=\"aligncenter blanco\">&#8220;He viatjat i competit per tot el m\u00f3n, i sempre que em pregunten per el meu camp preferit, la resposta \u00e9s molt senzilla: el Reial Club de Golf Cerdanya.&#8221;<\/h3>\n<p class=\"autor aligncenter\">&nbsp;Alvaro Velasco Roca &#8211;<span class=\"referencia_autor\">&nbsp;European Tour Golf Professional Player<\/span><\/p>\n<p>[\/vc_column_text][\/vc_column][vc_column width=&#8221;1\/6&#8243;][vc_btn title=&#8221;LLEGIR ARTICLE&#8221; style=&#8221;outline-custom&#8221; outline_custom_color=&#8221;#ffffff&#8221; outline_custom_hover_background=&#8221;#ffffff&#8221; outline_custom_hover_text=&#8221;#6d6d6d&#8221; shape=&#8221;square&#8221; link=&#8221;url:http%3A%2F%2Frcgcerdanya.com%2Fcarta-de-alvaro-velasco-professional-european-tour-golf-player%2F|title:CON%C3%93CENOS|&#8221;][\/vc_column][\/vc_row][vc_row css=&#8221;.vc_custom_1447358519003{padding-top: 30px !important;padding-bottom: 20px !important;}&#8221;][vc_column][vc_custom_heading text=&#8221;EL CAMP&#8221; font_container=&#8221;tag:h2|font_size:38px|text_align:center&#8221; use_theme_fonts=&#8221;yes&#8221; css=&#8221;.vc_custom_1465548586870{padding-bottom: 30px !important;}&#8221;][\/vc_column][vc_column width=&#8221;1\/2&#8243;][vc_single_image image=&#8221;1481&#8243; img_size=&#8221;full&#8221; onclick=&#8221;custom_link&#8221; css=&#8221;.vc_custom_1468405107318{padding-right: 10px !important;padding-bottom: 25px !important;}&#8221; link=&#8221;\/the-course\/&#8221;][\/vc_column][vc_column width=&#8221;1\/2&#8243; css=&#8221;.vc_custom_1445030830846{padding-bottom: 20px !important;}&#8221;][vc_custom_heading text=&#8221;Un entorn \u00fanic&#8221; font_container=&#8221;tag:h2|font_size:20px|text_align:left&#8221; use_theme_fonts=&#8221;yes&#8221; css=&#8221;.vc_custom_1465548883299{padding-left: 10px !important;}&#8221;][vc_column_text css=&#8221;.vc_custom_1466007547826{padding-left: 10px !important;}&#8221;]El <strong>Real Club de Golf Cerda\u00f1a<\/strong> est\u00e0 situat a la vall de la Cerdanya. El contorn dels Pirineus i tota la seva serralada s\u00f3n visibles des de tot el recorregut creant juntament amb els seus arbres centenaris i el microclima del territori, una experi\u00e8ncia \u00fanica.<\/p>\n<p>A tan sols 137km de Barcelona, el club compta amb 27 forats que representen un magn\u00edfic passeig per la natura. Aquest entorn permet al jugador evitar distraccions urbanes i mantenir la concentraci\u00f3 en els moments m\u00e9s importants, com s\u00f3n les arribades a green, on el domini dels &#8220;ferros curts&#8221; \u00e9s clau per evitar arbres i b\u00fanquers.[\/vc_column_text][vc_btn title=&#8221;DESCOBREIX M\u00c9S&#8221; style=&#8221;outline-custom&#8221; outline_custom_color=&#8221;#8ea96f&#8221; outline_custom_hover_background=&#8221;#8ea96f&#8221; outline_custom_hover_text=&#8221;#ffffff&#8221; shape=&#8221;square&#8221; align=&#8221;left&#8221; link=&#8221;url:%23|title:Recorridos|&#8221;][\/vc_column][\/vc_row][vc_row full_width=&#8221;stretch_row&#8221; parallax=&#8221;content-moving&#8221; css=&#8221;.vc_custom_1468576657444{margin-bottom: 0px !important;padding-top: 120px !important;padding-bottom: 120px !important;background: #000000 url(https:\/\/rcgcerdanya.com\/wp-content\/uploads\/2015\/11\/historia-2.jpg?id=1572);background-position:center;background-repeat:-repeat;background-size: cover !important;}&#8221;][vc_column][vc_custom_heading text=&#8221;Un gran club amb una gran hist\u00f2ria&#8221; font_container=&#8221;tag:h1|font_size:37px|text_align:center|color:%23ffffff&#8221; use_theme_fonts=&#8221;yes&#8221;][vc_custom_heading text=&#8221;Compost per 27 forats i dissenyat pel prestigi\u00f3s Javier Arana,<br \/>\nel RCG de Cerdanya forma part dels 10 camps m\u00e9s antics d&#8217;Espanya.&#8221; font_container=&#8221;tag:h5|font_size:18px|text_align:center|color:%23ffffff|line_height:1.6&#8243; use_theme_fonts=&#8221;yes&#8221; css=&#8221;.vc_custom_1466007827944{margin-bottom: 36px !important;}&#8221;][vc_btn title=&#8221;LA NOSTRA HIST\u00d2RIA&#8221; style=&#8221;outline-custom&#8221; outline_custom_color=&#8221;#ffffff&#8221; outline_custom_hover_background=&#8221;#8fa871&#8243; outline_custom_hover_text=&#8221;#ffffff&#8221; shape=&#8221;square&#8221; align=&#8221;center&#8221; link=&#8221;url:%23|title:NUESTRA%20HISTORIA|&#8221;][\/vc_column][\/vc_row][vc_row full_width=&#8221;stretch_row_content&#8221; css=&#8221;.vc_custom_1468497872843{margin-bottom: 0px !important;padding-top: 70px !important;background: #f6f6f6 url(https:\/\/rcgcerdanya.com\/wp-content\/uploads\/2015\/11\/historia-1.jpg?id=1501) !important;}&#8221; el_class=&#8221;display&#8221;][vc_column][vc_custom_heading text=&#8221;COURSE PACKAGES&#8221; font_container=&#8221;tag:h2|font_size:36px|text_align:center&#8221; use_theme_fonts=&#8221;yes&#8221;][vc_custom_heading text=&#8221;Choose your golf package from the options below&#8221; font_container=&#8221;tag:h2|font_size:15px|text_align:center&#8221; use_theme_fonts=&#8221;yes&#8221; css=&#8221;.vc_custom_1448317496155{margin-bottom: 20px !important;}&#8221;][\/vc_column][\/vc_row][vc_row full_width=&#8221;stretch_row&#8221; css=&#8221;.vc_custom_1462788938843{margin-bottom: -40px !important;padding-top: 35px !important;padding-bottom: 90px !important;background-color: #f6f6f6 !important;}&#8221; el_class=&#8221;display&#8221;][vc_column width=&#8221;1\/3&#8243; css=&#8221;.vc_custom_1448316788807{border-top-width: 5px !important;padding-right: 0px !important;padding-left: 0px !important;background-color: #ffffff !important;border-top-color: #989898 !important;border-top-style: solid !important;}&#8221; el_class=&#8221;drop-shadow-pro&#8221;][vc_custom_heading text=&#8221;SILVER&#8221; font_container=&#8221;tag:h1|font_size:32px|text_align:center|color:%23989898&#8243; use_theme_fonts=&#8221;yes&#8221; css=&#8221;.vc_custom_1448316464384{margin-bottom: 5px !important;border-top-width: 0px !important;padding-top: 40px !important;padding-right: 9% !important;padding-bottom: 25px !important;padding-left: 9% !important;background-color: #ffffff !important;border-top-style: solid !important;}&#8221;][vc_custom_heading text=&#8221;Far far away, behind the word mountains, far from the countries Vokalia.&#8221; font_container=&#8221;tag:div|font_size:13px|text_align:left|color:%23818181|line_height:1.2&#8243; use_theme_fonts=&#8221;yes&#8221; css=&#8221;.vc_custom_1448317309270{margin-right: 10% !important;margin-left: 10% !important;padding-bottom: 30px !important;}&#8221;][vc_custom_heading text=&#8221;PRICE&#8221; font_container=&#8221;tag:h6|font_size:14px|text_align:left|color:%23818181|line_height:1.2&#8243; use_theme_fonts=&#8221;yes&#8221; css=&#8221;.vc_custom_1448317316122{margin-right: 10% !important;margin-bottom: 10px !important;margin-left: 10% !important;border-bottom-width: 2px !important;padding-bottom: 8px !important;border-bottom-color: #eaebed !important;border-bottom-style: solid !important;}&#8221;][vc_custom_heading text=&#8221;$4,000&#8243; font_container=&#8221;tag:h1|font_size:32px|text_align:left|color:%231e1e1e|line_height:1.2&#8243; use_theme_fonts=&#8221;yes&#8221; css=&#8221;.vc_custom_1448317321760{margin-right: 10% !important;margin-bottom: 35px !important;margin-left: 10% !important;}&#8221;][vc_custom_heading text=&#8221;FEATURES&#8221; font_container=&#8221;tag:h6|font_size:14px|text_align:left|color:%23818181|line_height:1.2&#8243; use_theme_fonts=&#8221;yes&#8221; css=&#8221;.vc_custom_1448317328390{margin-right: 10% !important;margin-bottom: 10px !important;margin-left: 10% !important;border-bottom-width: 2px !important;padding-bottom: 8px !important;border-bottom-color: #eaebed !important;border-bottom-style: solid !important;}&#8221;][vc_custom_heading text=&#8221;<strong>Unlimited<\/strong> Golf Passes&#8221; font_container=&#8221;tag:div|font_size:14px|text_align:left|color:%23717171|line_height:1.2&#8243; use_theme_fonts=&#8221;yes&#8221; css=&#8221;.vc_custom_1448317334346{margin-right: 10% !important;margin-bottom: 10px !important;margin-left: 10% !important;padding-bottom: 0px !important;}&#8221;][vc_custom_heading text=&#8221;<strong>24\/hr<\/strong> Clubhouse&#8221; font_container=&#8221;tag:div|font_size:14px|text_align:left|color:%23717171|line_height:1.2&#8243; use_theme_fonts=&#8221;yes&#8221; css=&#8221;.vc_custom_1448317338789{margin-right: 10% !important;margin-bottom: 10px !important;margin-left: 10% !important;padding-bottom: 0px !important;}&#8221;][vc_custom_heading text=&#8221;<strong>Discounted<\/strong> Events&#8221; font_container=&#8221;tag:div|font_size:14px|text_align:left|color:%23717171|line_height:1.2&#8243; use_theme_fonts=&#8221;yes&#8221; css=&#8221;.vc_custom_1448317344176{margin-right: 10% !important;margin-bottom: 10px !important;margin-left: 10% !important;padding-bottom: 0px !important;}&#8221;][vc_custom_heading text=&#8221;<strong>$50<\/strong> Gift Card&#8221; font_container=&#8221;tag:div|font_size:14px|text_align:left|color:%23717171|line_height:1.2&#8243; use_theme_fonts=&#8221;yes&#8221; css=&#8221;.vc_custom_1448317534797{margin-right: 10% !important;margin-bottom: 10px !important;margin-left: 10% !important;padding-bottom: 0px !important;}&#8221;][vc_btn title=&#8221;GET THIS PACKAGE&#8221; style=&#8221;custom&#8221; custom_background=&#8221;#909090&#8243; custom_text=&#8221;#ffffff&#8221; shape=&#8221;square&#8221; align=&#8221;center&#8221; link=&#8221;url:%23||&#8221; css=&#8221;.vc_custom_1448318072385{margin-top: 35px !important;margin-bottom: 0px !important;background-color: #ffffff !important;}&#8221; button_block=&#8221;true&#8221;][\/vc_column][vc_column width=&#8221;1\/3&#8243; el_class=&#8221;drop-shadow-pro top-z-index&#8221; css=&#8221;.vc_custom_1448317090560{margin-top: -15px !important;border-top-width: 4px !important;padding-right: 0px !important;padding-left: 0px !important;background-color: #ffffff !important;border-top-color: #c09b4d !important;border-top-style: solid !important;}&#8221;][vc_custom_heading text=&#8221;GOLD&#8221; font_container=&#8221;tag:h1|font_size:32px|text_align:center|color:%23c09b4d&#8221; use_theme_fonts=&#8221;yes&#8221; css=&#8221;.vc_custom_1448317276404{margin-bottom: 5px !important;border-top-width: 0px !important;padding-top: 40px !important;padding-right: 9% !important;padding-bottom: 25px !important;padding-left: 9% !important;border-top-style: solid !important;}&#8221;][vc_custom_heading text=&#8221;Far far away, behind the word mountains, far from the countries Vokalia.&#8221; font_container=&#8221;tag:div|font_size:13px|text_align:left|color:%23818181|line_height:1.2&#8243; use_theme_fonts=&#8221;yes&#8221; css=&#8221;.vc_custom_1448317353137{margin-right: 10% !important;margin-left: 10% !important;padding-bottom: 30px !important;}&#8221;][vc_custom_heading text=&#8221;PRICE&#8221; font_container=&#8221;tag:h6|font_size:14px|text_align:left|color:%23818181|line_height:1.2&#8243; use_theme_fonts=&#8221;yes&#8221; css=&#8221;.vc_custom_1448317358146{margin-right: 10% !important;margin-bottom: 10px !important;margin-left: 10% !important;border-bottom-width: 2px !important;padding-bottom: 8px !important;border-bottom-color: #eaebed !important;border-bottom-style: solid !important;}&#8221;][vc_custom_heading text=&#8221;$6,000&#8243; font_container=&#8221;tag:h1|font_size:32px|text_align:left|color:%231e1e1e|line_height:1.2&#8243; use_theme_fonts=&#8221;yes&#8221; css=&#8221;.vc_custom_1448317363904{margin-right: 10% !important;margin-bottom: 35px !important;margin-left: 10% !important;}&#8221;][vc_custom_heading text=&#8221;FEATURES&#8221; font_container=&#8221;tag:h6|font_size:14px|text_align:left|color:%23818181|line_height:1.2&#8243; use_theme_fonts=&#8221;yes&#8221; css=&#8221;.vc_custom_1448317373111{margin-right: 10% !important;margin-bottom: 10px !important;margin-left: 10% !important;border-bottom-width: 2px !important;padding-bottom: 8px !important;border-bottom-color: #eaebed !important;border-bottom-style: solid !important;}&#8221;][vc_custom_heading text=&#8221;<strong>Unlimited<\/strong> Golf Passes&#8221; font_container=&#8221;tag:div|font_size:14px|text_align:left|color:%23717171|line_height:1.2&#8243; use_theme_fonts=&#8221;yes&#8221; css=&#8221;.vc_custom_1448317368532{margin-right: 10% !important;margin-bottom: 10px !important;margin-left: 10% !important;padding-bottom: 0px !important;}&#8221;][vc_custom_heading text=&#8221;<strong>24\/hr<\/strong> Clubhouse&#8221; font_container=&#8221;tag:div|font_size:14px|text_align:left|color:%23717171|line_height:1.2&#8243; use_theme_fonts=&#8221;yes&#8221; css=&#8221;.vc_custom_1448317378759{margin-right: 10% !important;margin-bottom: 10px !important;margin-left: 10% !important;padding-bottom: 0px !important;}&#8221;][vc_custom_heading text=&#8221;<strong>Discounted<\/strong> Events&#8221; font_container=&#8221;tag:div|font_size:14px|text_align:left|color:%23717171|line_height:1.2&#8243; use_theme_fonts=&#8221;yes&#8221; css=&#8221;.vc_custom_1448317390536{margin-right: 10% !important;margin-bottom: 10px !important;margin-left: 10% !important;padding-bottom: 0px !important;}&#8221;][vc_custom_heading text=&#8221;<strong>Monthly<\/strong> Tournaments&#8221; font_container=&#8221;tag:div|font_size:14px|text_align:left|color:%23717171|line_height:1.2&#8243; use_theme_fonts=&#8221;yes&#8221; css=&#8221;.vc_custom_1448317399368{margin-right: 10% !important;margin-bottom: 10px !important;margin-left: 10% !important;padding-bottom: 0px !important;}&#8221;][vc_custom_heading text=&#8221;<strong>$250<\/strong> Gift Card&#8221; font_container=&#8221;tag:div|font_size:14px|text_align:left|color:%23717171|line_height:1.2&#8243; use_theme_fonts=&#8221;yes&#8221; css=&#8221;.vc_custom_1448317404237{margin-right: 10% !important;margin-bottom: 10px !important;margin-left: 10% !important;padding-bottom: 0px !important;}&#8221;][vc_btn title=&#8221;GET THIS PACKAGE&#8221; style=&#8221;custom&#8221; custom_background=&#8221;#c09b4d&#8221; custom_text=&#8221;#ffffff&#8221; shape=&#8221;square&#8221; align=&#8221;center&#8221; link=&#8221;url:%23||&#8221; css=&#8221;.vc_custom_1448318076858{margin-top: 35px !important;margin-bottom: 0px !important;background-color: #ffffff !important;}&#8221; button_block=&#8221;true&#8221;][\/vc_column][vc_column width=&#8221;1\/3&#8243; css=&#8221;.vc_custom_1448317587521{border-top-width: 4px !important;padding-right: 0px !important;padding-left: 0px !important;background-color: #ffffff !important;border-top-color: #17267f !important;border-top-style: solid !important;}&#8221; el_class=&#8221;drop-shadow-pro&#8221;][vc_custom_heading text=&#8221;ROYAL&#8221; font_container=&#8221;tag:h1|font_size:32px|text_align:center|color:%2317267f&#8221; use_theme_fonts=&#8221;yes&#8221; css=&#8221;.vc_custom_1448317270906{margin-bottom: 5px !important;border-top-width: 0px !important;padding-top: 40px !important;padding-right: 9% !important;padding-bottom: 25px !important;padding-left: 9% !important;border-top-style: solid !important;}&#8221;][vc_custom_heading text=&#8221;Far far away, behind the word mountains, far from the countries Vokalia.&#8221; font_container=&#8221;tag:div|font_size:13px|text_align:left|color:%23818181|line_height:1.2&#8243; use_theme_fonts=&#8221;yes&#8221; css=&#8221;.vc_custom_1448317421460{margin-right: 10% !important;margin-left: 10% !important;padding-bottom: 30px !important;}&#8221;][vc_custom_heading text=&#8221;PRICE&#8221; font_container=&#8221;tag:h6|font_size:14px|text_align:left|color:%23818181|line_height:1.2&#8243; use_theme_fonts=&#8221;yes&#8221; css=&#8221;.vc_custom_1448317425997{margin-right: 10% !important;margin-bottom: 10px !important;margin-left: 10% !important;border-bottom-width: 2px !important;padding-bottom: 8px !important;border-bottom-color: #eaebed !important;border-bottom-style: solid !important;}&#8221;][vc_custom_heading text=&#8221;$7,000&#8243; font_container=&#8221;tag:h1|font_size:32px|text_align:left|color:%231e1e1e|line_height:1.2&#8243; use_theme_fonts=&#8221;yes&#8221; css=&#8221;.vc_custom_1448317437878{margin-right: 10% !important;margin-bottom: 35px !important;margin-left: 10% !important;}&#8221;][vc_custom_heading text=&#8221;FEATURES&#8221; font_container=&#8221;tag:h6|font_size:14px|text_align:left|color:%23818181|line_height:1.2&#8243; use_theme_fonts=&#8221;yes&#8221; css=&#8221;.vc_custom_1448317443211{margin-right: 10% !important;margin-bottom: 10px !important;margin-left: 10% !important;border-bottom-width: 2px !important;padding-bottom: 8px !important;border-bottom-color: #eaebed !important;border-bottom-style: solid !important;}&#8221;][vc_custom_heading text=&#8221;<strong>Unlimited<\/strong> Golf Passes&#8221; font_container=&#8221;tag:div|font_size:14px|text_align:left|color:%23717171|line_height:1.2&#8243; use_theme_fonts=&#8221;yes&#8221; css=&#8221;.vc_custom_1448317448047{margin-right: 10% !important;margin-bottom: 10px !important;margin-left: 10% !important;padding-bottom: 0px !important;}&#8221;][vc_custom_heading text=&#8221;<strong>24\/hr<\/strong> Clubhouse&#8221; font_container=&#8221;tag:div|font_size:14px|text_align:left|color:%23717171|line_height:1.2&#8243; use_theme_fonts=&#8221;yes&#8221; css=&#8221;.vc_custom_1448317455894{margin-right: 10% !important;margin-bottom: 10px !important;margin-left: 10% !important;padding-bottom: 0px !important;}&#8221;][vc_custom_heading text=&#8221;<strong>Discounted<\/strong> Events&#8221; font_container=&#8221;tag:div|font_size:14px|text_align:left|color:%23717171|line_height:1.2&#8243; use_theme_fonts=&#8221;yes&#8221; css=&#8221;.vc_custom_1448317460328{margin-right: 10% !important;margin-bottom: 10px !important;margin-left: 10% !important;padding-bottom: 0px !important;}&#8221;][vc_custom_heading text=&#8221;<strong>$300<\/strong> Gift Card&#8221; font_container=&#8221;tag:div|font_size:14px|text_align:left|color:%23717171|line_height:1.2&#8243; use_theme_fonts=&#8221;yes&#8221; css=&#8221;.vc_custom_1448317548983{margin-right: 10% !important;margin-bottom: 10px !important;margin-left: 10% !important;padding-bottom: 0px !important;}&#8221;][vc_btn title=&#8221;GET THIS PACKAGE&#8221; style=&#8221;custom&#8221; custom_background=&#8221;#17267f&#8221; custom_text=&#8221;#ffffff&#8221; shape=&#8221;square&#8221; align=&#8221;center&#8221; link=&#8221;url:%23||&#8221; css=&#8221;.vc_custom_1448318081367{margin-top: 35px !important;margin-bottom: 0px !important;background-color: #ffffff !important;}&#8221; button_block=&#8221;true&#8221;][\/vc_column][\/vc_row][vc_row][vc_column][vc_custom_heading text=&#8221;\u00daLTIMES NOTICIES&#8221; font_container=&#8221;tag:h2|font_size:37px|text_align:center&#8221; use_theme_fonts=&#8221;yes&#8221; css=&#8221;.vc_custom_1466007896282{padding-top: 30px !important;padding-bottom: 50px !important;}&#8221;][vc_basic_grid post_type=&#8221;post&#8221; max_items=&#8221;3&#8243; style=&#8221;load-more&#8221; grid_id=&#8221;vc_gid:1764499321355-b0105856-90de-5&#8243; btn_add_icon=&#8221;true&#8221;][\/vc_column][\/vc_row][vc_row][vc_column][\/vc_column][\/vc_row]<\/p>","protected":false},"excerpt":{"rendered":"<p>[vc_row css=&#8221;.vc_custom_1468408976074{margin-bottom: 0px !important;}&#8221;][vc_column css=&#8221;.vc_custom_1468409063362{margin-bottom: -35px !important;}&#8221;][rev_slider_vc alias=&#8221;home-3-cat&#8221;][\/vc_column][\/vc_row][vc_row][vc_column][vc_column_text] [\/vc_column_text][\/vc_column][vc_column][\/vc_column][\/vc_row][vc_row][vc_column][vc_column_text][\/vc_column_text][\/vc_column][\/vc_row][vc_row][vc_column][vc_column_text]Ver todos[\/vc_column_text][\/vc_column][\/vc_row][vc_row][vc_column width=&#8221;1\/2&#8243;][vc_column_text] [\/vc_column_text][\/vc_column][vc_column width=&#8221;1\/2&#8243;][vc_btn title=&#8221;APLICACI\u00d3 DE SOCIS&#8221; color=&#8221;danger&#8221; size=&#8221;lg&#8221; align=&#8221;center&#8221; link=&#8221;url:https%3A%2F%2Frcgcerdanya.com%2Fwp-content%2Fuploads%2F2020%2F06%2FCertificat-Global-Safe-Site-Real-Club-de-Golf-Cerda%C3%B1a.pdf|title:CLAPPHOUSE|target:%20_blank&#8221;][\/vc_column][\/vc_row][vc_row [&hellip;]<\/p>\n","protected":false},"author":3,"featured_media":0,"parent":0,"menu_order":0,"comment_status":"closed","ping_status":"closed","template":"","meta":{"ngg_post_thumbnail":0},"acf":[],"_links":{"self":[{"href":"https:\/\/rcgcerdanya.com\/ca\/wp-json\/wp\/v2\/pages\/202"}],"collection":[{"href":"https:\/\/rcgcerdanya.com\/ca\/wp-json\/wp\/v2\/pages"}],"about":[{"href":"https:\/\/rcgcerdanya.com\/ca\/wp-json\/wp\/v2\/types\/page"}],"author":[{"embeddable":true,"href":"https:\/\/rcgcerdanya.com\/ca\/wp-json\/wp\/v2\/users\/3"}],"replies":[{"embeddable":true,"href":"https:\/\/rcgcerdanya.com\/ca\/wp-json\/wp\/v2\/comments?post=202"}],"version-history":[{"count":362,"href":"https:\/\/rcgcerdanya.com\/ca\/wp-json\/wp\/v2\/pages\/202\/revisions"}],"predecessor-version":[{"id":82326,"href":"https:\/\/rcgcerdanya.com\/ca\/wp-json\/wp\/v2\/pages\/202\/revisions\/82326"}],"wp:attachment":[{"href":"https:\/\/rcgcerdanya.com\/ca\/wp-json\/wp\/v2\/media?parent=202"}],"curies":[{"name":"wp","href":"https:\/\/api.w.org\/{rel}","templated":true}]}}