{"id":206,"date":"2015-11-13T00:36:43","date_gmt":"2015-11-13T00:36:43","guid":{"rendered":"http:\/\/brentwood.progressionstudios.com\/?page_id=29"},"modified":"2023-11-01T12:30:00","modified_gmt":"2023-11-01T10:30:00","slug":"contacto","status":"publish","type":"page","link":"https:\/\/rcgcerdanya.com\/ca\/contacto\/","title":{"rendered":"Contacte"},"content":{"rendered":"<p>[vc_row][vc_column width=&#8221;1\/4&#8243;][vc_column_text]<\/p>\n<p class=\"logo_contacto \"><img decoding=\"async\" loading=\"lazy\" class=\"vc_single_image-img\" title=\"logot-min\" src=\"https:\/\/rcgcerdanya.com\/wp-content\/uploads\/2015\/11\/logot-min.jpg\" alt=\"logot-min\" width=\"35\" height=\"36\"><\/p>\n<p class=\"telefonogris\">972 14 14 08&nbsp; | 972 14 10 40<\/p>\n<p>[\/vc_column_text][\/vc_column][vc_column width=&#8221;1\/4&#8243;][vc_column_text]<\/p>\n<p class=\"logo_contacto\"><img decoding=\"async\" loading=\"lazy\" class=\"vc_single_image-img \" title=\"logoe-min\" src=\"https:\/\/rcgcerdanya.com\/wp-content\/uploads\/2015\/11\/logoe-min-1.jpg\" alt=\"logoe-min\" width=\"35\" height=\"36\"><\/p>\n<p class=\"emailgris\"><a title=\"email contacto\" href=\"mailto:info@rcgcerdanya.com\">recepcio@rcgcerdanya.com<br \/>\n<\/a><\/p>\n<p>[\/vc_column_text][\/vc_column][vc_column width=&#8221;1\/4&#8243;][\/vc_column][vc_column width=&#8221;1\/4&#8243;][\/vc_column][\/vc_row][vc_row full_width=&#8221;stretch_row_content&#8221; css=&#8221;.vc_custom_1467877703676{margin-bottom: -40px !important;}&#8221;][vc_column][vc_gmaps link=&#8221;#E-8_JTNDaWZyYW1lJTIwc3JjJTNEJTIyaHR0cHMlM0ElMkYlMkZ3d3cuZ29vZ2xlLmNvbSUyRm1hcHMlMkZlbWJlZCUzRnBiJTNEJTIxMW0xOCUyMTFtMTIlMjExbTMlMjExZDI5NDUuNTg5NDMzMTk5MzI2MyUyMTJkMS44OTc0NTgzMTU0NTgwNTQ0JTIxM2Q0Mi40MTUxODY5NzkxODMyNTQlMjEybTMlMjExZjAlMjEyZjAlMjEzZjAlMjEzbTIlMjExaTEwMjQlMjEyaTc2OCUyMTRmMTMuMSUyMTNtMyUyMTFtMiUyMTFzMHgxMmE1Nzk4NDkwNTljN2Y5JTI1M0EweDk2NDljY2JiNTFjMmU4MzIlMjEyc1JlYWwlMkJDbHViJTJCZGUlMkJHb2xmJTJCZGUlMkJDZXJkYW55YSUyMTVlMCUyMTNtMiUyMTFzZXMlMjEyc2VzJTIxNHYxNTExODAyMTczNzUxJTIyJTIwd2lkdGglM0QlMjI2NDAlMjIlMjBoZWlnaHQlM0QlMjI0ODAlMjIlM0UlM0MlMkZpZnJhbWUlM0U=&#8221;][vc_empty_space height=&#8221;52px&#8221;][\/vc_column][\/vc_row][vc_row][vc_column][vc_empty_space][\/vc_column][\/vc_row][vc_row][vc_column width=&#8221;1\/2&#8243;][vc_custom_heading text=&#8221;Contacta amb nosaltres i ens posarem en contacte!&#8221; use_theme_fonts=&#8221;yes&#8221;]\n<div class=\"wpcf7 no-js\" id=\"wpcf7-f1202-o2\" lang=\"en-US\" dir=\"ltr\">\n<div class=\"screen-reader-response\"><p role=\"status\" aria-live=\"polite\" aria-atomic=\"true\"><\/p> <ul><\/ul><\/div>\n<form action=\"\/ca\/wp-json\/wp\/v2\/pages\/206#wpcf7-f1202-o2\" method=\"post\" class=\"wpcf7-form init\" aria-label=\"Contact form\" novalidate=\"novalidate\" data-status=\"init\">\n<div style=\"display: none;\">\n<input type=\"hidden\" name=\"_wpcf7\" value=\"1202\" \/>\n<input type=\"hidden\" name=\"_wpcf7_version\" value=\"5.7.7\" \/>\n<input type=\"hidden\" name=\"_wpcf7_locale\" value=\"en_US\" \/>\n<input type=\"hidden\" name=\"_wpcf7_unit_tag\" value=\"wpcf7-f1202-o2\" \/>\n<input type=\"hidden\" name=\"_wpcf7_container_post\" value=\"0\" \/>\n<input type=\"hidden\" name=\"_wpcf7_posted_data_hash\" value=\"\" \/>\n<\/div>\n<p><span class=\"wpcf7-form-control-wrap\" data-name=\"your-name\"><input size=\"40\" class=\"wpcf7-form-control wpcf7-text wpcf7-validates-as-required\" aria-required=\"true\" aria-invalid=\"false\" placeholder=\"Nom\" value=\"\" type=\"text\" name=\"your-name\" \/><\/span>\n<\/p>\n<p><span class=\"wpcf7-form-control-wrap\" data-name=\"your-email\"><input size=\"40\" class=\"wpcf7-form-control wpcf7-text wpcf7-email wpcf7-validates-as-required wpcf7-validates-as-email\" aria-required=\"true\" aria-invalid=\"false\" placeholder=\"E-mail\" value=\"\" type=\"email\" name=\"your-email\" \/><\/span>\n<\/p>\n<p><span class=\"wpcf7-form-control-wrap\" data-name=\"your-message\"><textarea cols=\"40\" rows=\"10\" class=\"wpcf7-form-control wpcf7-textarea\" aria-invalid=\"false\" placeholder=\"Missatge\" name=\"your-message\"><\/textarea><\/span>\n<\/p>\n<p><span class=\"wpcf7-form-control-wrap\" data-name=\"acceptance-522\"><span class=\"wpcf7-form-control wpcf7-acceptance\"><span class=\"wpcf7-list-item\"><input type=\"checkbox\" name=\"acceptance-522\" value=\"1\" aria-invalid=\"false\" \/><\/span><\/span><\/span>He llegit i accepto la <a href=\"https:\/\/rcgcerdanya.com\/wp-content\/uploads\/2016\/07\/Avi\u0301s_legal_cat.pdf\" target=\"_blank\">politica de privacitat<\/a>\n<\/p>\n<p><input class=\"wpcf7-form-control has-spinner wpcf7-submit\" type=\"submit\" value=\"Enviar\" \/>\n<\/p><p style=\"display: none !important;\"><label>&#916;<textarea name=\"_wpcf7_ak_hp_textarea\" cols=\"45\" rows=\"8\" maxlength=\"100\"><\/textarea><\/label><input type=\"hidden\" id=\"ak_js_2\" name=\"_wpcf7_ak_js\" value=\"209\"\/><script>document.getElementById( \"ak_js_2\" ).setAttribute( \"value\", ( new Date() ).getTime() );<\/script><\/p><div class=\"wpcf7-response-output\" aria-hidden=\"true\"><\/div>\n<\/form>\n<\/div>\n[\/vc_column][vc_column width=&#8221;1\/2&#8243;][vc_column_text]<\/p>\n<h3>Codi Postal<\/h3>\n<p>Apartat de correus 63<br \/>\n17520 Puigcerd\u00e0 (Girona)<\/p>\n<h3>Situaci\u00f3 Geogr\u00e0fica<\/h3>\n<p>Ctra. de Puigcerd\u00e1 a la Seu de Urgell, a dos km. de Puigcerd\u00e0.<br \/>\nA 150 km. de Barcelona per el&nbsp;T\u00fanel del Cad\u00ed.<br \/>\n42 25 00.9 N, 01 54 02.0 E<\/p>\n<h3>Des de Barcelona amb cotxe<\/h3>\n<p>Des de Barcelona, per&nbsp;la carretera C-1411\/E-19, per&nbsp;el t\u00fanel del Cad\u00ed, y girar&nbsp;a la dreta&nbsp;per la N-260 amb direcci\u00f3&nbsp;Puigcerd\u00e0. El Golf est\u00e0 situat a uns&nbsp;2 Km. de Puigcerd\u00e0.| <a title=\"Ruta desde Barcelona\" href=\"https:\/\/goo.gl\/maps\/NYspER9Qbr12\">Veure la ruta amb Google Maps<\/a><\/p>\n<h3>Des de Saragossa&nbsp;amb cotxe<\/h3>\n<p>Des de Saragossa&nbsp;agafar&nbsp;la autopista A-2\/E-90, utilitzant&nbsp;la sortida&nbsp;5 per&nbsp;circumval\u00b7lar&nbsp;Lleida. Agafar&nbsp;la C-1313 en direcci\u00f3&nbsp;Seu d&#8217;Urgell. Posteriorment la N-260 cap a&nbsp;Puigcerd\u00e0. El Golf est\u00e0 cituat a uns&nbsp;2 Km. de Puigcerd\u00e0.| <a title=\"Ruta desde Zaragoza\" href=\"https:\/\/goo.gl\/maps\/FqsJShZUZ9M2\">Veure la ruta amb Google Maps<\/a>[\/vc_column_text][\/vc_column][\/vc_row]<\/p>","protected":false},"excerpt":{"rendered":"<p>[vc_row][vc_column width=&#8221;1\/4&#8243;][vc_column_text] 972 14 14 08&nbsp; | 972 14 10 40 [\/vc_column_text][\/vc_column][vc_column width=&#8221;1\/4&#8243;][vc_column_text] recepcio@rcgcerdanya.com [\/vc_column_text][\/vc_column][vc_column width=&#8221;1\/4&#8243;][\/vc_column][vc_column width=&#8221;1\/4&#8243;][\/vc_column][\/vc_row][vc_row full_width=&#8221;stretch_row_content&#8221; css=&#8221;.vc_custom_1467877703676{margin-bottom: -40px [&hellip;]<\/p>\n","protected":false},"author":3,"featured_media":0,"parent":0,"menu_order":0,"comment_status":"closed","ping_status":"closed","template":"","meta":{"ngg_post_thumbnail":0},"acf":[],"_links":{"self":[{"href":"https:\/\/rcgcerdanya.com\/ca\/wp-json\/wp\/v2\/pages\/206"}],"collection":[{"href":"https:\/\/rcgcerdanya.com\/ca\/wp-json\/wp\/v2\/pages"}],"about":[{"href":"https:\/\/rcgcerdanya.com\/ca\/wp-json\/wp\/v2\/types\/page"}],"author":[{"embeddable":true,"href":"https:\/\/rcgcerdanya.com\/ca\/wp-json\/wp\/v2\/users\/3"}],"replies":[{"embeddable":true,"href":"https:\/\/rcgcerdanya.com\/ca\/wp-json\/wp\/v2\/comments?post=206"}],"version-history":[{"count":83,"href":"https:\/\/rcgcerdanya.com\/ca\/wp-json\/wp\/v2\/pages\/206\/revisions"}],"predecessor-version":[{"id":81616,"href":"https:\/\/rcgcerdanya.com\/ca\/wp-json\/wp\/v2\/pages\/206\/revisions\/81616"}],"wp:attachment":[{"href":"https:\/\/rcgcerdanya.com\/ca\/wp-json\/wp\/v2\/media?parent=206"}],"curies":[{"name":"wp","href":"https:\/\/api.w.org\/{rel}","templated":true}]}}