{"id":3037,"date":"2018-06-12T13:28:22","date_gmt":"2018-06-12T11:28:22","guid":{"rendered":"https:\/\/rcgcerdanya.com\/?page_id=3037"},"modified":"2025-02-22T14:57:15","modified_gmt":"2025-02-22T12:57:15","slug":"hoyo-a-hoyo","status":"publish","type":"page","link":"https:\/\/rcgcerdanya.com\/ca\/hoyo-a-hoyo\/","title":{"rendered":"Forat a Forat"},"content":{"rendered":"<p>[vc_row][vc_column][vc_column_text]El club ofereix recorreguts d&#8217;una bellesa espectacular. Prou variats per a no resultar mai avorrit, ningun detall \u00e9s anecd\u00f2tic en el seu tra\u00e7at.<\/p>\n<p>Javier Arana va saber aprofitar els desnivells naturals del terreny per a configurar les pr\u00f2pies dificultats d&#8217;un camp molt ben inregrat en l&#8217;entorn.[\/vc_column_text][\/vc_column][\/vc_row][vc_row][vc_column][vc_column_text el_class=&#8221;text-center&#8221;]<!-- No modificar este c\u00f3digo --><\/p>\n<div id=\"hoyo_a_hoyo_selector\">\n<div class=\"hahs_arrowl disabled\"><i class=\"fas fa-caret-left\">&nbsp;<\/i><\/div>\n<div id=\"hahs_opciones\" data-pos=\"0\">\n<div id=\"hahs_opciones_carrusel\">\n<div class=\"hahs_opcion\">RECORREGUT BLANC &#8211; 9 HOYOS<\/div>\n<div class=\"hahs_opcion\">RECORREGUT VERMELL &#8211; 9 HOYOS<\/div>\n<div class=\"hahs_opcion\">RECORREGUT ROSA &#8211; 9 HOYOS<\/div>\n<div class=\"hahs_opcion\">RECORREGUT VERD &#8211; 9 HOYOS<\/div>\n<div class=\"hahs_opcion\">SENSE RECORREGUT &#8211; 9 HOYOS<\/div>\n<\/div>\n<\/div>\n<div class=\"hahs_arrowr\"><i class=\"fas fa-caret-right\">&nbsp;<\/i><\/div>\n<\/div>\n<p><!-- Fin - No modificar este c\u00f3digo -->[\/vc_column_text][\/vc_column][\/vc_row][vc_row][vc_column][vc_column_text el_class=&#8221;text-center previa_campo contenedora_imagen&#8221;]<\/p>\n<div id=\"hah_image_0\" class=\"hah_image current\">\n<p><img decoding=\"async\" loading=\"lazy\" id=\"img_recorrido_blanco\" class=\"vc_single_image-img attachment-full\" title=\"RECORREGUTblanco\" src=\"\/wp-content\/uploads\/2018\/06\/recorrido_blanco.jpg\" usemap=\"#map_recorrido_blanco\" width=\"1140\" height=\"975\"><\/p>\n<map id=\"map_recorrido_blanco\" name=\"map_recorrido_blanco\">\n<area class=\"hah_hoyo\" title=\"\" alt=\"\" coords=\"539,715,521,714,514,716,513,726,518,733,528,739,540,741,557,747,574,749,589,752,611,752,626,755,633,756,637,763,646,767,652,764,656,757,665,756,685,752,696,751,712,751,727,751,740,752,753,749,762,747,769,742,766,734,758,730,747,734,739,739,720,739,692,738,660,738,644,739,622,741,608,738,593,738,560,727,548,721,538,717,543,719,538,717\" shape=\"poly\" href=\"#hoyo_1\" target=\"_self\">\n<area class=\"hah_hoyo\" title=\"\" alt=\"\" coords=\"713,706,699,713,686,708,679,700,675,691,686,684,697,687,711,690,722,689,735,691,737,703,737,709,726,713\" shape=\"poly\" href=\"#hoyo_2\" target=\"_self\">\n<area class=\"hah_hoyo\" title=\"\" alt=\"\" coords=\"717,636,710,644,715,652,734,652,746,647,753,650,762,649,767,642,774,633,791,632,801,624,823,617,836,614,852,609,869,608,884,608,892,602,900,595,911,597,919,589,912,580,892,588,861,596,832,599,808,601,772,607,750,615\" shape=\"poly\" href=\"#hoyo_3\" target=\"_self\">\n<area class=\"hah_hoyo\" title=\"\" alt=\"\" coords=\"880,479,879,491,885,495,890,501,894,506,894,514,902,520,917,518,921,505,912,495,906,485,898,473,881,466\" shape=\"poly\" href=\"#hoyo_4\" target=\"_self\">\n<area class=\"hah_hoyo\" title=\"\" alt=\"\" coords=\"960,598,968,608,981,611,990,621,1004,626,1014,631,1025,630,1032,625,1042,624,1049,616,1040,604,1022,599,1011,599,992,600,984,588,969,584,960,583\" shape=\"poly\" href=\"#hoyo_5\" target=\"_self\">\n<area class=\"hah_hoyo\" title=\"\" alt=\"\" coords=\"900,372,902,386,916,391,923,394,926,407,939,418,953,431,964,440,980,451,990,465,1004,482,1020,504,1029,517,1037,525,1045,539,1055,543,1058,528,1056,511,1048,495,1039,476,1023,471,1007,452,985,437,963,427,953,411,947,396,928,387,917,372\" shape=\"poly\" href=\"#hoyo_6\" target=\"_self\">\n<area class=\"hah_hoyo\" title=\"\" alt=\"\" coords=\"866,241,853,249,843,253,830,263,822,275,809,287,801,299,799,305,804,313,813,315,814,298,826,291,839,277,856,268,869,277,882,286,889,299,893,310,898,316,910,319,905,303,893,279,884,262,883,253,875,244\" shape=\"poly\" href=\"#hoyo_7\" target=\"_self\">\n<area class=\"hah_hoyo\" title=\"\" alt=\"\" coords=\"646,441,662,431,682,419,699,405,716,390,729,375,744,365,754,367,746,382,740,393,733,400,730,409,726,419,716,433,702,436,693,443,673,449,666,457,651,465,643,475,624,480,611,482,605,472,621,459,631,446\" shape=\"poly\" href=\"#hoyo_8\" target=\"_self\">\n<area class=\"hah_hoyo\" title=\"\" alt=\"\" coords=\"618,508,627,514,626,525,613,532,607,543,593,546,580,552,566,561,545,557,527,554,504,547,483,547,467,548,461,535,450,533,452,522,466,515,478,522,490,525,503,529,532,530,549,529,569,519,588,520,601,510\" shape=\"poly\" href=\"#hoyo_9\" target=\"_self\"> <\/map>\n<\/div>\n<div id=\"hah_image_1\" class=\"hah_image\">\n<p><img decoding=\"async\" loading=\"lazy\" id=\"img_recorrido_rojo\" class=\"vc_single_image-img attachment-full\" title=\"Recorrido Rojo\" src=\"\/wp-content\/uploads\/2018\/06\/recorrido_rojo.jpg\" usemap=\"#map_recorrido_rojo\" width=\"1140\" height=\"975\"><\/p>\n<map id=\"map_recorrido_rojo\" name=\"map_recorrido_rojo\">\n<area class=\"hah_hoyo\" title=\"Hoyo 1\" alt=\"Hoyo 1\" coords=\"79,598,83,608,97,608,107,601,120,598,138,595,156,589,174,581,184,573,190,564,203,558,215,558,229,554,244,554,262,553,280,551,297,549,314,546,325,542,334,533,314,528,287,526,263,522,242,521,185,543,124,567\" shape=\"poly\" href=\"#hoyo_1\" target=\"_blank\">\n<area class=\"hah_hoyo\" title=\"Hoyo 2\" alt=\"Hoyo 2\" coords=\"169,601,186,605,200,597,234,587,260,588,284,583,317,578,326,561,302,556,228,570,203,579,179,587\" shape=\"poly\" href=\"#hoyo_2\" target=\"_blank\">\n<area class=\"hah_hoyo\" title=\"Hoyo 3\" alt=\"Hoyo 3\" coords=\"521,463,548,471,579,456,604,442,635,433,659,420,693,393,714,368,741,348,752,328,734,326,699,347,586,415,545,430,514,446\" shape=\"poly\" href=\"#hoyo_3\" target=\"_blank\">\n<area class=\"hah_hoyo\" title=\"Hoyo 4\" alt=\"Hoyo 4\" coords=\"626,136,587,127,577,132,589,149,605,163,625,171,646,170,663,185,683,197,696,217,709,224,706,205,694,183,672,164\" shape=\"poly\" href=\"#hoyo_4\" target=\"_blank\">\n<area class=\"hah_hoyo\" title=\"Hoyo 5\" alt=\"Hoyo 5\" coords=\"601,92,580,85,563,78,559,61,554,50,567,41,582,55,603,71,613,82\" shape=\"poly\" href=\"#hoyo_5\" target=\"_blank\">\n<area class=\"hah_hoyo\" title=\"Hoyo 6\" alt=\"Hoyo 6\" coords=\"656,85,680,106,704,115,733,147,757,173,779,194,794,218,807,225,815,218,802,190,778,166,756,129,739,110,720,82,687,65,662,55\" shape=\"poly\" href=\"#hoyo_6\" target=\"_blank\">\n<area class=\"hah_hoyo\" title=\"Hoyo 7\" alt=\"Hoyo 7\" coords=\"767,245,754,228,738,210,729,188,744,187,767,211,785,228,782,244\" shape=\"poly\" href=\"#hoyo_7\" target=\"_blank\">\n<area class=\"hah_hoyo\" title=\"Hoyo 8\" alt=\"Hoyo 8\" coords=\"875,390,868,416,878,432,903,441,916,438,927,430,926,420,922,408,884,366\" shape=\"poly\" href=\"#hoyo_8\" target=\"_blank\">\n<area class=\"hah_hoyo\" title=\"Hoyo 9\" alt=\"Hoyo 9\" coords=\"945,527,966,554,999,582,1029,603,1056,607,1054,593,1006,553,980,530,951,501,940,507,941,518\" shape=\"poly\" href=\"#hoyo_9\" target=\"_blank\">\n<area class=\"hah_hoyo\" title=\"Hoyo 10\" alt=\"Hoyo 10\" coords=\"921,455,942,482,968,502,990,524,1006,526,1007,508,975,485,951,460,930,443,920,440\" shape=\"poly\" href=\"#hoyo_10\" target=\"_blank\">\n<area class=\"hah_hoyo\" title=\"Hoyo 11\" alt=\"Hoyo 11\" coords=\"822,463,785,494,761,523,748,538,762,555,784,544,806,533,836,505,850,480,862,454,857,437,834,444\" shape=\"poly\" href=\"#hoyo_11\" target=\"_blank\">\n<area class=\"hah_hoyo\" title=\"Hoyo 12\" alt=\"Hoyo 12\" coords=\"657,674,679,652,705,625,741,606,793,587,841,581,869,580,873,567,840,562,804,562,767,565,726,568,692,599,657,624,629,640,613,657,620,677,634,684\" shape=\"poly\" href=\"#hoyo_12\" target=\"_blank\">\n<area class=\"hah_hoyo\" title=\"Hoyo 13\" alt=\"Hoyo 13\" coords=\"761,696,771,711,798,712,821,724,848,736,871,752,884,765,903,765,910,752,898,732,875,727,828,704,799,693,771,681\" shape=\"poly\" href=\"#hoyo_13\" target=\"_blank\">\n<area class=\"hah_hoyo\" title=\"Hoyo 14\" alt=\"Hoyo 14\" coords=\"794,753,811,770,831,772,852,773,861,757,849,742,821,740,800,739,787,739\" shape=\"poly\" href=\"#hoyo_14\" target=\"_blank\">\n<area class=\"hah_hoyo\" title=\"Hoyo 15\" alt=\"Hoyo 15\" coords=\"594,823,572,848,565,863,546,886,535,907,544,918,560,921,568,911,580,898,605,862,628,845,650,823,675,815,699,791,732,782,717,770,684,770,653,774\" shape=\"poly\" href=\"#hoyo_15\" target=\"_blank\">\n<area class=\"hah_hoyo\" title=\"Hoyo 16\" alt=\"Hoyo 16\" coords=\"501,751,506,777,516,796,525,830,543,847,559,844,572,824,557,802,544,772,527,749,512,736,502,735\" shape=\"poly\" href=\"#hoyo_16\" target=\"_blank\">\n<area class=\"hah_hoyo\" title=\"Hoyo 17\" alt=\"Hoyo 17\" coords=\"491,667,471,676,464,684,468,698,481,720,493,723,512,721,527,709,529,695,516,682\" shape=\"poly\" href=\"#hoyo_17\" target=\"_blank\">\n<area class=\"hah_hoyo\" title=\"Hoyo 18\" alt=\"Hoyo 18\" coords=\"457,635,464,654,487,663,510,671,532,687,563,696,586,697,607,707,632,712,646,725,668,719,664,702,618,692,590,670,560,652,527,634,492,622,466,617\" shape=\"poly\" href=\"#hoyo_18\" target=\"_blank\"> <\/map>\n<\/div>\n<div id=\"hah_image_2\" class=\"hah_image\">\n<p><img decoding=\"async\" loading=\"lazy\" id=\"img_recorrido_rosa\" class=\"vc_single_image-img attachment-full\" title=\"Recorrido Rosa\" src=\"\/wp-content\/uploads\/2018\/06\/recorrido_rosa.jpg\" usemap=\"#map_recorrido_rosa\" width=\"1140\" height=\"975\"><\/p>\n<map id=\"map_recorrido_rosa\" name=\"map_recorrido_rosa\">\n<area class=\"hah_hoyo\" title=\"Hoyo 1\" alt=\"Hoyo 1\" coords=\"249,523,221,523,190,542,162,558,114,567,98,581,75,592,90,606,105,607,132,592,169,584,196,566,234,551,273,551,297,549,315,545,331,535,326,521\" shape=\"poly\" href=\"#hoyo_1\" target=\"_blank\">\n<area class=\"hah_hoyo\" title=\"Hoyo 2\" alt=\"Hoyo 2\" coords=\"177,587,162,596,164,606,185,607,211,600,228,589,259,584,287,581,308,575,325,566,317,553,281,560,212,572\" shape=\"poly\" href=\"#hoyo_2\" target=\"_blank\">\n<area class=\"hah_hoyo\" title=\"Hoyo 3\" alt=\"Hoyo 3\" coords=\"538,433,512,445,518,464,537,468,557,467,582,447,611,436,630,436,652,425,680,401,745,345,757,329,742,317,672,369,654,384,610,405,577,415\" shape=\"poly\" href=\"#hoyo_3\" target=\"_blank\">\n<area class=\"hah_hoyo\" title=\"Hoyo 4\" alt=\"Hoyo 4\" coords=\"602,131,578,131,573,140,594,157,611,166,634,169,654,174,668,183,683,197,696,221,708,225,710,210,694,187,679,170\" shape=\"poly\" href=\"#hoyo_4\" target=\"_blank\">\n<area class=\"hah_hoyo\" title=\"Hoyo 5\" alt=\"Hoyo 5\" coords=\"591,91,574,81,561,63,562,46,585,49,598,59,610,74,613,92\" shape=\"poly\" href=\"#hoyo_5\" target=\"_blank\">\n<area class=\"hah_hoyo\" title=\"Hoyo 6\" alt=\"Hoyo 6\" coords=\"662,88,682,105,700,113,722,134,736,149,753,171,772,196,790,214,809,225,826,225,815,195,784,163,763,137,743,104,710,78,687,56,660,54,651,66\" shape=\"poly\" href=\"#hoyo_6\" target=\"_blank\">\n<area class=\"hah_hoyo\" title=\"Hoyo 7\" alt=\"Hoyo 7\" coords=\"734,201,745,222,759,239,768,248,782,249,788,230,771,212,747,193,733,181\" shape=\"poly\" href=\"#hoyo_7\" target=\"_blank\">\n<area class=\"hah_hoyo\" title=\"Hoyo 8\" alt=\"Hoyo 8\" coords=\"606,474,612,489,636,483,659,463,682,445,704,441,727,423,744,397,752,369,737,367,645,443,622,453\" shape=\"poly\" href=\"#hoyo_8\" target=\"_blank\">\n<area class=\"hah_hoyo\" title=\"Hoyo 9\" alt=\"Hoyo 9\" coords=\"618,537,580,555,526,555,482,549,452,538,447,520,479,511,517,525,559,523,589,509,621,508,635,520\" shape=\"poly\" href=\"#hoyo_9\" target=\"_blank\"> <\/map>\n<\/div>\n<div id=\"hah_image_3\" class=\"hah_image\">\n<p><img decoding=\"async\" loading=\"lazy\" id=\"img_recorrido_verde\" class=\"vc_single_image-img attachment-full\" title=\"Recorrido Verde\" src=\"\/wp-content\/uploads\/2018\/06\/recorrido_verde.jpg\" usemap=\"#map_recorrido_verde\" width=\"1140\" height=\"975\"><\/p>\n<map id=\"map_recorrido_verde\" name=\"map_recorrido_verde\">\n<area class=\"hah_hoyo\" title=\"Hoyo 1\" alt=\"Hoyo 1\" coords=\"529,742,553,746,582,752,600,755,629,759,662,762,684,755,728,757,750,756,766,748,771,738,750,730,682,738,646,733,574,721,536,714,509,710,507,726\" shape=\"poly\" href=\"#hoyo_1\" target=\"_blank\">\n<area class=\"hah_hoyo\" title=\"Hoyo 2\" alt=\"Hoyo 2\" coords=\"698,718,681,705,673,687,688,678,716,678,729,686,737,698,723,713\" shape=\"poly\" href=\"#hoyo_2\" target=\"_blank\">\n<area class=\"hah_hoyo\" title=\"Hoyo 3\" alt=\"Hoyo 3\" coords=\"738,654,769,641,792,626,821,620,846,611,879,608,897,605,911,596,921,585,907,580,869,584,845,592,785,606,768,611,745,615,728,628,715,635,713,647,718,652\" shape=\"poly\" href=\"#hoyo_3\" target=\"_blank\">\n<area class=\"hah_hoyo\" title=\"Hoyo 4\" alt=\"Hoyo 4\" coords=\"889,516,889,531,902,538,917,533,918,508,910,492,907,477,890,466,879,466,874,488\" shape=\"poly\" href=\"#hoyo_4\" target=\"_blank\">\n<area class=\"hah_hoyo\" title=\"Hoyo 5\" alt=\"Hoyo 5\" coords=\"957,597,968,616,994,626,1014,634,1031,633,1047,625,1049,615,1029,610,992,599,974,589,961,587\" shape=\"poly\" href=\"#hoyo_5\" target=\"_blank\">\n<area class=\"hah_hoyo\" title=\"Hoyo 6\" alt=\"Hoyo 6\" coords=\"978,449,996,472,1014,494,1023,516,1040,540,1053,547,1064,530,1049,498,1029,472,1004,450,983,431,952,406,942,387,912,372,891,373,898,395\" shape=\"poly\" href=\"#hoyo_6\" target=\"_blank\">\n<area class=\"hah_hoyo\" title=\"Hoyo 7\" alt=\"Hoyo 7\" coords=\"807,282,795,296,795,316,810,318,819,302,835,284,850,274,868,276,881,290,886,304,901,320,914,315,905,291,887,262,870,247,853,239\" shape=\"poly\" href=\"#hoyo_7\" target=\"_blank\">\n<area class=\"hah_hoyo\" title=\"Hoyo 8\" alt=\"Hoyo 8\" coords=\"\" shape=\"poly\" href=\"#hoyo_8\" target=\"_blank\">\n<area class=\"hah_hoyo\" title=\"Hoyo 9\" alt=\"Hoyo 9\" coords=\"969,551,988,571,1002,586,1027,599,1045,601,1055,603,1051,587,1027,579,1008,556,985,538,970,518,953,504,940,504,944,527\" shape=\"poly\" href=\"#hoyo_9\" target=\"_blank\">\n<area class=\"hah_hoyo\" title=\"Hoyo 10\" alt=\"Hoyo 10\" coords=\"944,479,963,497,982,515,998,528,1012,521,1002,503,982,482,962,463,945,444,923,439,913,444,917,462\" shape=\"poly\" href=\"#hoyo_10\" target=\"_blank\">\n<area class=\"hah_hoyo\" title=\"Hoyo 11\" alt=\"Hoyo 11\" coords=\"753,560,778,552,792,541,817,524,832,506,852,490,863,457,858,441,838,440,821,461,795,488,771,504,750,526,745,543\" shape=\"poly\" href=\"#hoyo_11\" target=\"_blank\">\n<area class=\"hah_hoyo\" title=\"Hoyo 12\" alt=\"Hoyo 12\" coords=\"674,661,700,634,727,614,763,600,784,586,815,587,849,580,868,580,876,567,846,561,796,561,747,568,713,584,686,602,662,622,630,643,613,659,614,675,632,684,648,684\" shape=\"poly\" href=\"#hoyo_12\" target=\"_blank\">\n<area class=\"hah_hoyo\" title=\"Hoyo 13\" alt=\"Hoyo 13\" coords=\"847,732,861,746,884,761,898,774,913,760,913,742,885,729,851,717,827,704,797,692,767,685,758,696,773,710,797,716\" shape=\"poly\" href=\"#hoyo_13\" target=\"_blank\">\n<area class=\"hah_hoyo\" title=\"Hoyo 14\" alt=\"Hoyo 14\" coords=\"787,744,797,763,813,773,827,777,846,777,852,765,850,753,839,743,821,732,799,732\" shape=\"poly\" href=\"#hoyo_14\" target=\"_blank\">\n<area class=\"hah_hoyo\" title=\"Hoyo 15\" alt=\"Hoyo 15\" coords=\"580,840,557,869,546,888,529,916,553,927,564,927,577,904,592,870,612,856,630,834,652,821,689,807,717,790,731,781,718,774,686,773,649,777\" shape=\"poly\" href=\"#hoyo_15\" target=\"_blank\">\n<area class=\"hah_hoyo\" title=\"Hoyo 16\" alt=\"Hoyo 16\" coords=\"524,813,532,837,545,849,561,848,567,823,556,794,543,768,529,751,514,739,497,739\" shape=\"poly\" href=\"#hoyo_16\" target=\"_blank\">\n<area class=\"hah_hoyo\" title=\"Hoyo 17\" alt=\"Hoyo 17\" coords=\"481,674,469,689,469,698,475,711,483,719,492,730,505,731,507,720,518,704,517,692,513,682,499,677\" shape=\"poly\" href=\"#hoyo_17\" target=\"_blank\">\n<area class=\"hah_hoyo\" title=\"Hoyo 18\" alt=\"Hoyo 18\" coords=\"535,686,562,700,585,703,613,714,644,722,667,730,665,708,635,696,603,680,564,657,523,635,489,620,458,620,458,643,469,662\" shape=\"poly\" href=\"#hoyo_18\" target=\"_blank\"> <\/map>\n<\/div>\n<div id=\"hah_image_4\" class=\"hah_image\"><img decoding=\"async\" loading=\"lazy\" class=\"vc_single_image-img attachment-full\" title=\"Recorrido Sin recorrido\" src=\"\/wp-content\/uploads\/2018\/06\/recorrido_sinrecorrido.jpg\" width=\"1140\" height=\"975\"><\/div>\n<p>\n<script type='text\/javascript'>\n\tvar hoyos = '[]';\n<\/script>\n[\/vc_column_text][\/vc_column][\/vc_row][vc_row][vc_column][\/vc_column][\/vc_row]<\/p>","protected":false},"excerpt":{"rendered":"<p>[vc_row][vc_column][vc_column_text]El club ofereix recorreguts d&#8217;una bellesa espectacular. Prou variats per a no resultar mai avorrit, ningun detall \u00e9s anecd\u00f2tic en [&hellip;]<\/p>\n","protected":false},"author":3,"featured_media":0,"parent":0,"menu_order":0,"comment_status":"closed","ping_status":"closed","template":"","meta":{"ngg_post_thumbnail":0},"acf":[],"_links":{"self":[{"href":"https:\/\/rcgcerdanya.com\/ca\/wp-json\/wp\/v2\/pages\/3037"}],"collection":[{"href":"https:\/\/rcgcerdanya.com\/ca\/wp-json\/wp\/v2\/pages"}],"about":[{"href":"https:\/\/rcgcerdanya.com\/ca\/wp-json\/wp\/v2\/types\/page"}],"author":[{"embeddable":true,"href":"https:\/\/rcgcerdanya.com\/ca\/wp-json\/wp\/v2\/users\/3"}],"replies":[{"embeddable":true,"href":"https:\/\/rcgcerdanya.com\/ca\/wp-json\/wp\/v2\/comments?post=3037"}],"version-history":[{"count":65,"href":"https:\/\/rcgcerdanya.com\/ca\/wp-json\/wp\/v2\/pages\/3037\/revisions"}],"predecessor-version":[{"id":82104,"href":"https:\/\/rcgcerdanya.com\/ca\/wp-json\/wp\/v2\/pages\/3037\/revisions\/82104"}],"wp:attachment":[{"href":"https:\/\/rcgcerdanya.com\/ca\/wp-json\/wp\/v2\/media?parent=3037"}],"curies":[{"name":"wp","href":"https:\/\/api.w.org\/{rel}","templated":true}]}}