{"id":332,"date":"2016-05-11T09:31:01","date_gmt":"2016-05-11T09:31:01","guid":{"rendered":"http:\/\/rcgcerdanya.com\/?page_id=332"},"modified":"2026-04-04T18:15:54","modified_gmt":"2026-04-04T16:15:54","slug":"correspondencias","status":"publish","type":"page","link":"https:\/\/rcgcerdanya.com\/ca\/correspondencias\/","title":{"rendered":"Correspond\u00e8ncies"},"content":{"rendered":"<p>[vc_row][vc_column][vc_custom_heading text=&#8221;Els socis del R.C.G. de Cerdanya, poden aprofitar els seg\u00fcents acords de col\u00b7laboraci\u00f3:<\/p>\n<p>Per poder gaudir d&#8217;aquests, hauran de contactar amb la recepci\u00f3 del R.C.G. de Cerdanya on els informaran de les condicions de cada Club i realitzaran les gestions necess\u00e0ries per a la gesti\u00f3 de la correspond\u00e8ncia.&#8221; font_container=&#8221;tag:h3|font_size:20px|text_align:left&#8221; use_theme_fonts=&#8221;yes&#8221; css=&#8221;.vc_custom_1512379005510{margin-bottom: 30px !important;}&#8221;][\/vc_column][\/vc_row][vc_row][vc_column][vc_custom_heading text=&#8221;DE TEMPORADA&#8221; font_container=&#8221;tag:h2|text_align:center&#8221; use_theme_fonts=&#8221;yes&#8221;][\/vc_column][vc_column][vc_column_text]<\/p>\n<h3 class=\"titulo_centros\">CLUB DE GOLF COSTA BRAVA<\/h3>\n<p>[\/vc_column_text][\/vc_column][\/vc_row][vc_row][vc_column width=&#8221;1\/4&#8243;][vc_single_image image=&#8221;80922&#8243; alignment=&#8221;center&#8221;][\/vc_column][vc_column width=&#8221;3\/4&#8243;][vc_column_text]<\/p>\n<p id=\"tw-target-text\" class=\"tw-data-text tw-text-large tw-ta\" dir=\"ltr\" tabindex=\"-1\" role=\"text\" data-placeholder=\"Traducci\u00f3n\" data-ved=\"2ahUKEwi6uYei97-SAxXzfKQEHavmOX4Q3ewLegQIDBAW\" aria-label=\"Texto traducido: Correspond\u00e8ncia amb dret de joc de 10\u20ac els dies feiners i caps de setmana, els mesos de febrer, mar\u00e7 i abril excepte Setmana Santa; amb un l\u00edmit de 8 borses di\u00e0ries, i 2 visites setmanals per jugador. Els caps de setmana i ponts festius les sortides seran a partir de les 12:00 h. bossa de pals\"><span class=\"Y2IQFc\" lang=\"ca\">Correspond\u00e8ncia amb dret de joc de 10\u20ac els dies feiners i caps de setmana, els mesos de febrer, mar\u00e7 i abril excepte Setmana Santa; amb un l\u00edmit de 8 borses di\u00e0ries, i 2 visites setmanals per jugador. Els caps de setmana i ponts festius les sortides seran a partir de les 12:00 h.<\/span><\/p>\n<p>[\/vc_column_text][\/vc_column][\/vc_row][vc_row][vc_column][vc_column_text]<\/p>\n<h3 class=\"titulo_centros\">GOLF VALLROMANES<\/h3>\n<p>[\/vc_column_text][vc_row_inner][vc_column_inner width=&#8221;1\/4&#8243;][vc_single_image image=&#8221;2679&#8243; img_size=&#8221;270&#215;100&#8243; alignment=&#8221;center&#8221; css=&#8221;.vc_custom_1510409582602{background-color: #ffffff !important;}&#8221; el_class=&#8221;logo_correspondencia&#8221;][\/vc_column_inner][vc_column_inner width=&#8221;3\/4&#8243;][vc_column_text]<\/p>\n<p class=\"p1\">Correspond\u00e8ncia amb dret de joc de 15 \u20ac, els mesos d&#8217;octubre, novembre, desembre i gener, amb un total de 8 bosses, repartides de dilluns a divendres (excepte els dimarts), i 8 bosses repartides entre els dies del cap de setmana o pont festiu, amb un m\u00e0xim 2 visites setmanals per jugador.<br \/>\nLes bosses addicionals tindran un green fee de 40\u20ac per jugador els dies laborables i 50\u20ac els festius.<\/p>\n<p>(+34) 93 572 90 64&nbsp; |&nbsp;<a href=\"mailto:info@golfmontanya.com\">info@golfvallromanes.com<\/a>[\/vc_column_text][\/vc_column_inner][\/vc_row_inner][\/vc_column][\/vc_row][vc_row][vc_column][vc_column_text]<\/p>\n<h3 class=\"titulo_centros\">GOLF LLAVANERAS<\/h3>\n<p>[\/vc_column_text][vc_row_inner][vc_column_inner width=&#8221;1\/4&#8243;][vc_single_image image=&#8221;491&#8243; img_size=&#8221;270&#215;100&#8243; alignment=&#8221;center&#8221; css=&#8221;.vc_custom_1469527040224{background-color: #ffffff !important;}&#8221; el_class=&#8221;logo_correspondencia&#8221;][\/vc_column_inner][vc_column_inner width=&#8221;3\/4&#8243;][vc_column_text]<\/p>\n<p class=\"p1\">Correspond\u00e8ncia amb dret de joc de 15\u20ac els d\u00edes laborables i de 30\u20ac els caps de setmana i festius, els mesos de gener, febrer i mar\u00e7 excepte del Divendres Sant al Dilluns de Pasqua, ambd\u00f3s inclosos, i ponts festius; amb un l\u00edmit de 8 bosses di\u00e0ries, i 2 visites setmanals per jugador. Els caps de setmana les sortides seran a partir de les 12:00h.<\/p>\n<p>(+34) 93 792 60 50 |&nbsp;<a href=\"mailto:club@golfllavaneras.com\">club@golfllavaneras.com<\/a>[\/vc_column_text][\/vc_column_inner][\/vc_row_inner][vc_column_text]<\/p>\n<h3>CLUB DE GOLF TERRAMAR<\/h3>\n<p>[\/vc_column_text][\/vc_column][\/vc_row][vc_row][vc_column width=&#8221;1\/4&#8243;][vc_single_image image=&#8221;82458&#8243; alignment=&#8221;center&#8221;][\/vc_column][vc_column width=&#8221;3\/4&#8243;][vc_column_text]<\/p>\n<p id=\"tw-target-text\" class=\"tw-data-text tw-text-large tw-ta\" dir=\"ltr\" tabindex=\"-1\" role=\"text\" data-placeholder=\"Traducci\u00f3n\" data-ved=\"2ahUKEwi6uYei97-SAxXzfKQEHavmOX4Q3ewLegQIDBAW\" aria-label=\"Texto traducido: Aplicar la tarifa de CONVIDAT DE SOCI (45\u20ac) per als socis del RCGC a la sortida al camp de 18 forats del CGT, de dilluns a dijous NO festius (EXCEPTE Setmana Santa i Nadal), segons disponibilitat del club. S'aplicar\u00e0 a 4 borses per dia ia un m\u00e0xim de 6 cops l'any per jugador. La tarifa de la resta de serveis ser\u00e0 la marcada per cada Club pels jugadors visitants. Els socis beneficiaris de la correspond\u00e8ncia podran reservar el tee-time de sortida amb 48 hores de antelaci\u00f3 (2 dies) via telef\u00f2nica.\"><span class=\"Y2IQFc\" lang=\"ca\">Aplicar la tarifa de CONVIDAT DE SOCI (45\u20ac) per als socis del RCGC a la sortida al camp de 18 forats del CGT, de dilluns a dijous NO festius (EXCEPTE Setmana Santa i Nadal), segons disponibilitat del club. S&#8217;aplicar\u00e0 a 4 borses per dia i a un m\u00e0xim de 6 cops l&#8217;any per jugador. La tarifa de la resta de serveis ser\u00e0 la marcada per cada Club pels jugadors visitants. Els socis beneficiaris de la correspond\u00e8ncia podran reservar el tee-time de sortida amb 48 hores de antelaci\u00f3 (2 dies) via telef\u00f2nica.<\/span><\/p>\n<p>&nbsp;[\/vc_column_text][\/vc_column][vc_column][vc_column_text]<\/p>\n<h3>CLUB DE GOLF SANT CUGAT<\/h3>\n<p>[\/vc_column_text][vc_row_inner][vc_column_inner width=&#8221;1\/4&#8243;][vc_single_image image=&#8221;82483&#8243; alignment=&#8221;center&#8221;][\/vc_column_inner][vc_column_inner width=&#8221;3\/4&#8243;][vc_column_text]<\/p>\n<p id=\"tw-target-text\" class=\"tw-data-text tw-text-large tw-ta\" dir=\"ltr\" tabindex=\"-1\" role=\"text\" data-placeholder=\"Traducci\u00f3n\" data-ved=\"2ahUKEwibzbPTuMyTAxXWXUEAHez6JV0Q3ewLegQIDBAW\" aria-label=\"Texto traducido: Correspond\u00e8ncia anual excepte al mes d'agost, amb un Greenfee de 25\u20ac i un l\u00edmit de 8 bosses en dies laborables i de 35\u20ac i 4 bosses en dies festius, amb sortides a partir de les 12,00h. L\u00edmit de 8 visites anuals per jugador. Reserva de sortida telef\u00f2nica amb 48 hores d\u00b4antelaci\u00f3. Les competicions i altres serveis no entren dins de la correspond\u00e8ncia.\"><span class=\"Y2IQFc\" lang=\"ca\">Correspond\u00e8ncia anual excepte al mes d&#8217;agost, amb un Greenfee de 25\u20ac i un l\u00edmit de 8 bosses en dies laborables i de 35\u20ac i 4 bosses en dies festius, amb sortides a partir de les 12,00h. L\u00edmit de 8 visites anuals per jugador. Reserva de sortida telef\u00f2nica amb 48 hores d&#8217;antelaci\u00f3. Les competicions i altres serveis no entren dins de la correspond\u00e8ncia.<\/span><\/p>\n<p>[\/vc_column_text][\/vc_column_inner][\/vc_row_inner][\/vc_column][\/vc_row][vc_row][vc_column][vc_column_text]<\/p>\n<h3 class=\"titulo_centros\">CLUB DE GOLF BARCELONA<\/h3>\n<p>[\/vc_column_text][vc_row_inner][vc_column_inner width=&#8221;1\/4&#8243;][vc_single_image image=&#8221;4487&#8243; img_size=&#8221;270&#215;100&#8243; alignment=&#8221;center&#8221; css=&#8221;.vc_custom_1541158932732{background-color: #ffffff !important;}&#8221; el_class=&#8221;logo_correspondencia&#8221;][\/vc_column_inner][vc_column_inner width=&#8221;3\/4&#8243;][vc_column_text]Correspond\u00e8ncia de dilluns a divendres laborables amb dret de joc de 3\u20ac, els mesos de desembre, gener i febrer; amb un l\u00edmit de 8 bosses di\u00e0ries i 10 visites per jugador a l&#8217;any.<\/p>\n<p>(+34) 937 728 800 | &nbsp;<a class=\"blau bold\" href=\"mailto:info@golfdepals.com\">recepcio@golfdebarcelona.com<\/a>[\/vc_column_text][\/vc_column_inner][\/vc_row_inner][vc_column_text]<\/p>\n<p>&nbsp;<\/p>\n<h3 class=\"titulo_centros\">CLUB DE GOLF ULZAMA<\/h3>\n<p>[\/vc_column_text][vc_row_inner][vc_column_inner width=&#8221;1\/4&#8243;][vc_single_image image=&#8221;449&#8243; img_size=&#8221;270&#215;100&#8243; alignment=&#8221;center&#8221; css=&#8221;.vc_custom_1467364852351{background-color: #ffffff !important;}&#8221; el_class=&#8221;logo_correspondencia&#8221;][\/vc_column_inner][vc_column_inner width=&#8221;3\/4&#8243;][vc_column_text]<\/p>\n<p class=\"p1\">Correspond\u00e8ncia amb dret de joc de 10 \u20ac, excepte Setmana Santa, agost i ponts festius. El l\u00edmit s\u00f3n 6 bosses di\u00e0ries. Un mateix jugador no sobrepassar\u00e0 els 10 dies anuals.<\/p>\n<p>Contacte:&nbsp;<a href=\"mailto:laura@golfulzama.com\">laura@golfulzama.com<\/a>[\/vc_column_text][\/vc_column_inner][\/vc_row_inner][\/vc_column][\/vc_row][vc_row][vc_column][vc_column_text]<\/p>\n<h3 class=\"titulo_centros\">REAL CLUB DE GOLF DE LAS PALMAS<\/h3>\n<p>[\/vc_column_text][vc_row_inner][vc_column_inner width=&#8221;1\/4&#8243;][vc_single_image image=&#8221;463&#8243; img_size=&#8221;270&#215;100&#8243; alignment=&#8221;center&#8221; css=&#8221;.vc_custom_1467364860566{background-color: #ffffff !important;}&#8221; el_class=&#8221;logo_correspondencia&#8221;][\/vc_column_inner][vc_column_inner width=&#8221;3\/4&#8243;][vc_column_text]<\/p>\n<p class=\"p1\">Correspond\u00e8ncia amb dret de joc de 8 \u20ac de dilluns a divendres.<\/p>\n<p><span style=\"line-height: 1.5;\">(+34) 928 35 01 04 |&nbsp;<\/span><a class=\"LK-10PT\" style=\"line-height: 1.5;\" href=\"mailto:rcglp@realclubdegolfdelaspalmas.com\">rcglp@realclubdegolfdelaspalmas.com<\/a>[\/vc_column_text][\/vc_column_inner][\/vc_row_inner][\/vc_column][\/vc_row][vc_row][vc_column][vc_column_text]<\/p>\n<h3 class=\"titulo_centros\">REAL CLUB PINEDA DE SEVILLA<\/h3>\n<p>[\/vc_column_text][vc_row_inner][vc_column_inner width=&#8221;1\/4&#8243;][vc_single_image image=&#8221;455&#8243; img_size=&#8221;270&#215;100&#8243; alignment=&#8221;center&#8221; css=&#8221;.vc_custom_1467364866449{background-color: #ffffff !important;}&#8221; el_class=&#8221;logo_correspondencia&#8221;][\/vc_column_inner][vc_column_inner width=&#8221;3\/4&#8243;][vc_column_text]<\/p>\n<p class=\"p1\">Els socis d&#8217;ambdues entitats podran utilitzar les instal\u00b7lacions del Club, durant vint dies a l&#8217;any, en id\u00e8ntiques condicions que els socis titulars.<\/p>\n<p>Contacte: (+34) 95 412 43 01[\/vc_column_text][\/vc_column_inner][\/vc_row_inner][\/vc_column][\/vc_row][vc_row][vc_column][vc_column_text]<\/p>\n<h3 class=\"titulo_centros\">REAL GOLF DE PEDRE\u00d1A<\/h3>\n<p>[\/vc_column_text][vc_row_inner][vc_column_inner width=&#8221;1\/4&#8243;][vc_single_image image=&#8221;450&#8243; img_size=&#8221;270&#215;100&#8243; alignment=&#8221;center&#8221; css=&#8221;.vc_custom_1467364872526{background-color: #ffffff !important;}&#8221; el_class=&#8221;logo_correspondencia&#8221;][\/vc_column_inner][vc_column_inner width=&#8221;3\/4&#8243;][vc_column_text]<\/p>\n<p class=\"p1\">Correspond\u00e8ncia amb dret de joc de 8 \u20ac, excepte la setmana de Pasqua, l&#8217;agost, Nadal i ponts festius, no sobrepassant un mateix jugador els 10 dies anuals, amb un l\u00edmit de 8 bosses di\u00e0ries.<\/p>\n<p>(+34) 94 250 00 01 |&nbsp;<a href=\"mailto:info@rgpedrena.es\">info@rgpedrena.es<\/a>[\/vc_column_text][\/vc_column_inner][\/vc_row_inner][\/vc_column][\/vc_row][vc_row][vc_column][vc_column_text]<\/p>\n<h3 class=\"titulo_centros\">REAL SOCIEDAD DE GOLF DE NEGURI<\/h3>\n<p>[\/vc_column_text][vc_row_inner][vc_column_inner width=&#8221;1\/4&#8243;][vc_single_image image=&#8221;490&#8243; img_size=&#8221;270&#215;100&#8243; alignment=&#8221;center&#8221; css=&#8221;.vc_custom_1467364880505{background-color: #ffffff !important;}&#8221; el_class=&#8221;logo_correspondencia&#8221;][\/vc_column_inner][vc_column_inner width=&#8221;3\/4&#8243;][vc_column_text]<\/p>\n<p class=\"p1\">Correspond\u00e8ncia amb dret de joc de 12\u20ac, amb els mateixos drets i obligacions que els seus socis, no sobrepassant un mateix jugador els 20 dies anuals, amb un l\u00edmit de 8 bosses di\u00e0ries.<\/p>\n<p><span style=\"line-height: 1.5;\">(+34) 944 910 200 |&nbsp;<\/span><a style=\"line-height: 1.5;\" href=\"mailto:rsgn@rsgolfneguri.com\">rsgn@rsgolfneguri.com<\/a>[\/vc_column_text][\/vc_column_inner][\/vc_row_inner][\/vc_column][\/vc_row][vc_row][vc_column][vc_column_text]<\/p>\n<h3 class=\"titulo_centros\">REAL CLUB DE LA PUERTA DE HIERRO<\/h3>\n<p>[\/vc_column_text][vc_row_inner][vc_column_inner width=&#8221;1\/4&#8243;][vc_single_image image=&#8221;5307&#8243; img_size=&#8221;150&#8243; alignment=&#8221;center&#8221; css=&#8221;.vc_custom_1569945553226{background-color: #ffffff !important;}&#8221; el_class=&#8221;logo_correspondencia&#8221;][\/vc_column_inner][vc_column_inner width=&#8221;3\/4&#8243;][vc_column_text]Podran sol\u00b7licitar correspond\u00e8ncia els majors de 18 anys. Se aplicaran 4 bosses di\u00e0ries amb un m\u00e0xim de 8 vegades anuals per jugador, limitant-se a 4 si es realitzant el cap de setmana o festius. El cap de &nbsp;setmana comen\u00e7a el divendres a les 12 del migdia.<\/p>\n<p><span style=\"line-height: 1.5;\">(+34) 91 316 17 45 | <a title=\"mail\" href=\"mailto:lmalonso@rcphierro.com\" target=\"_blank\" rel=\"noopener\">lmalonso@rcphierro.com<\/a><\/span>[\/vc_column_text][\/vc_column_inner][\/vc_row_inner][\/vc_column][\/vc_row][vc_row][vc_column][vc_column_text]<\/p>\n<h3 class=\"titulo_centros\">REAL CLUB DE GOLF SOTOGRANDE<\/h3>\n<p>[\/vc_column_text][vc_row_inner][vc_column_inner width=&#8221;1\/4&#8243;][vc_single_image image=&#8221;5308&#8243; img_size=&#8221;160&#8243; alignment=&#8221;center&#8221; css=&#8221;.vc_custom_1569945735144{background-color: #ffffff !important;}&#8221; el_class=&#8221;logo_correspondencia&#8221;][\/vc_column_inner][vc_column_inner width=&#8221;3\/4&#8243;][vc_column_text]<\/p>\n<p class=\"p1\">Correspond\u00e8ncia amb Greenfee de convidat de soci, excepte festius, ponts festius i temporada alta segons club anfitri\u00f3. No sobrepassant un mateix jugador els 10 dies anuals, amb un l\u00edmit de 8 bosses di\u00e0ries.<\/p>\n<p><span style=\"line-height: 1.5;\">(+34)&nbsp; 956 78 50 14 | <a href=\"mailto:info@golfsotogrande.com\">info@golfsotogrande.com<\/a><\/span>[\/vc_column_text][\/vc_column_inner][vc_column_inner][vc_column_text]<\/p>\n<h3 class=\"titulo_centros\">REAL CLUB LA MORALEJA<\/h3>\n<p>[\/vc_column_text][\/vc_column_inner][\/vc_row_inner][\/vc_column][\/vc_row][vc_row][vc_column width=&#8221;1\/4&#8243;][vc_single_image image=&#8221;81602&#8243; alignment=&#8221;center&#8221;][\/vc_column][vc_column width=&#8221;3\/4&#8243;][vc_column_text]De dilluns a divendres excepte festius, en els camps de 18 forats C1 y C2, amb dret de joc de 10\u20ac.<\/p>\n<p>8 bosses di\u00e0ries, amb un m\u00e0xim de 20 vegades a l&#8217;any, amb excepci\u00f3 dels residents en la Comunidat de Madrid, que son m\u00e0xim 5 vegades l&#8217;any.[\/vc_column_text][\/vc_column][vc_column][vc_column_text]<\/p>\n<h3 class=\"titulo_centros\">CLUB DE GOLF EL BOSQUE<\/h3>\n<p>[\/vc_column_text][vc_row_inner][vc_column_inner width=&#8221;1\/4&#8243;][vc_single_image image=&#8221;81493&#8243; alignment=&#8221;center&#8221;][\/vc_column_inner][vc_column_inner width=&#8221;3\/4&#8243;][vc_column_text]Tarifa de greenfee de 20\u20ac de dilluns a diumenge. 4 bosses di\u00e0ries amb un m\u00e0xim de 8 vegades l&#8217;any per jugador.<\/p>\n<p>(+34) 96 180 80 09<\/p>\n<p>golf.office@elbosquegolf.com[\/vc_column_text][\/vc_column_inner][\/vc_row_inner][vc_column_text]<\/p>\n<h3 class=\"titulo_centros\">REAL CLUB SEVILLA GOLF<\/h3>\n<p>[\/vc_column_text][vc_row_inner][vc_column_inner width=&#8221;1\/4&#8243;][vc_single_image image=&#8221;81724&#8243; alignment=&#8221;center&#8221;][\/vc_column_inner][vc_column_inner width=&#8221;3\/4&#8243;][vc_column_text]De dilluns a divendres excepte festius, amb dret de joc de 25\u20ac.<\/p>\n<p>8 bosses di\u00e0ries, amb un m\u00e0xim de 10 vegades l&#8217;any per jugador.<\/p>\n<p>Handicap m\u00e0xim 28 per homes i 36 per dones i seniors<\/p>\n<p>Tel\u00e8fon <strong>954 12 43 01<\/strong><\/p>\n<p>tienda@sevillagolf.com<\/p>\n<p>&nbsp;[\/vc_column_text][\/vc_column_inner][\/vc_row_inner][vc_column_text]<\/p>\n<h3 class=\"titulo_centros\">RACE<\/h3>\n<p>[\/vc_column_text][vc_row_inner][vc_column_inner width=&#8221;1\/4&#8243;][vc_single_image image=&#8221;81723&#8243; alignment=&#8221;center&#8221;][\/vc_column_inner][vc_column_inner width=&#8221;3\/4&#8243;][vc_column_text]De dilluns a dijous excepte festius, amb dret de joc de 10\u20ac.<\/p>\n<p>4 bosses di\u00e0ries, amb un m\u00e0xim de 4 vegades l&#8217;any per jugador.<\/p>\n<p>Tel\u00e9fono&nbsp; <a href=\"tel:+916570011\">91 657 00 11<\/a>[\/vc_column_text][\/vc_column_inner][vc_column_inner][vc_column_text]<\/p>\n<h3 class=\"titulo_centros\">REAL CLUB DE GOLF DE LA CORU\u00d1A<\/h3>\n<p>[\/vc_column_text][\/vc_column_inner][\/vc_row_inner][\/vc_column][\/vc_row][vc_row][vc_column width=&#8221;1\/4&#8243;][vc_single_image image=&#8221;82413&#8243; alignment=&#8221;center&#8221;][\/vc_column][vc_column width=&#8221;3\/4&#8243;][vc_column_text]<\/p>\n<p id=\"tw-target-text\" class=\"tw-data-text tw-text-large tw-ta\" dir=\"ltr\" tabindex=\"-1\" role=\"text\" data-placeholder=\"Traducci\u00f3n\" data-ved=\"2ahUKEwil8NrK74qSAxXwQ0EAHRSFAAwQ3ewLegQIDBAW\" aria-label=\"Texto traducido: Tarifa de 7\u20ac a la sortida al camp de 18 forats, qualsevol dia de la setmana, segons disponibilitat del Club. 8 bosses per dia ia un m\u00e0xim de 10 cops l'any per jugador.&nbsp; Queden exclosos de l\u00b4acord els per\u00edodes de Nadal, Setmana Santa, Agost i ponts festius. La correspond\u00e8ncia queda limitada \u00fanicament als socis no residents a la zona. La tarifa de la resta de serveis ser\u00e0 la marcada pel Club pels jugadors visitants.\"><span class=\"Y2IQFc\" lang=\"ca\">Tarifa de 7\u20ac a la sortida al camp de 18 forats, qualsevol dia de la setmana, segons disponibilitat del Club. 8 bosses per dia i un m\u00e0xim de 10 cops l&#8217;any per jugador.&nbsp; Queden exclosos de l\u00b4acord els per\u00edodes de Nadal, Setmana Santa, Agost i ponts festius. La correspond\u00e8ncia queda limitada \u00fanicament als socis no residents a la zona. La tarifa de la resta de serveis ser\u00e0 la marcada pel Club pels jugadors visitants.<\/span><\/p>\n<p>[\/vc_column_text][\/vc_column][\/vc_row][vc_row][vc_column][vc_separator][\/vc_column][\/vc_row][vc_row][vc_column][vc_column_text]<\/p>\n<h3 class=\"titulo_centros\">ALTA GRACIA GOLF CLUB (ARGENTINA)<\/h3>\n<p>[\/vc_column_text][vc_row_inner][vc_column_inner width=&#8221;1\/4&#8243;][vc_single_image image=&#8221;457&#8243; img_size=&#8221;270&#215;100&#8243; alignment=&#8221;center&#8221; css=&#8221;.vc_custom_1469527006249{background-color: #ffffff !important;}&#8221; el_class=&#8221;logo_correspondencia&#8221;][\/vc_column_inner][vc_column_inner width=&#8221;3\/4&#8243;][vc_column_text]<\/p>\n<p class=\"p1\">Correspond\u00e8ncia amb dret de joc a igualtat de cost que els socis del club, no sobrepassant un mateix jugador els 20 dies anuals.<\/p>\n<p>Contacte: <a href=\"mailto:ag.golfclub@gmail.com\">ag.golfclub@gmail.com <\/a>[\/vc_column_text][\/vc_column_inner][\/vc_row_inner][\/vc_column][\/vc_row][vc_row][vc_column][vc_column_text]<\/p>\n<h3 class=\"titulo_centros\">SAN ISIDRO GOLF CLUB (ARGENTINA)<\/h3>\n<p>[\/vc_column_text][vc_row_inner][vc_column_inner width=&#8221;1\/4&#8243;][vc_single_image image=&#8221;464&#8243; img_size=&#8221;270&#215;100&#8243; alignment=&#8221;center&#8221; css=&#8221;.vc_custom_1469527030135{background-color: #ffffff !important;}&#8221; el_class=&#8221;logo_correspondencia&#8221;][\/vc_column_inner][vc_column_inner width=&#8221;3\/4&#8243;][vc_column_text]<\/p>\n<p class=\"p1\">Correspond\u00e8ncia gratu\u00efta excepte Setmana Santa, gener i els ponts festius, no sobrepassant un mateix jugador els 15 dies anuals.<\/p>\n<p><span style=\"line-height: 1.5;\">Contacte: (5411) 4766-6625\/0750<\/span>[\/vc_column_text][\/vc_column_inner][\/vc_row_inner][\/vc_column][\/vc_row][vc_row][vc_column][vc_custom_heading text=&#8221;OFERTES\/PROMOCIONS&#8221; font_container=&#8221;tag:h2|text_align:center&#8221; use_theme_fonts=&#8221;yes&#8221;][\/vc_column][vc_column][\/vc_column][\/vc_row][vc_row][vc_column][vc_separator][vc_column_text]<\/p>\n<h3 class=\"titulo_centros\">CLUB DE GOLF BARCELONA<\/h3>\n<p>[\/vc_column_text][vc_row_inner][vc_column_inner width=&#8221;1\/4&#8243;][vc_single_image image=&#8221;4487&#8243; img_size=&#8221;270&#215;100&#8243; alignment=&#8221;center&#8221; css=&#8221;.vc_custom_1541158932732{background-color: #ffffff !important;}&#8221; el_class=&#8221;logo_correspondencia&#8221;][\/vc_column_inner][vc_column_inner width=&#8221;3\/4&#8243;][vc_column_text]Pr\u00e8via presentaci\u00f3 del carnet de soci, de dilluns a divendres laborables, excepte Setmana Santa i el mes d&#8217;agost,&nbsp; tindran una tarifa especial de 20\u20ac per jugador\/ronda de 18 o 9 forats, amb un m\u00e0xim de 8 bosses al dia i 10 vegades per jugador a l&#8217;any.<\/p>\n<p>(+34) 937 728 800 | &nbsp;<a class=\"blau bold\" href=\"mailto:info@golfdepals.com\">recepcio@golfdebarcelona.com<\/a>[\/vc_column_text][\/vc_column_inner][\/vc_row_inner][\/vc_column][\/vc_row]<\/p>","protected":false},"excerpt":{"rendered":"<p>[vc_row][vc_column][vc_custom_heading text=&#8221;Els socis del R.C.G. de Cerdanya, poden aprofitar els seg\u00fcents acords de col\u00b7laboraci\u00f3: Per poder gaudir d&#8217;aquests, hauran de [&hellip;]<\/p>\n","protected":false},"author":3,"featured_media":0,"parent":0,"menu_order":0,"comment_status":"closed","ping_status":"closed","template":"","meta":{"ngg_post_thumbnail":0},"acf":[],"_links":{"self":[{"href":"https:\/\/rcgcerdanya.com\/ca\/wp-json\/wp\/v2\/pages\/332"}],"collection":[{"href":"https:\/\/rcgcerdanya.com\/ca\/wp-json\/wp\/v2\/pages"}],"about":[{"href":"https:\/\/rcgcerdanya.com\/ca\/wp-json\/wp\/v2\/types\/page"}],"author":[{"embeddable":true,"href":"https:\/\/rcgcerdanya.com\/ca\/wp-json\/wp\/v2\/users\/3"}],"replies":[{"embeddable":true,"href":"https:\/\/rcgcerdanya.com\/ca\/wp-json\/wp\/v2\/comments?post=332"}],"version-history":[{"count":299,"href":"https:\/\/rcgcerdanya.com\/ca\/wp-json\/wp\/v2\/pages\/332\/revisions"}],"predecessor-version":[{"id":82491,"href":"https:\/\/rcgcerdanya.com\/ca\/wp-json\/wp\/v2\/pages\/332\/revisions\/82491"}],"wp:attachment":[{"href":"https:\/\/rcgcerdanya.com\/ca\/wp-json\/wp\/v2\/media?parent=332"}],"curies":[{"name":"wp","href":"https:\/\/api.w.org\/{rel}","templated":true}]}}