{"id":821,"date":"2016-06-02T11:04:31","date_gmt":"2016-06-02T11:04:31","guid":{"rendered":"http:\/\/rcgcerdanya.com\/?page_id=821"},"modified":"2019-05-25T17:55:52","modified_gmt":"2019-05-25T15:55:52","slug":"historia","status":"publish","type":"page","link":"https:\/\/rcgcerdanya.com\/ca\/historia\/","title":{"rendered":"Hist\u00f2ria"},"content":{"rendered":"<p>[vc_row][vc_column][vc_column_text]<! ========= Cool Timeline Free 2.7 =========><div class=\"cool_timeline cool-timeline-wrapper both-sided-wrapper white-timeline-wrapper default-skin-tm\"><h1 class=\"timeline-main-title center-block\">UN GRAN CLUB, AMB UNA GRAN HIST\u00d2RIA<\/h1><div class=\"cool-timeline white-timeline ultimate-style both-sided-wrapper default-layout \"><div data-animations=\"fade-up\"  id=\"ctl-free-one\" class=\"cooltimeline_cont  clearfix icons_no\"><div  data-aos=\"fade-up\"  class=\"timeline-year scrollable-section\"\r\n\t\t\t\t\t\t\t\tdata-section-title=\"1929\" id=\"clt-1929\">\r\n\t\t\t\t\t\t\t\t<div class=\"icon-placeholder\"><span class=\"ctl-timeline-date\">1929<\/span><\/div>\r\n\t\t\t\t\t\t\t\t<div class=\"timeline-bar\"><\/div>\r\n\t\t\t\t\t\t\t\t<\/div><!-- .timeline-post-start--><div  class=\"timeline-post even light-grey-post icons_no  default-skin\"  id=\"story-832\"><div  data-aos=\"fade-up\" class=\"timeline-meta\"><\/div><div  data-aos=\"fade-up\" class=\"timeline-icon icon-dot-full\"><div class=\"timeline-bar\"><\/div><\/div><div  data-aos=\"fade-up\" class=\"timeline-content clearfix\"><h2 class=\"content-title\">NEIX EL PRIMER CLUB DE GOLF DE LA PROV\u00cdNCIA DE GIRONA<\/h2><div class=\"ctl_info event-description full\"><div class=\"full-width\"><a data-glightbox=\"NEIX EL PRIMER CLUB DE GOLF DE LA PROV\u00cdNCIA DE GIRONA\" href=\"https:\/\/rcgcerdanya.com\/wp-content\/uploads\/2016\/06\/2.jpg\" class=\"glightbox\"><img width=\"700\" height=\"450\" src=\"https:\/\/rcgcerdanya.com\/wp-content\/uploads\/2016\/06\/2.jpg\" class=\"story-img wp-post-image\" alt=\"NEIX EL PRIMER CLUB DE GOLF DE LA PROV\u00cdNCIA DE GIRONA\" decoding=\"async\" loading=\"lazy\" srcset=\"https:\/\/rcgcerdanya.com\/wp-content\/uploads\/2016\/06\/2.jpg 700w, https:\/\/rcgcerdanya.com\/wp-content\/uploads\/2016\/06\/2-300x193.jpg 300w\" sizes=\"(max-width: 700px) 100vw, 700px\" \/><\/a><\/div><div class=\"content-details\"><p style=\"text-align: justify;\">L&#8217;any 1929 va ser un d&#8217;aquells anys m\u00edtics en la hist\u00f2ria contempor\u00e0nia de Catalunya. Any de l&#8217;Exposici\u00f3 Universal, d&#8217;un gran salt qualitatiu en molts estaments i situacions de la nostra societat. I tamb\u00e9 va ser l&#8217;any del naixement d&#8217;un dels clubs amb m\u00e9s solera a Catalunya: el Reial Club de Golf de Cerdanya, primer de la prov\u00edncia de Girona. La seva denominaci\u00f3 d&#8217;Real prov\u00e9 de la pres\u00e8ncia a la inauguraci\u00f3 de S.M. el Rei Alfons XIII. Curiosament, el seu n\u00e9t, l&#8217;actual Rei Em\u00e8rit Joan Carles I, va aterrar en un helic\u00f2pter a les instal\u00b7lacions del club, el 1982, exactament al forat 18, quedant captiu de l&#8217;entorn li va comentar al llavors president de la Federaci\u00f3 Espanyola de Golf, Luis Figueras- Dotti: &#8220;Per qu\u00e8 no m&#8217;havien dit que hi havia un golf tan bonic a Puigcerd\u00e0?&#8221;.<\/p>\n<\/div><\/div><\/div><!-- timeline content --><\/div><!-- .timeline-post-end --><div  data-aos=\"fade-up\"  class=\"timeline-year scrollable-section\"\r\n\t\t\t\t\t\t\t\tdata-section-title=\"1935\" id=\"clt-1935\">\r\n\t\t\t\t\t\t\t\t<div class=\"icon-placeholder\"><span class=\"ctl-timeline-date\">1935<\/span><\/div>\r\n\t\t\t\t\t\t\t\t<div class=\"timeline-bar\"><\/div>\r\n\t\t\t\t\t\t\t\t<\/div><!-- .timeline-post-start--><div  class=\"timeline-post odd light-grey-post icons_no  default-skin\"  id=\"story-836\"><div  data-aos=\"fade-up\" class=\"timeline-meta\"><\/div><div  data-aos=\"fade-up\" class=\"timeline-icon icon-dot-full\"><div class=\"timeline-bar\"><\/div><\/div><div  data-aos=\"fade-up\" class=\"timeline-content clearfix\"><h2 class=\"content-title\">LES VISTES M\u00c9S BONIQUES DE LA VALL DE LA CERDANYA<\/h2><div class=\"ctl_info event-description \"><div class=\"full-width\"><a data-glightbox=\"LES VISTES M\u00c9S BONIQUES DE LA VALL DE LA CERDANYA\" href=\"https:\/\/rcgcerdanya.com\/wp-content\/uploads\/2016\/06\/5.jpg\" class=\"glightbox\"><img width=\"700\" height=\"450\" src=\"https:\/\/rcgcerdanya.com\/wp-content\/uploads\/2016\/06\/5.jpg\" class=\"story-img wp-post-image\" alt=\"LES VISTES M\u00c9S BONIQUES DE LA VALL DE LA CERDANYA\" decoding=\"async\" loading=\"lazy\" srcset=\"https:\/\/rcgcerdanya.com\/wp-content\/uploads\/2016\/06\/5.jpg 700w, https:\/\/rcgcerdanya.com\/wp-content\/uploads\/2016\/06\/5-300x193.jpg 300w\" sizes=\"(max-width: 700px) 100vw, 700px\" \/><\/a><\/div><div class=\"content-details\"><p style=\"text-align: justify;\">En els seus inicis, el camp de car\u00e0cter privat, va estar situat en uns terrenys propietat del senyor Felip Bertran i G\u00fcell, comptant amb nou forats curts i gaudint d&#8217;una de les vistes m\u00e9s boniques de la vall de la Cerdanya. Per aquells anys no hi havia m\u00e9s que unes poques fam\u00edlies estiuejants a Puigcerd\u00e0, com els Bertran i Serra, Andreu, Mata, Fabra, Daurella, Olano, etc.<\/p>\n<\/div><\/div><\/div><!-- timeline content --><\/div><!-- .timeline-post-end --><div  data-aos=\"fade-up\"  class=\"timeline-year scrollable-section\"\r\n\t\t\t\t\t\t\t\tdata-section-title=\"1942\" id=\"clt-1942\">\r\n\t\t\t\t\t\t\t\t<div class=\"icon-placeholder\"><span class=\"ctl-timeline-date\">1942<\/span><\/div>\r\n\t\t\t\t\t\t\t\t<div class=\"timeline-bar\"><\/div>\r\n\t\t\t\t\t\t\t\t<\/div><!-- .timeline-post-start--><div  class=\"timeline-post even light-grey-post icons_no  default-skin\"  id=\"story-837\"><div  data-aos=\"fade-up\" class=\"timeline-meta\"><\/div><div  data-aos=\"fade-up\" class=\"timeline-icon icon-dot-full\"><div class=\"timeline-bar\"><\/div><\/div><div  data-aos=\"fade-up\" class=\"timeline-content clearfix\"><h2 class=\"content-title\">EL CAMP ES TRASLLADA<\/h2><div class=\"ctl_info event-description \"><div class=\"full-width\"><a data-glightbox=\"EL CAMP ES TRASLLADA\" href=\"https:\/\/rcgcerdanya.com\/wp-content\/uploads\/2016\/06\/3.jpg\" class=\"glightbox\"><img width=\"700\" height=\"450\" src=\"https:\/\/rcgcerdanya.com\/wp-content\/uploads\/2016\/06\/3.jpg\" class=\"story-img wp-post-image\" alt=\"campo golf cerdanya\" decoding=\"async\" loading=\"lazy\" srcset=\"https:\/\/rcgcerdanya.com\/wp-content\/uploads\/2016\/06\/3.jpg 700w, https:\/\/rcgcerdanya.com\/wp-content\/uploads\/2016\/06\/3-300x193.jpg 300w\" sizes=\"(max-width: 700px) 100vw, 700px\" \/><\/a><\/div><div class=\"content-details\"><p style=\"text-align: justify;\">El camp, el 1942, es va traslladar a uns terrenys propers, propietat de Don Jos\u00e9 Andreu i sota la presid\u00e8ncia del mateix. Sota la direcci\u00f3 t\u00e8cnica de Don Javier Arana es van inaugurar els primers nou forats que van augmentar en una primera fase a dotze i finalment el 1948 es van constituir els divuit actuals.<\/p>\n<\/div><\/div><\/div><!-- timeline content --><\/div><!-- .timeline-post-end --><div  data-aos=\"fade-up\"  class=\"timeline-year scrollable-section\"\r\n\t\t\t\t\t\t\t\tdata-section-title=\"1950\" id=\"clt-1950\">\r\n\t\t\t\t\t\t\t\t<div class=\"icon-placeholder\"><span class=\"ctl-timeline-date\">1950<\/span><\/div>\r\n\t\t\t\t\t\t\t\t<div class=\"timeline-bar\"><\/div>\r\n\t\t\t\t\t\t\t\t<\/div><!-- .timeline-post-start--><div  class=\"timeline-post odd light-grey-post icons_no  default-skin\"  id=\"story-838\"><div  data-aos=\"fade-up\" class=\"timeline-meta\"><\/div><div  data-aos=\"fade-up\" class=\"timeline-icon icon-dot-full\"><div class=\"timeline-bar\"><\/div><\/div><div  data-aos=\"fade-up\" class=\"timeline-content clearfix\"><h2 class=\"content-title\">TORNEJOS INTERNACIONALS<\/h2><div class=\"ctl_info event-description \"><div class=\"full-width\"><a data-glightbox=\"TORNEJOS INTERNACIONALS\" href=\"https:\/\/rcgcerdanya.com\/wp-content\/uploads\/2016\/06\/1.jpg\" class=\"glightbox\"><img width=\"700\" height=\"450\" src=\"https:\/\/rcgcerdanya.com\/wp-content\/uploads\/2016\/06\/1.jpg\" class=\"story-img wp-post-image\" alt=\"TORNEJOS INTERNACIONALS\" decoding=\"async\" loading=\"lazy\" srcset=\"https:\/\/rcgcerdanya.com\/wp-content\/uploads\/2016\/06\/1.jpg 700w, https:\/\/rcgcerdanya.com\/wp-content\/uploads\/2016\/06\/1-300x193.jpg 300w\" sizes=\"(max-width: 700px) 100vw, 700px\" \/><\/a><\/div><div class=\"content-details\"><p style=\"text-align: justify;\">A partir de llavors va comen\u00e7ar a ser un club, encara\u00a0privat, amb molta activitat sobretot en temporada estival. Es van organitzar tornejos a nivell internacional, com l&#8217;Open d&#8217;Espanya en 1950 o el Match Espanya-Anglaterra en 1955. L&#8217;any 1951 el Real Club de Golf de Cerda\u00f1a va comptar amb la il\u00b7lustre visita d&#8217;Humberto II de Savoia. M\u00e9s endavant, el club ha estat visitat per molts altres personatges famosos de diverses branques socials, que han catalogat al camp i el seu entorn com un dels m\u00e9s bells del nostre pa\u00eds.<\/p>\n<\/div><\/div><\/div><!-- timeline content --><\/div><!-- .timeline-post-end --><div  data-aos=\"fade-up\"  class=\"timeline-year scrollable-section\"\r\n\t\t\t\t\t\t\t\tdata-section-title=\"1963\" id=\"clt-1963\">\r\n\t\t\t\t\t\t\t\t<div class=\"icon-placeholder\"><span class=\"ctl-timeline-date\">1963<\/span><\/div>\r\n\t\t\t\t\t\t\t\t<div class=\"timeline-bar\"><\/div>\r\n\t\t\t\t\t\t\t\t<\/div><!-- .timeline-post-start--><div  class=\"timeline-post even light-grey-post icons_no  default-skin\"  id=\"story-839\"><div  data-aos=\"fade-up\" class=\"timeline-meta\"><\/div><div  data-aos=\"fade-up\" class=\"timeline-icon icon-dot-full\"><div class=\"timeline-bar\"><\/div><\/div><div  data-aos=\"fade-up\" class=\"timeline-content clearfix\"><h2 class=\"content-title\">EL CLUB PASSA A SER SOCIAL<\/h2><div class=\"ctl_info event-description \"><div class=\"full-width\"><a data-glightbox=\"EL CLUB PASSA A SER SOCIAL\" href=\"https:\/\/rcgcerdanya.com\/wp-content\/uploads\/2016\/06\/7.jpg\" class=\"glightbox\"><img width=\"700\" height=\"450\" src=\"https:\/\/rcgcerdanya.com\/wp-content\/uploads\/2016\/06\/7.jpg\" class=\"story-img wp-post-image\" alt=\"EL CLUB PASSA A SER SOCIAL\" decoding=\"async\" loading=\"lazy\" srcset=\"https:\/\/rcgcerdanya.com\/wp-content\/uploads\/2016\/06\/7.jpg 700w, https:\/\/rcgcerdanya.com\/wp-content\/uploads\/2016\/06\/7-300x193.jpg 300w\" sizes=\"(max-width: 700px) 100vw, 700px\" \/><\/a><\/div><div class=\"content-details\"><p style=\"text-align: justify;\">Don Jos\u00e9 Vil\u00e1 Marsans va presidir el 1963 la comissi\u00f3 de compra dels terrenys del club. Tamb\u00e9 es va nomenar\u00a0una comissi\u00f3 de jugadors de golf presidida per Don Jos\u00e9 Vil\u00e1 Marsans per negociar amb Don Jos\u00e9 Andreu la compra de les quaranta-cinc hect\u00e0rees del camp de golf, negociaci\u00f3 que va acabar amb \u00e8xit l&#8217;any 1965. A partir d&#8217;aquesta data el club es va convertir\u00a0en social i el va passar a presidir\u00a0el Comte de God\u00f3.<\/p>\n<\/div><\/div><\/div><!-- timeline content --><\/div><!-- .timeline-post-end --><div  data-aos=\"fade-up\"  class=\"timeline-year scrollable-section\"\r\n\t\t\t\t\t\t\t\tdata-section-title=\"1968\" id=\"clt-1968\">\r\n\t\t\t\t\t\t\t\t<div class=\"icon-placeholder\"><span class=\"ctl-timeline-date\">1968<\/span><\/div>\r\n\t\t\t\t\t\t\t\t<div class=\"timeline-bar\"><\/div>\r\n\t\t\t\t\t\t\t\t<\/div><!-- .timeline-post-start--><div  class=\"timeline-post odd light-grey-post icons_no  default-skin\"  id=\"story-840\"><div  data-aos=\"fade-up\" class=\"timeline-meta\"><\/div><div  data-aos=\"fade-up\" class=\"timeline-icon icon-dot-full\"><div class=\"timeline-bar\"><\/div><\/div><div  data-aos=\"fade-up\" class=\"timeline-content clearfix\"><h2 class=\"content-title\">CANVI DE PRESID\u00c8NCIA<\/h2><div class=\"ctl_info event-description \"><div class=\"full-width\"><a data-glightbox=\"CANVI DE PRESID\u00c8NCIA\" href=\"https:\/\/rcgcerdanya.com\/wp-content\/uploads\/2001\/06\/img050.jpg\" class=\"glightbox\"><img width=\"1024\" height=\"711\" src=\"https:\/\/rcgcerdanya.com\/wp-content\/uploads\/2001\/06\/img050-1024x711.jpg\" class=\"story-img wp-post-image\" alt=\"Torneo golf cerdanya\" decoding=\"async\" loading=\"lazy\" srcset=\"https:\/\/rcgcerdanya.com\/wp-content\/uploads\/2001\/06\/img050-1024x711.jpg 1024w, https:\/\/rcgcerdanya.com\/wp-content\/uploads\/2001\/06\/img050-300x208.jpg 300w, https:\/\/rcgcerdanya.com\/wp-content\/uploads\/2001\/06\/img050-768x533.jpg 768w\" sizes=\"(max-width: 1024px) 100vw, 1024px\" \/><\/a><\/div><div class=\"content-details\"><p style=\"text-align: justify;\">El 1968 Santiago Fern\u00e1ndez Vilella va ser\u00a0elegit president, c\u00e0rrec que va exercir\u00a0el &#8217;88. El seu mandat va destacar\u00a0pel creixement que va obtenir\u00a0el club amb l&#8217;adquisici\u00f3 dels terrenys per a l&#8217;ampliaci\u00f3 del camp de pr\u00e0ctiques, per a la realitzaci\u00f3 d&#8217;una zona poliesportiva i per a una futura ampliaci\u00f3 del camp de golf.<\/p>\n<\/div><\/div><\/div><!-- timeline content --><\/div><!-- .timeline-post-end --><div  data-aos=\"fade-up\"  class=\"timeline-year scrollable-section\"\r\n\t\t\t\t\t\t\t\tdata-section-title=\"1989\" id=\"clt-1989\">\r\n\t\t\t\t\t\t\t\t<div class=\"icon-placeholder\"><span class=\"ctl-timeline-date\">1989<\/span><\/div>\r\n\t\t\t\t\t\t\t\t<div class=\"timeline-bar\"><\/div>\r\n\t\t\t\t\t\t\t\t<\/div><!-- .timeline-post-start--><div  class=\"timeline-post even light-grey-post icons_no  default-skin\"  id=\"story-841\"><div  data-aos=\"fade-up\" class=\"timeline-meta\"><\/div><div  data-aos=\"fade-up\" class=\"timeline-icon icon-dot-full\"><div class=\"timeline-bar\"><\/div><\/div><div  data-aos=\"fade-up\" class=\"timeline-content clearfix\"><h2 class=\"content-title\">AMPLIACIONS ACABADES<\/h2><div class=\"ctl_info event-description \"><div class=\"full-width\"><a data-glightbox=\"AMPLIACIONS ACABADES\" href=\"https:\/\/rcgcerdanya.com\/wp-content\/uploads\/1968\/06\/PISCINA.png\" class=\"glightbox\"><img width=\"486\" height=\"220\" src=\"https:\/\/rcgcerdanya.com\/wp-content\/uploads\/1968\/06\/PISCINA.png\" class=\"story-img wp-post-image\" alt=\"Torneo de golf en la cerdanya\" decoding=\"async\" loading=\"lazy\" srcset=\"https:\/\/rcgcerdanya.com\/wp-content\/uploads\/1968\/06\/PISCINA.png 486w, https:\/\/rcgcerdanya.com\/wp-content\/uploads\/1968\/06\/PISCINA-300x136.png 300w\" sizes=\"(max-width: 486px) 100vw, 486px\" \/><\/a><\/div><div class=\"content-details\"><p style=\"text-align: justify;\">L&#8217;any 1989, el senyor Jos\u00e9 Vil\u00e1 Marsans va assumir\u00a0la presid\u00e8ncia amb visi\u00f3 de futur, acabant les obres de la zona poliesportiva que inclouen piscina, tennis, p\u00e0del i esquaix. A m\u00e9s, es van adquirir\u00a0en l&#8217;any &#8217;92 trenta hect\u00e0rees m\u00e9s, necess\u00e0ries per iniciar el projecte d&#8217;ampliaci\u00f3 de nou forats m\u00e9s, els quals va dissenyar\u00a0Don Alfonso Vidaor i que es van inaugurar\u00a0a l&#8217;any 2000.<\/p>\n<\/div><\/div><\/div><!-- timeline content --><\/div><!-- .timeline-post-end --><div  data-aos=\"fade-up\"  class=\"timeline-year scrollable-section\"\r\n\t\t\t\t\t\t\t\tdata-section-title=\"2001\" id=\"clt-2001\">\r\n\t\t\t\t\t\t\t\t<div class=\"icon-placeholder\"><span class=\"ctl-timeline-date\">2001<\/span><\/div>\r\n\t\t\t\t\t\t\t\t<div class=\"timeline-bar\"><\/div>\r\n\t\t\t\t\t\t\t\t<\/div><!-- .timeline-post-start--><div  class=\"timeline-post odd light-grey-post icons_no  default-skin\"  id=\"story-842\"><div  data-aos=\"fade-up\" class=\"timeline-meta\"><\/div><div  data-aos=\"fade-up\" class=\"timeline-icon icon-dot-full\"><div class=\"timeline-bar\"><\/div><\/div><div  data-aos=\"fade-up\" class=\"timeline-content clearfix\"><h2 class=\"content-title\">REFORMES DE LA CASA CLUB<\/h2><div class=\"ctl_info event-description \"><div class=\"full-width\"><a data-glightbox=\"REFORMES DE LA CASA CLUB\" href=\"https:\/\/rcgcerdanya.com\/wp-content\/uploads\/2016\/05\/CASA-CLUB.png\" class=\"glightbox\"><img width=\"484\" height=\"220\" src=\"https:\/\/rcgcerdanya.com\/wp-content\/uploads\/2016\/05\/CASA-CLUB.png\" class=\"story-img wp-post-image\" alt=\"Casa club real club golf cerdanya\" decoding=\"async\" loading=\"lazy\" srcset=\"https:\/\/rcgcerdanya.com\/wp-content\/uploads\/2016\/05\/CASA-CLUB.png 484w, https:\/\/rcgcerdanya.com\/wp-content\/uploads\/2016\/05\/CASA-CLUB-300x136.png 300w\" sizes=\"(max-width: 484px) 100vw, 484px\" \/><\/a><\/div><div class=\"content-details\"><p style=\"text-align: justify;\">Despr\u00e9s de la mort de D. Jos\u00e9 Vil\u00e1 Marsans al mar\u00e7 del 2001, el fins llavors vicepresident Sr. Jean Daur\u00e9 es va fer c\u00e0rrec de la presid\u00e8ncia del Club fins el febrer del 2003, moment en el qual el vicepresident Manuel Malagrida va assumir&nbsp;la presid\u00e8ncia. Sota el seu mandat es va finalitzar la instal\u00b7laci\u00f3 del reg autom\u00e0tic dels 27 forats i es van dur terme les obres de remodelaci\u00f3 de l&#8217;edifici de la Casa Club, projecte dirigit tamb\u00e9 per l&#8217;arquitecte D. Francisco Ribas, instal\u00b7laci\u00f3 que va ser inaugurada a l&#8217;agost del 2009. En l&#8217;actualdiat, despr\u00e9s de molts anys a la Junta Directiva, ostenta el c\u00e0rresc el Sr. Alejandro Andreu Torrado.<\/p>\n<p>&nbsp;<\/p>\n<p>&nbsp;<\/p>\n<\/div><\/div><\/div><!-- timeline content --><\/div><!-- .timeline-post-end --><div  data-aos=\"fade-up\"  class=\"timeline-year scrollable-section\"\r\n\t\t\t\t\t\t\t\tdata-section-title=\"2016\" id=\"clt-2016\">\r\n\t\t\t\t\t\t\t\t<div class=\"icon-placeholder\"><span class=\"ctl-timeline-date\">2016<\/span><\/div>\r\n\t\t\t\t\t\t\t\t<div class=\"timeline-bar\"><\/div>\r\n\t\t\t\t\t\t\t\t<\/div><!-- .timeline-post-start--><div  class=\"timeline-post even light-grey-post icons_no  default-skin\"  id=\"story-843\"><div  data-aos=\"fade-up\" class=\"timeline-meta\"><\/div><div  data-aos=\"fade-up\" class=\"timeline-icon icon-dot-full\"><div class=\"timeline-bar\"><\/div><\/div><div  data-aos=\"fade-up\" class=\"timeline-content clearfix\"><h2 class=\"content-title\">DISSENYAT PER JAVIER ARANA<\/h2><div class=\"ctl_info event-description \"><div class=\"full-width\"><a data-glightbox=\"DISSENYAT PER JAVIER ARANA\" href=\"https:\/\/rcgcerdanya.com\/wp-content\/uploads\/2016\/06\/9.jpg\" class=\"glightbox\"><img width=\"700\" height=\"450\" src=\"https:\/\/rcgcerdanya.com\/wp-content\/uploads\/2016\/06\/9.jpg\" class=\"story-img wp-post-image\" alt=\"DISSENYAT PER JAVIER ARANA\" decoding=\"async\" loading=\"lazy\" srcset=\"https:\/\/rcgcerdanya.com\/wp-content\/uploads\/2016\/06\/9.jpg 700w, https:\/\/rcgcerdanya.com\/wp-content\/uploads\/2016\/06\/9-300x193.jpg 300w\" sizes=\"(max-width: 700px) 100vw, 700px\" \/><\/a><\/div><div class=\"content-details\"><p style=\"text-align: justify;\">Javier Arana, el dissenyador, va saber aprofitar els desnivells naturals del terreny per configurar les pr\u00f2pies dificultats d&#8217;un recorregut molt ben integrat en l&#8217;entorn. El tra\u00e7at del Reial Club de Golf de Cerdanya no representa \u00fanicament un magn\u00edfic passeig; el joc li demanar\u00e0 tota la seva atenci\u00f3, precisament en les arribades a green, on els bons jugadors de &#8220;ferros curts&#8221; se sentiran a gust per la precisi\u00f3 de joc exigida per evitar arbres i b\u00fanquers.<\/p>\n<\/div><\/div><\/div><!-- timeline content --><\/div><!-- .timeline-post-end --><!-- .timeline-post-start--><div  class=\"timeline-post odd light-grey-post icons_no  default-skin\"  id=\"story-844\"><div  data-aos=\"fade-up\" class=\"timeline-meta\"><\/div><div  data-aos=\"fade-up\" class=\"timeline-icon icon-dot-full\"><div class=\"timeline-bar\"><\/div><\/div><div  data-aos=\"fade-up\" class=\"timeline-content clearfix\"><h2 class=\"content-title\">ACTUALMENT, \u00c9S EL 3er CLUB M\u00c9S ANTIC DE CATALUNYA I DELS 10 M\u00c9S ANTICS D&#8217;ESPANYA<\/h2><div class=\"ctl_info event-description \"><div class=\"full-width\"><a data-glightbox=\"ACTUALMENT, \u00c9S EL 3er CLUB M\u00c9S ANTIC DE CATALUNYA I DELS 10 M\u00c9S ANTICS D&#8217;ESPANYA\" href=\"https:\/\/rcgcerdanya.com\/wp-content\/uploads\/2016\/06\/10.jpg\" class=\"glightbox\"><img width=\"700\" height=\"450\" src=\"https:\/\/rcgcerdanya.com\/wp-content\/uploads\/2016\/06\/10.jpg\" class=\"story-img wp-post-image\" alt=\"ACTUALMENT, \u00c9S EL 3er CLUB M\u00c9S ANTIC DE CATALUNYA I DELS 10 M\u00c9S ANTICS D&#8217;ESPANYA\" decoding=\"async\" loading=\"lazy\" srcset=\"https:\/\/rcgcerdanya.com\/wp-content\/uploads\/2016\/06\/10.jpg 700w, https:\/\/rcgcerdanya.com\/wp-content\/uploads\/2016\/06\/10-300x193.jpg 300w\" sizes=\"(max-width: 700px) 100vw, 700px\" \/><\/a><\/div><div class=\"content-details\"><p style=\"text-align: justify;\">Situat al cor de la vall de la Cerdanya el club ofereix un recorregut d&#8217;una bellesa espectacular. Prou variat per no resultar mai avorrit, cap detall \u00e9s anecd\u00f2tic en el seu tra\u00e7at, que li permetr\u00e0 descobrir greens i carrers molt nets enmig d&#8217;arbres centenaris.<\/p>\n<\/div><\/div><\/div><!-- timeline content --><\/div><!-- .timeline-post-end --><\/div><div class=\"clearfix\"><\/div><\/div> <\/div><!-- end\r\n\t\t\t================================================== -->[\/vc_column_text][\/vc_column][\/vc_row]<\/p>\n","protected":false},"excerpt":{"rendered":"<p>[vc_row][vc_column][vc_column_text][\/vc_column_text][\/vc_column][\/vc_row]<\/p>\n","protected":false},"author":3,"featured_media":0,"parent":0,"menu_order":0,"comment_status":"closed","ping_status":"closed","template":"","meta":{"ngg_post_thumbnail":0},"acf":[],"_links":{"self":[{"href":"https:\/\/rcgcerdanya.com\/ca\/wp-json\/wp\/v2\/pages\/821"}],"collection":[{"href":"https:\/\/rcgcerdanya.com\/ca\/wp-json\/wp\/v2\/pages"}],"about":[{"href":"https:\/\/rcgcerdanya.com\/ca\/wp-json\/wp\/v2\/types\/page"}],"author":[{"embeddable":true,"href":"https:\/\/rcgcerdanya.com\/ca\/wp-json\/wp\/v2\/users\/3"}],"replies":[{"embeddable":true,"href":"https:\/\/rcgcerdanya.com\/ca\/wp-json\/wp\/v2\/comments?post=821"}],"version-history":[{"count":17,"href":"https:\/\/rcgcerdanya.com\/ca\/wp-json\/wp\/v2\/pages\/821\/revisions"}],"predecessor-version":[{"id":4637,"href":"https:\/\/rcgcerdanya.com\/ca\/wp-json\/wp\/v2\/pages\/821\/revisions\/4637"}],"wp:attachment":[{"href":"https:\/\/rcgcerdanya.com\/ca\/wp-json\/wp\/v2\/media?parent=821"}],"curies":[{"name":"wp","href":"https:\/\/api.w.org\/{rel}","templated":true}]}}