{"id":1015,"date":"2016-06-14T10:28:21","date_gmt":"2016-06-14T10:28:21","guid":{"rendered":"http:\/\/rcgcerdanya.com\/?page_id=1015"},"modified":"2025-02-22T13:08:23","modified_gmt":"2025-02-22T11:08:23","slug":"recorridos","status":"publish","type":"page","link":"https:\/\/rcgcerdanya.com\/fr\/recorridos\/","title":{"rendered":"Parcourses"},"content":{"rendered":"<p>[vc_row][vc_column][vc_column_text]Le club propose des parcours d&rsquo;une beaut\u00e9 spectaculaire. Assez vari\u00e9 pour ne jamais \u00eatre ennuyeux, aucun d\u00e9tail n&rsquo;est anecdotique dans sa pr\u00e9sentation<span style=\"color: #000000;\">.<\/span><\/p>\n<p><span style=\"color: #000000;\">Javier Arana, a su tirer parti des in\u00e9galit\u00e9s naturelles du terrain pour configurer les difficult\u00e9s propres \u00e0 un terrain tr\u00e8s bien int\u00e9gr\u00e9 dans l&rsquo;environnement.<\/span>[\/vc_column_text][vc_row_inner][vc_column_inner width=\u00a0\u00bb1\/4&Prime;][vc_btn title=\u00a0\u00bbCarte Parcours Vert\u00a0\u00bb color=\u00a0\u00bbsuccess\u00a0\u00bb link=\u00a0\u00bburl:http%3A%2F%2Frcgcerdanya.com%2Fwp-content%2Fuploads%2F2017%2F11%2FTARJETA-VERDE-1.png||target:%20_blank\u00a0\u00bb][vc_btn title=\u00a0\u00bbPlan d&rsquo;\u00c9vacuation\u00a0\u00bb color=\u00a0\u00bbprimary\u00a0\u00bb link=\u00a0\u00bburl:https%3A%2F%2Frcgcerdanya.com%2Fwp-content%2Fuploads%2F2025%2F02%2FPE_2025-RCG-Cerdanya-Verde-CAST.pdf||target:%20_blank\u00a0\u00bb][\/vc_column_inner][vc_column_inner width=\u00a0\u00bb1\/4&Prime;][vc_btn title=\u00a0\u00bbSlope Parcours Vert\u00a0\u00bb color=\u00a0\u00bbsuccess\u00a0\u00bb link=\u00a0\u00bburl:http%3A%2F%2Frcgcerdanya.com%2Fwp-content%2Fuploads%2F2017%2F11%2FSLOPE-VERDE-WEB.pdf||target:%20_blank\u00a0\u00bb][\/vc_column_inner][vc_column_inner width=\u00a0\u00bb1\/4&Prime;][vc_btn title=\u00a0\u00bbCarte Parcours Rose\u00a0\u00bb color=\u00a0\u00bbpink\u00a0\u00bb link=\u00a0\u00bburl:http%3A%2F%2Frcgcerdanya.com%2Fwp-content%2Fuploads%2F2017%2F11%2FTARJETA-ROSA-1.png||target:%20_blank\u00a0\u00bb][\/vc_column_inner][vc_column_inner width=\u00a0\u00bb1\/4&Prime;][vc_btn title=\u00a0\u00bbSlope Parcours Rose\u00a0\u00bb color=\u00a0\u00bbpink\u00a0\u00bb link=\u00a0\u00bburl:http%3A%2F%2Frcgcerdanya.com%2Fwp-content%2Fuploads%2F2017%2F11%2FSLOPE-ROSA-WEB-1.pdf||target:%20_blank\u00a0\u00bb][\/vc_column_inner][\/vc_row_inner][\/vc_column][\/vc_row][vc_row][vc_column][rev_slider_vc alias=\u00a0\u00bbrecorrido\u00a0\u00bb][\/vc_column][\/vc_row]<\/p>","protected":false},"excerpt":{"rendered":"<p>[vc_row][vc_column][vc_column_text]Le club propose des parcours d&rsquo;une beaut\u00e9 spectaculaire. Assez vari\u00e9 pour ne jamais \u00eatre ennuyeux, aucun d\u00e9tail n&rsquo;est anecdotique dans [&hellip;]<\/p>\n","protected":false},"author":3,"featured_media":0,"parent":0,"menu_order":0,"comment_status":"closed","ping_status":"closed","template":"","meta":{"ngg_post_thumbnail":0},"acf":[],"_links":{"self":[{"href":"https:\/\/rcgcerdanya.com\/fr\/wp-json\/wp\/v2\/pages\/1015"}],"collection":[{"href":"https:\/\/rcgcerdanya.com\/fr\/wp-json\/wp\/v2\/pages"}],"about":[{"href":"https:\/\/rcgcerdanya.com\/fr\/wp-json\/wp\/v2\/types\/page"}],"author":[{"embeddable":true,"href":"https:\/\/rcgcerdanya.com\/fr\/wp-json\/wp\/v2\/users\/3"}],"replies":[{"embeddable":true,"href":"https:\/\/rcgcerdanya.com\/fr\/wp-json\/wp\/v2\/comments?post=1015"}],"version-history":[{"count":31,"href":"https:\/\/rcgcerdanya.com\/fr\/wp-json\/wp\/v2\/pages\/1015\/revisions"}],"predecessor-version":[{"id":82103,"href":"https:\/\/rcgcerdanya.com\/fr\/wp-json\/wp\/v2\/pages\/1015\/revisions\/82103"}],"wp:attachment":[{"href":"https:\/\/rcgcerdanya.com\/fr\/wp-json\/wp\/v2\/media?parent=1015"}],"curies":[{"name":"wp","href":"https:\/\/api.w.org\/{rel}","templated":true}]}}