{"id":1030,"date":"2016-06-14T11:05:34","date_gmt":"2016-06-14T11:05:34","guid":{"rendered":"http:\/\/rcgcerdanya.com\/?page_id=1030"},"modified":"2020-10-28T17:10:11","modified_gmt":"2020-10-28T15:10:11","slug":"infantil","status":"publish","type":"page","link":"https:\/\/rcgcerdanya.com\/fr\/infantil\/","title":{"rendered":"Enfants"},"content":{"rendered":"<p>[vc_row][vc_column][vc_column_text]Cursos espec\u00edficos y divertidos para que los ni\u00f1os disfruten y mejoren su swing.<\/p>\n<p>Ll\u00e1manos al 972 141 408 y te informaremos.[\/vc_column_text][\/vc_column][\/vc_row][vc_row][vc_column width=\u00a0\u00bb1\/2&Prime;][vc_single_image image=\u00a0\u00bb2899&Prime; img_size=\u00a0\u00bbfull\u00a0\u00bb alignment=\u00a0\u00bbcenter\u00a0\u00bb onclick=\u00a0\u00bblink_image\u00a0\u00bb css_animation=\u00a0\u00bbappear\u00a0\u00bb][\/vc_column][vc_column width=\u00a0\u00bb1\/2&Prime;][vc_single_image image=\u00a0\u00bb2898&Prime; img_size=\u00a0\u00bbfull\u00a0\u00bb alignment=\u00a0\u00bbcenter\u00a0\u00bb onclick=\u00a0\u00bblink_image\u00a0\u00bb css_animation=\u00a0\u00bbappear\u00a0\u00bb][\/vc_column][\/vc_row][vc_row][vc_column width=\u00a0\u00bb1\/3&Prime;][vc_column_text]<strong>CURSO DE PRIMAVERA<\/strong><\/p>\n<ul>\n<li>8 sesiones en domingos, de mediados de abril hasta mediados de junio&nbsp;aproximadamente.<\/li>\n<li>Grupos reducidos a 7 ni\u00f1os por profesor.<\/li>\n<li>Ni\u00f1os de 7 a 14 a\u00f1os &#8211; los m\u00e1s peque\u00f1os de 5 a 6.<\/li>\n<li>Posibilidad de cursos para&nbsp;madres y padres.<\/li>\n<\/ul>\n<p>[\/vc_column_text][\/vc_column][vc_column width=\u00a0\u00bb1\/3&Prime;][vc_column_text]<strong>CURSO DE VERANO<\/strong><\/p>\n<ul>\n<li>Sesiones semanales de lunes a viernes durante el mes de agosto.<\/li>\n<li>Grupos reducidos a 9 ni\u00f1os por profesor.<\/li>\n<li>Ni\u00f1os de 7 a 14 a\u00f1os &#8211; los m\u00e1s peque\u00f1os de 4 a 6.<\/li>\n<\/ul>\n<p>[\/vc_column_text][\/vc_column][vc_column width=\u00a0\u00bb1\/3&Prime;][vc_column_text]<strong>CURSO DE OTO\u00d1O<\/strong><\/p>\n<ul>\n<li>8 sesiones en domingos, de mediados de septiembre hasta mediados de noviembre&nbsp;aproximadamente.<\/li>\n<li>Grupos reducidos a 7 ni\u00f1os por profesor.<\/li>\n<li>Ni\u00f1os de 7 a 14 a\u00f1os &#8211; los m\u00e1s peque\u00f1os de 5 a 6.<\/li>\n<li>Posibilidad de cursos para&nbsp;madres y padres.<\/li>\n<\/ul>\n<p>[\/vc_column_text][\/vc_column][\/vc_row][vc_row css=\u00a0\u00bb.vc_custom_1465904013947{padding-top: 50px !important;padding-bottom: 50px !important;}\u00a0\u00bb][vc_column width=\u00a0\u00bb1\/6&Prime;]\t\t\t\n\t\n\t\t<div class=\"team-member-profile\" style =\"font-size:12px; color:#7b8292;\">\n\t\t\t\t\t\t\t\t\t\t\t<div class=\"team-image-pro\"><img src=\"https:\/\/rcgcerdanya.com\/wp-content\/uploads\/2016\/06\/golf.png\" alt=\"FRANCISCO BARROSO\"><\/div>\n\t\t\t\t\t\t\n\t\t\t\t<h5 style =\"font-size:15px; color:#000000;\">FRANCISCO BARROSO<\/h5>\t\t\t\t<h6 style =\"font-size:13px; color:#8ea96f;\">Director de escuela<\/h6>\t\t\t\t\n\t\t\t\t\t\t\t\n\t\t\t\t<div class=\"team-social-container-pro\">\n\t\t\t\t\t\t\t\t\t\n\t\t\t\t\t\t\t\t\t\n\t\t\t\t\t\t\t\t\t\n\t\t\t\t\t\t\t\t\t\n\t\t\t\t\t\t\t\t\t\n\t\t\t\t\t\t\t\t\t\n\t\t\t\t\t<div class=\"clearfix-pro\"><\/div>\n\t\t\t\t<\/div><!-- close .team-social-container-pro -->\n\t\t<\/div><!-- close .team-member-profile -->\n\t\n\n    [\/vc_column][vc_column width=\u00a0\u00bb1\/6&Prime;]\t\t\t\n\t\n\t\t<div class=\"team-member-profile\" style =\"font-size:12px; color:#7b8292;\">\n\t\t\t\t\t\t\n\t\t\t\t<h5 style =\"font-size:15px; color:#000000;\">FRANCISCO P\u00c9REZ<\/h5>\t\t\t\t<h6 style =\"font-size:13px; color:#8ea96f;\">Director T\u00e9cnico<\/h6>\t\t\t\t\n\t\t\t\t\t\t\t\n\t\t\t\t<div class=\"team-social-container-pro\">\n\t\t\t\t\t\t\t\t\t\n\t\t\t\t\t\t\t\t\t\n\t\t\t\t\t\t\t\t\t\n\t\t\t\t\t\t\t\t\t\n\t\t\t\t\t\t\t\t\t\n\t\t\t\t\t\t\t\t\t\n\t\t\t\t\t<div class=\"clearfix-pro\"><\/div>\n\t\t\t\t<\/div><!-- close .team-social-container-pro -->\n\t\t<\/div><!-- close .team-member-profile -->\n\t\n\n    [\/vc_column][vc_column width=\u00a0\u00bb1\/6&Prime;]\t\t\t\n\t\n\t\t<div class=\"team-member-profile\" style =\"font-size:12px; color:#7b8292;\">\n\t\t\t\t\t\t\t\t\t\t\t<div class=\"team-image-pro\"><img src=\"https:\/\/rcgcerdanya.com\/wp-content\/uploads\/2016\/06\/golf.png\" alt=\"ANNE M\u00aa TAULIER\"><\/div>\n\t\t\t\t\t\t\n\t\t\t\t<h5 style =\"font-size:15px; color:#000000;\">ANNE M\u00aa TAULIER<\/h5>\t\t\t\t<h6 style =\"font-size:13px; color:#8ea96f;\">Profesora<\/h6>\t\t\t\t\n\t\t\t\t\t\t\t\n\t\t\t\t<div class=\"team-social-container-pro\">\n\t\t\t\t\t\t\t\t\t\n\t\t\t\t\t\t\t\t\t\n\t\t\t\t\t\t\t\t\t\n\t\t\t\t\t\t\t\t\t\n\t\t\t\t\t\t\t\t\t\n\t\t\t\t\t\t\t\t\t\n\t\t\t\t\t<div class=\"clearfix-pro\"><\/div>\n\t\t\t\t<\/div><!-- close .team-social-container-pro -->\n\t\t<\/div><!-- close .team-member-profile -->\n\t\n\n    [\/vc_column][vc_column width=\u00a0\u00bb1\/6&Prime;]\t\t\t\n\t\n\t\t<div class=\"team-member-profile\" style =\"font-size:12px; color:#7b8292;\">\n\t\t\t\t\t\t\t\t\t\t\t<div class=\"team-image-pro\"><img src=\"https:\/\/rcgcerdanya.com\/wp-content\/uploads\/2016\/06\/golf.png\" alt=\"FELIPE DE LA ROSA\"><\/div>\n\t\t\t\t\t\t\n\t\t\t\t<h5 style =\"font-size:15px; color:#000000;\">FELIPE DE LA ROSA<\/h5>\t\t\t\t<h6 style =\"font-size:13px; color:#8ea96f;\">Profesor<\/h6>\t\t\t\t\n\t\t\t\t\t\t\t\n\t\t\t\t<div class=\"team-social-container-pro\">\n\t\t\t\t\t\t\t\t\t\n\t\t\t\t\t\t\t\t\t\n\t\t\t\t\t\t\t\t\t\n\t\t\t\t\t\t\t\t\t\n\t\t\t\t\t\t\t\t\t\n\t\t\t\t\t\t\t\t\t\n\t\t\t\t\t<div class=\"clearfix-pro\"><\/div>\n\t\t\t\t<\/div><!-- close .team-social-container-pro -->\n\t\t<\/div><!-- close .team-member-profile -->\n\t\n\n    [\/vc_column][vc_column width=\u00a0\u00bb1\/6&Prime;]\t\t\t\n\t\n\t\t<div class=\"team-member-profile\" style =\"font-size:12px; color:#7b8292;\">\n\t\t\t\t\t\t\t\t\t\t\t<div class=\"team-image-pro\"><img src=\"https:\/\/rcgcerdanya.com\/wp-content\/uploads\/2016\/06\/golf.png\" alt=\"JOAQUIN DE LA ROSA\"><\/div>\n\t\t\t\t\t\t\n\t\t\t\t<h5 style =\"font-size:15px; color:#000000;\">JOAQUIN DE LA ROSA<\/h5>\t\t\t\t<h6 style =\"font-size:13px; color:#8ea96f;\">Profesor<\/h6>\t\t\t\t\n\t\t\t\t\t\t\t\n\t\t\t\t<div class=\"team-social-container-pro\">\n\t\t\t\t\t\t\t\t\t\n\t\t\t\t\t\t\t\t\t\n\t\t\t\t\t\t\t\t\t\n\t\t\t\t\t\t\t\t\t\n\t\t\t\t\t\t\t\t\t\n\t\t\t\t\t\t\t\t\t\n\t\t\t\t\t<div class=\"clearfix-pro\"><\/div>\n\t\t\t\t<\/div><!-- close .team-social-container-pro -->\n\t\t<\/div><!-- close .team-member-profile -->\n\t\n\n    [\/vc_column][vc_column width=\u00a0\u00bb1\/6&Prime;][\/vc_column][\/vc_row][vc_row css=\u00a0\u00bb.vc_custom_1465999197892{padding-top: 40px !important;padding-bottom: 0px !important;}\u00a0\u00bb][vc_column][vc_custom_heading text=\u00a0\u00bb\u00bfQUIERES ESTAR AL CORRIENTE DE NUESTRAS ACTIVIDADES?\u00a0\u00bb font_container=\u00a0\u00bbtag:h1|font_size:30|text_align:center\u00a0\u00bb google_fonts=\u00a0\u00bbfont_family:Lato%3A100%2C100italic%2C300%2C300italic%2Cregular%2Citalic%2C700%2C700italic%2C900%2C900italic|font_style:300%20light%20regular%3A300%3Anormal\u00a0\u00bb][vc_column_text]<\/p>\n<p style=\"text-align: center;\">\u00a1Inscr\u00edbete a nuestra newsletter y te avisaremos!<\/p>\n<p>[\/vc_column_text][\/vc_column][\/vc_row][vc_row css=\u00a0\u00bb.vc_custom_1465904624200{padding-bottom: 50px !important;}\u00a0\u00bb][vc_column][vc_raw_html]JTNDJTIxLS0lMjBCZWdpbiUyME1haWxDaGltcCUyMFNpZ251cCUyMEZvcm0lMjAtLSUzRSUwQSUzQ2xpbmslMjBocmVmJTNEJTIyJTJGJTJGY2RuLWltYWdlcy5tYWlsY2hpbXAuY29tJTJGZW1iZWRjb2RlJTJGaG9yaXpvbnRhbC1zbGltLTEwXzcuY3NzJTIyJTIwcmVsJTNEJTIyc3R5bGVzaGVldCUyMiUyMHR5cGUlM0QlMjJ0ZXh0JTJGY3NzJTIyJTNFJTBBJTNDc3R5bGUlMjB0eXBlJTNEJTIydGV4dCUyRmNzcyUyMiUzRSUwQSUwOSUyM21jX2VtYmVkX3NpZ251cCU3QmJhY2tncm91bmQlM0ElMjNmZmYlM0IlMjBjbGVhciUzQWxlZnQlM0IlMjBmb250JTNBMTRweCUyMEhlbHZldGljYSUyQ0FyaWFsJTJDc2Fucy1zZXJpZiUzQiUyMHdpZHRoJTNBMTAwJTI1JTNCJTdEJTBBJTA5JTJGJTJBJTIwQWRkJTIweW91ciUyMG93biUyME1haWxDaGltcCUyMGZvcm0lMjBzdHlsZSUyMG92ZXJyaWRlcyUyMGluJTIweW91ciUyMHNpdGUlMjBzdHlsZXNoZWV0JTIwb3IlMjBpbiUyMHRoaXMlMjBzdHlsZSUyMGJsb2NrLiUwQSUwOSUyMCUyMCUyMFdlJTIwcmVjb21tZW5kJTIwbW92aW5nJTIwdGhpcyUyMGJsb2NrJTIwYW5kJTIwdGhlJTIwcHJlY2VkaW5nJTIwQ1NTJTIwbGluayUyMHRvJTIwdGhlJTIwSEVBRCUyMG9mJTIweW91ciUyMEhUTUwlMjBmaWxlLiUyMCUyQSUyRiUwQSUzQyUyRnN0eWxlJTNFJTBBJTNDZGl2JTIwaWQlM0QlMjJtY19lbWJlZF9zaWdudXAlMjIlM0UlMEElM0Nmb3JtJTIwYWN0aW9uJTNEJTIyJTJGJTJGcmNnY2VyZGFueWEudXMzLmxpc3QtbWFuYWdlLmNvbSUyRnN1YnNjcmliZSUyRnBvc3QlM0Z1JTNENTUwMmVhMWE3YjMxMDIyZTJmYTY5NDhlYiUyNmFtcCUzQmlkJTNEYzZkYjA1NjU3NyUyMiUyMG1ldGhvZCUzRCUyMnBvc3QlMjIlMjBpZCUzRCUyMm1jLWVtYmVkZGVkLXN1YnNjcmliZS1mb3JtJTIyJTIwbmFtZSUzRCUyMm1jLWVtYmVkZGVkLXN1YnNjcmliZS1mb3JtJTIyJTIwY2xhc3MlM0QlMjJ2YWxpZGF0ZSUyMiUyMHRhcmdldCUzRCUyMl9ibGFuayUyMiUyMG5vdmFsaWRhdGUlM0UlMEElMjAlMjAlMjAlMjAlM0NkaXYlMjBpZCUzRCUyMm1jX2VtYmVkX3NpZ251cF9zY3JvbGwlMjIlM0UlMEElMDklMEElMDklM0NpbnB1dCUyMHR5cGUlM0QlMjJlbWFpbCUyMiUyMHZhbHVlJTNEJTIyJTIyJTIwbmFtZSUzRCUyMkVNQUlMJTIyJTIwY2xhc3MlM0QlMjJlbWFpbCUyMiUyMGlkJTNEJTIybWNlLUVNQUlMJTIyJTIwcGxhY2Vob2xkZXIlM0QlMjJlbWFpbCUyMiUyMHJlcXVpcmVkJTNFJTBBJTIwJTIwJTIwJTIwJTNDJTIxLS0lMjByZWFsJTIwcGVvcGxlJTIwc2hvdWxkJTIwbm90JTIwZmlsbCUyMHRoaXMlMjBpbiUyMGFuZCUyMGV4cGVjdCUyMGdvb2QlMjB0aGluZ3MlMjAtJTIwZG8lMjBub3QlMjByZW1vdmUlMjB0aGlzJTIwb3IlMjByaXNrJTIwZm9ybSUyMGJvdCUyMHNpZ251cHMtLSUzRSUwQSUyMCUyMCUyMCUyMCUzQ2RpdiUyMHN0eWxlJTNEJTIycG9zaXRpb24lM0ElMjBhYnNvbHV0ZSUzQiUyMGxlZnQlM0ElMjAtNTAwMHB4JTNCJTIyJTIwYXJpYS1oaWRkZW4lM0QlMjJ0cnVlJTIyJTNFJTNDaW5wdXQlMjB0eXBlJTNEJTIydGV4dCUyMiUyMG5hbWUlM0QlMjJiXzU1MDJlYTFhN2IzMTAyMmUyZmE2OTQ4ZWJfYzZkYjA1NjU3NyUyMiUyMHRhYmluZGV4JTNEJTIyLTElMjIlMjB2YWx1ZSUzRCUyMiUyMiUzRSUzQyUyRmRpdiUzRSUwQSUyMCUyMCUyMCUyMCUzQ2RpdiUyMGNsYXNzJTNEJTIyY2xlYXIlMjIlM0UlM0NpbnB1dCUyMHR5cGUlM0QlMjJzdWJtaXQlMjIlMjB2YWx1ZSUzRCUyMlN1c2NyaWJldGUlMjIlMjBuYW1lJTNEJTIyc3Vic2NyaWJlJTIyJTIwaWQlM0QlMjJtYy1lbWJlZGRlZC1zdWJzY3JpYmUlMjIlMjBjbGFzcyUzRCUyMmJ1dHRvbiUyMiUzRSUzQyUyRmRpdiUzRSUwQSUyMCUyMCUyMCUyMCUzQyUyRmRpdiUzRSUwQSUzQyUyRmZvcm0lM0UlMEElM0MlMkZkaXYlM0UlMEElMEElM0MlMjEtLUVuZCUyMG1jX2VtYmVkX3NpZ251cC0tJTNF[\/vc_raw_html][\/vc_column][\/vc_row]<\/p>","protected":false},"excerpt":{"rendered":"<p>[vc_row][vc_column][vc_column_text]Cursos espec\u00edficos y divertidos para que los ni\u00f1os disfruten y mejoren su swing. Ll\u00e1manos al 972 141 408 y te [&hellip;]<\/p>\n","protected":false},"author":3,"featured_media":0,"parent":0,"menu_order":0,"comment_status":"closed","ping_status":"closed","template":"","meta":{"ngg_post_thumbnail":0},"acf":[],"_links":{"self":[{"href":"https:\/\/rcgcerdanya.com\/fr\/wp-json\/wp\/v2\/pages\/1030"}],"collection":[{"href":"https:\/\/rcgcerdanya.com\/fr\/wp-json\/wp\/v2\/pages"}],"about":[{"href":"https:\/\/rcgcerdanya.com\/fr\/wp-json\/wp\/v2\/types\/page"}],"author":[{"embeddable":true,"href":"https:\/\/rcgcerdanya.com\/fr\/wp-json\/wp\/v2\/users\/3"}],"replies":[{"embeddable":true,"href":"https:\/\/rcgcerdanya.com\/fr\/wp-json\/wp\/v2\/comments?post=1030"}],"version-history":[{"count":66,"href":"https:\/\/rcgcerdanya.com\/fr\/wp-json\/wp\/v2\/pages\/1030\/revisions"}],"predecessor-version":[{"id":6399,"href":"https:\/\/rcgcerdanya.com\/fr\/wp-json\/wp\/v2\/pages\/1030\/revisions\/6399"}],"wp:attachment":[{"href":"https:\/\/rcgcerdanya.com\/fr\/wp-json\/wp\/v2\/media?parent=1030"}],"curies":[{"name":"wp","href":"https:\/\/api.w.org\/{rel}","templated":true}]}}