{"id":13,"date":"2016-05-06T05:49:39","date_gmt":"2016-05-06T05:49:39","guid":{"rendered":"http:\/\/rcgcerdanya.com\/?page_id=13"},"modified":"2019-05-25T16:17:08","modified_gmt":"2019-05-25T14:17:08","slug":"cerdana","status":"publish","type":"page","link":"https:\/\/rcgcerdanya.com\/fr\/cerdana\/","title":{"rendered":"Cerdagne"},"content":{"rendered":"<p>[vc_row css=\u00a0\u00bb.vc_custom_1464681857021{padding-top: 25px !important;padding-bottom: 25px !important;}\u00a0\u00bb][vc_column][vc_custom_heading text=\u00a0\u00bbACTIVIT\u00c9S\u00a0\u00bb use_theme_fonts=\u00a0\u00bbyes\u00a0\u00bb][\/vc_column][\/vc_row][vc_row][vc_column width=\u00a0\u00bb1\/3&Prime;][vc_single_image image=\u00a0\u00bb678&Prime; img_size=\u00a0\u00bbfull\u00a0\u00bb alignment=\u00a0\u00bbcenter\u00a0\u00bb css_animation=\u00a0\u00bbtop-to-bottom\u00a0\u00bb][vc_column_text css_animation=\u00a0\u00bbbottom-to-top\u00a0\u00bb]Profitez des nombreuses stations de ski de haut niveau qui existent sur les pistes catalanes et andorranes. Choisissez en fonction de la m\u00e9t\u00e9o et des vents, la station de ski la plus appropri\u00e9e pour pratiquer ce sport.[\/vc_column_text][\/vc_column][vc_column width=\u00a0\u00bb1\/3&Prime;][vc_single_image image=\u00a0\u00bb675&Prime; img_size=\u00a0\u00bbfull\u00a0\u00bb alignment=\u00a0\u00bbcenter\u00a0\u00bb css_animation=\u00a0\u00bbtop-to-bottom\u00a0\u00bb][vc_column_text css_animation=\u00a0\u00bbbottom-to-top\u00a0\u00bb]Environnement incomparable pour faire une promenade \u00e0 cheval.[\/vc_column_text][\/vc_column][vc_column width=\u00a0\u00bb1\/3&Prime;][vc_single_image image=\u00a0\u00bb1210&Prime; img_size=\u00a0\u00bbfull\u00a0\u00bb alignment=\u00a0\u00bbcenter\u00a0\u00bb css_animation=\u00a0\u00bbtop-to-bottom\u00a0\u00bb][vc_column_text css_animation=\u00a0\u00bbbottom-to-top\u00a0\u00bb]<br \/>\nFaites des excursions inoubliables en famille et entre amis. La Cerdagne offre une immense vari\u00e9t\u00e9 d&rsquo;excursions \u00e0 travers les montagnes environnantes avec des lacs impressionnants.[\/vc_column_text][\/vc_column][\/vc_row][vc_row css=\u00a0\u00bb.vc_custom_1464780841089{padding-top: 35px !important;padding-bottom: 0px !important;}\u00a0\u00bb][vc_column][vc_custom_heading text=\u00a0\u00bbGASTRONOMIE\u00a0\u00bb use_theme_fonts=\u00a0\u00bbyes\u00a0\u00bb][\/vc_column][\/vc_row][vc_row css=\u00a0\u00bb.vc_custom_1464342543836{padding-top: 30px !important;}\u00a0\u00bb][vc_column width=\u00a0\u00bb1\/3&Prime;][vc_single_image image=\u00a0\u00bb1540&Prime; img_size=\u00a0\u00bbfull\u00a0\u00bb alignment=\u00a0\u00bbcenter\u00a0\u00bb css_animation=\u00a0\u00bbtop-to-bottom\u00a0\u00bb][vc_column_text css_animation=\u00a0\u00bbbottom-to-top\u00a0\u00bb]<br \/>\nLe Trinxat est le plat le plus typique de la Cerdagne. Le chou, les pommes de terre et le bacon sont les ingr\u00e9dients principaux.[\/vc_column_text][\/vc_column][vc_column width=\u00a0\u00bb1\/3&Prime;][vc_single_image image=\u00a0\u00bb1588&Prime; img_size=\u00a0\u00bbfull\u00a0\u00bb alignment=\u00a0\u00bbcenter\u00a0\u00bb css_animation=\u00a0\u00bbtop-to-bottom\u00a0\u00bb][vc_column_text css_animation=\u00a0\u00bbbottom-to-top\u00a0\u00bb]Le fromage et le beurre de l&rsquo;Alt Urgell et de la Cerdagne sont cr\u00e9\u00e9s \u00e0 partir de lait de vache de race frisonne de culture urgente et de fermes \u00e0 truie.[\/vc_column_text][\/vc_column][vc_column width=\u00a0\u00bb1\/3&Prime;][vc_single_image image=\u00a0\u00bb676&Prime; img_size=\u00a0\u00bbfull\u00a0\u00bb alignment=\u00a0\u00bbcenter\u00a0\u00bb css_animation=\u00a0\u00bbtop-to-bottom\u00a0\u00bb][vc_column_text css_animation=\u00a0\u00bbbottom-to-top\u00a0\u00bb]<br \/>\nLes produits artisanaux de la Cerdagne sont de grande qualit\u00e9. Le miel, la confiture et les fromages en sont des tr\u00e8s appr\u00e9ci\u00e9s.[\/vc_column_text][\/vc_column][\/vc_row][vc_row css=\u00a0\u00bb.vc_custom_1464681821742{padding-top: 15px !important;padding-bottom: 0px !important;}\u00a0\u00bb][vc_column][vc_custom_heading text=\u00a0\u00bbLOGEMENT\u00a0\u00bb use_theme_fonts=\u00a0\u00bbyes\u00a0\u00bb][\/vc_column][\/vc_row][vc_row css=\u00a0\u00bb.vc_custom_1464342543836{padding-top: 30px !important;}\u00a0\u00bb][vc_column width=\u00a0\u00bb1\/4&Prime;][vc_single_image image=\u00a0\u00bb682&Prime; img_size=\u00a0\u00bbfull\u00a0\u00bb alignment=\u00a0\u00bbcenter\u00a0\u00bb css_animation=\u00a0\u00bbtop-to-bottom\u00a0\u00bb][vc_column_text css_animation=\u00a0\u00bbbottom-to-top\u00a0\u00bb]<strong>Torre del Remei, H\u00f4tel Collaborateur&nbsp;<\/strong><\/p>\n<p>L&rsquo;h\u00f4tel est situ\u00e9 \u00e0 1 km du parcours.<\/p>\n<p><a href=\"http:\/\/www.relais.com\/torreremei\" target=\"_blank\" rel=\"noopener\">site web<\/a> | <a href=\"mailto:torreremei@relaischateaux.com\" target=\"_blank\" rel=\"noopener\">e-mail<\/a> | <a href=\"tel:+34972140182\" target=\"_blank\" rel=\"noopener\">+34 972 14 01 82<\/a>[\/vc_column_text][\/vc_column][vc_column width=\u00a0\u00bb1\/4&Prime;][vc_single_image image=\u00a0\u00bb683&Prime; img_size=\u00a0\u00bbfull\u00a0\u00bb alignment=\u00a0\u00bbcenter\u00a0\u00bb css_animation=\u00a0\u00bbtop-to-bottom\u00a0\u00bb][vc_column_text css_animation=\u00a0\u00bbbottom-to-top\u00a0\u00bb]<strong>Chalet de Golf, H\u00f4tel Collaboreteur&nbsp;<\/strong><\/p>\n<p>L&rsquo;h\u00f4tel est situ\u00e9 dans le m\u00eame domaine.<\/p>\n<p><a href=\"http:\/\/www.chaletdelgolf.com\/\" target=\"_blank\" rel=\"noopener\">site web<\/a> | <a href=\"mailto:info@chaletdelgolf.com\" target=\"_blank\" rel=\"noopener\">e-mail<\/a> | <a href=\"tel:+34972884320\" target=\"_blank\" rel=\"noopener\">+34 972 88 43 20<\/a>[\/vc_column_text][\/vc_column][vc_column width=\u00a0\u00bb1\/4&Prime;][vc_single_image image=\u00a0\u00bb684&Prime; img_size=\u00a0\u00bbfull\u00a0\u00bb alignment=\u00a0\u00bbcenter\u00a0\u00bb css_animation=\u00a0\u00bbtop-to-bottom\u00a0\u00bb][vc_column_text css_animation=\u00a0\u00bbbottom-to-top\u00a0\u00bb]<\/p>\n<div dir=\"ltr\">\n<p><strong>Villa Paulita, H\u00f4tel Collaboreteur<\/strong><\/p>\n<p>L&rsquo;h\u00f4tel est situ\u00e9 \u00e0 Puigcerd\u00e1.<\/p>\n<p><a href=\"http:\/\/www.villapaulitahotel.com\/\" target=\"_blank\" rel=\"noopener\">site web<\/a> | <a href=\"mailto:recepcion@villapaulitahotel.com\" target=\"_blank\" rel=\"noopener\">e-mail<\/a> | <a href=\"tel:+34972884622\" target=\"_blank\" rel=\"noopener\">+34 972 88 46 22<\/a><\/p>\n<p><a href=\"https:\/\/rcgcerdanya.com\/wp-content\/uploads\/2017\/06\/HOTEL-VILLA-PAULITA-GOLF.pdf\" target=\"_blank\" rel=\"noopener\">Tarifas Socios RCGC<\/a><\/p>\n<\/div>\n<p>[\/vc_column_text][\/vc_column][vc_column width=\u00a0\u00bb1\/4&Prime;][vc_single_image image=\u00a0\u00bb2798&Prime; img_size=\u00a0\u00bbfull\u00a0\u00bb alignment=\u00a0\u00bbcenter\u00a0\u00bb css_animation=\u00a0\u00bbtop-to-bottom\u00a0\u00bb][vc_column_text css_animation=\u00a0\u00bbbottom-to-top\u00a0\u00bb]<strong>Villa Pyrenees,&nbsp;\u00c9tablissement collaborateur <\/strong><\/p>\n<p>La villa est situ\u00e9 dans le m\u00eame domaine.<\/p>\n<p><a href=\"http:\/\/sarm.es\/\" target=\"_blank\" rel=\"noopener\">site web<\/a> | <a href=\"mailto:info@sarm.es\" target=\"_blank\" rel=\"noopener\">e-mail<\/a> | <a href=\"tel:+34934142028\" target=\"_blank\" rel=\"noopener\">+34 93 414 20 28<\/a>[\/vc_column_text][\/vc_column][\/vc_row]<\/p>","protected":false},"excerpt":{"rendered":"<p>[vc_row css=\u00a0\u00bb.vc_custom_1464681857021{padding-top: 25px !important;padding-bottom: 25px !important;}\u00a0\u00bb][vc_column][vc_custom_heading text=\u00a0\u00bbACTIVIT\u00c9S\u00a0\u00bb use_theme_fonts=\u00a0\u00bbyes\u00a0\u00bb][\/vc_column][\/vc_row][vc_row][vc_column width=\u00a0\u00bb1\/3&Prime;][vc_single_image image=\u00a0\u00bb678&Prime; img_size=\u00a0\u00bbfull\u00a0\u00bb alignment=\u00a0\u00bbcenter\u00a0\u00bb css_animation=\u00a0\u00bbtop-to-bottom\u00a0\u00bb][vc_column_text css_animation=\u00a0\u00bbbottom-to-top\u00a0\u00bb]Profitez des nombreuses stations de ski de [&hellip;]<\/p>\n","protected":false},"author":3,"featured_media":0,"parent":0,"menu_order":0,"comment_status":"closed","ping_status":"closed","template":"","meta":{"ngg_post_thumbnail":0},"acf":[],"_links":{"self":[{"href":"https:\/\/rcgcerdanya.com\/fr\/wp-json\/wp\/v2\/pages\/13"}],"collection":[{"href":"https:\/\/rcgcerdanya.com\/fr\/wp-json\/wp\/v2\/pages"}],"about":[{"href":"https:\/\/rcgcerdanya.com\/fr\/wp-json\/wp\/v2\/types\/page"}],"author":[{"embeddable":true,"href":"https:\/\/rcgcerdanya.com\/fr\/wp-json\/wp\/v2\/users\/3"}],"replies":[{"embeddable":true,"href":"https:\/\/rcgcerdanya.com\/fr\/wp-json\/wp\/v2\/comments?post=13"}],"version-history":[{"count":38,"href":"https:\/\/rcgcerdanya.com\/fr\/wp-json\/wp\/v2\/pages\/13\/revisions"}],"predecessor-version":[{"id":666,"href":"https:\/\/rcgcerdanya.com\/fr\/wp-json\/wp\/v2\/pages\/13\/revisions\/666"}],"wp:attachment":[{"href":"https:\/\/rcgcerdanya.com\/fr\/wp-json\/wp\/v2\/media?parent=13"}],"curies":[{"name":"wp","href":"https:\/\/api.w.org\/{rel}","templated":true}]}}