{"id":202,"date":"2015-11-12T21:47:36","date_gmt":"2015-11-12T21:47:36","guid":{"rendered":"http:\/\/brentwood.progressionstudios.com\/?page_id=8"},"modified":"2025-11-30T12:42:22","modified_gmt":"2025-11-30T10:42:22","slug":"home","status":"publish","type":"page","link":"https:\/\/rcgcerdanya.com\/fr\/","title":{"rendered":"Home"},"content":{"rendered":"<p>[vc_row css=\u00a0\u00bb.vc_custom_1467877204901{margin-bottom: 0px !important;}\u00a0\u00bb][vc_column css=\u00a0\u00bb.vc_custom_1468409087770{margin-bottom: -35px !important;}\u00a0\u00bb][rev_slider_vc alias=\u00a0\u00bbhome-fr\u00a0\u00bb][\/vc_column][\/vc_row][vc_row][vc_column][vc_column_text]&nbsp;<\/p>\n<p><a class=\"tournament-btn\" href=\"https:\/\/rcgcerdanya.com\/wp-content\/uploads\/2023\/02\/calendario-23-c.pdf\">Calendrier 2023<\/a>[\/vc_column_text][\/vc_column][\/vc_row][vc_row full_width=\u00a0\u00bbstretch_row\u00a0\u00bb css=\u00a0\u00bb.vc_custom_1468409108209{margin-top: 0px !important;padding-top: 35px !important;padding-bottom: 0px !important;background-color: #000000 !important;}\u00a0\u00bb][vc_column width=\u00a0\u00bb5\/6&Prime; css=\u00a0\u00bb.vc_custom_1449676370347{margin-top: 0px !important;margin-bottom: 0px !important;padding-top: 0px !important;padding-bottom: 0px !important;}\u00a0\u00bb][vc_column_text]<\/p>\n<h3 class=\"aligncenter blanco\">\u00ab\u00a0J&rsquo;ai voyag\u00e9 et particip\u00e9 \u00e0 des comp\u00e9titions partout le monde, et chaque fois qu&rsquo;ils me demandent pour mon domaine favori, la r\u00e9ponse est tr\u00e8s simple: le Real Club de Golf Cerda\u00f1a.\u00a0\u00bb<\/h3>\n<p class=\"autor aligncenter\">&nbsp;Alvaro Velasco Roca &#8211;<span class=\"referencia_autor\">&nbsp;European Tour Golf Professional Player<\/span><\/p>\n<p>[\/vc_column_text][\/vc_column][vc_column width=\u00a0\u00bb1\/6&Prime;][vc_btn title=\u00a0\u00bbLEER ART\u00cdCULO\u00a0\u00bb style=\u00a0\u00bboutline-custom\u00a0\u00bb outline_custom_color=\u00a0\u00bb#ffffff\u00a0\u00bb outline_custom_hover_background=\u00a0\u00bb#ffffff\u00a0\u00bb outline_custom_hover_text=\u00a0\u00bb#6d6d6d\u00a0\u00bb shape=\u00a0\u00bbsquare\u00a0\u00bb link=\u00a0\u00bburl:http%3A%2F%2Frcgcerdanya.com%2Fcarta-de-alvaro-velasco-professional-european-tour-golf-player%2F|title:CON%C3%93CENOS|\u00a0\u00bb][\/vc_column][\/vc_row][vc_row css=\u00a0\u00bb.vc_custom_1447358519003{padding-top: 30px !important;padding-bottom: 20px !important;}\u00a0\u00bb][vc_column][vc_custom_heading text=\u00a0\u00bbLE DOMAINE\u00a0\u00bb font_container=\u00a0\u00bbtag:h2|font_size:38px|text_align:center\u00a0\u00bb use_theme_fonts=\u00a0\u00bbyes\u00a0\u00bb css=\u00a0\u00bb.vc_custom_1558792468410{padding-bottom: 30px !important;}\u00a0\u00bb][\/vc_column][vc_column width=\u00a0\u00bb1\/2&Prime;][vc_single_image image=\u00a0\u00bb1481&Prime; img_size=\u00a0\u00bbfull\u00a0\u00bb onclick=\u00a0\u00bbcustom_link\u00a0\u00bb css=\u00a0\u00bb.vc_custom_1468405091053{padding-right: 10px !important;padding-bottom: 25px !important;}\u00a0\u00bb link=\u00a0\u00bb\/the-course\/\u00a0\u00bb][\/vc_column][vc_column width=\u00a0\u00bb1\/2&Prime; css=\u00a0\u00bb.vc_custom_1445030830846{padding-bottom: 20px !important;}\u00a0\u00bb][vc_custom_heading text=\u00a0\u00bbUn entorno \u00fanico\u00a0\u00bb font_container=\u00a0\u00bbtag:h2|font_size:20px|text_align:left\u00a0\u00bb use_theme_fonts=\u00a0\u00bbyes\u00a0\u00bb css=\u00a0\u00bb.vc_custom_1464336029906{padding-left: 10px !important;}\u00a0\u00bb][vc_column_text css=\u00a0\u00bb.vc_custom_1558792419445{padding-left: 10px !important;}\u00a0\u00bb]Le Real Club de Golf Cerda\u00f1a est situ\u00e9 dans la vall\u00e9e de la Cerdagne. La silhouette des Pyr\u00e9n\u00e9es et toute sa cha\u00eene de montagnes sont visibles de tous les itin\u00e9raires cr\u00e9ant avec ses arbres centenaires et le microclimat du territoire, une exp\u00e9rience unique.<\/p>\n<p><u><\/u><u><\/u>\u00c0 seulement 137 km de Barcelone, le club dispose de 27 trous qui repr\u00e9sentent une magnifique promenade \u00e0 travers la nature. Cet environnement permet au joueur d\u2019\u00e9viter les distractions urbaines et de maintenir la concentration aux moments les plus importants, tels que les arriv\u00e9es au green, o\u00f9 le domaine des \u00ab\u00a0petits fers\u00a0\u00bb est essentiel pour \u00e9viter les arbres et les bunkers.[\/vc_column_text][vc_btn title=\u00a0\u00bbDESCUBRE M\u00c1S\u00a0\u00bb style=\u00a0\u00bboutline-custom\u00a0\u00bb outline_custom_color=\u00a0\u00bb#8ea96f\u00a0\u00bb outline_custom_hover_background=\u00a0\u00bb#8ea96f\u00a0\u00bb outline_custom_hover_text=\u00a0\u00bb#ffffff\u00a0\u00bb shape=\u00a0\u00bbsquare\u00a0\u00bb align=\u00a0\u00bbleft\u00a0\u00bb link=\u00a0\u00bburl:http%3A%2F%2Frcgcerdanya.com%2Frecorridos%2F|title:Recorridos|\u00a0\u00bb][\/vc_column][\/vc_row][vc_row full_width=\u00a0\u00bbstretch_row\u00a0\u00bb parallax=\u00a0\u00bbcontent-moving\u00a0\u00bb css=\u00a0\u00bb.vc_custom_1468576636823{margin-bottom: 0px !important;padding-top: 120px !important;padding-bottom: 120px !important;background: #000000 url(https:\/\/rcgcerdanya.com\/wp-content\/uploads\/2015\/11\/historia-2.jpg?id=1572);background-position: center;background-repeat: no-repeat !important;background-size: cover !important;}\u00a0\u00bb][vc_column][vc_custom_heading text=\u00a0\u00bbUn grand club avec une grande histoire\u00a0\u00bb font_container=\u00a0\u00bbtag:h1|font_size:37px|text_align:center|color:%23ffffff\u00a0\u00bb use_theme_fonts=\u00a0\u00bbyes\u00a0\u00bb][vc_custom_heading text=\u00a0\u00bbCompos\u00e9 de 27 trous et con\u00e7u par le prestigieux Javier Arana,<br \/>\nLe GCR de Cerdagne est l\u2019un des 10 plus anciens terrains d\u2019Espagne.\u00a0\u00bb font_container=\u00a0\u00bbtag:h5|font_size:18px|text_align:center|color:%23ffffff|line_height:1.6&Prime; use_theme_fonts=\u00a0\u00bbyes\u00a0\u00bb css=\u00a0\u00bb.vc_custom_1558792544487{margin-bottom: 36px !important;}\u00a0\u00bb][vc_btn title=\u00a0\u00bbNUESTRA HISTORIA\u00a0\u00bb style=\u00a0\u00bboutline-custom\u00a0\u00bb outline_custom_color=\u00a0\u00bb#ffffff\u00a0\u00bb outline_custom_hover_background=\u00a0\u00bb#8fa871&Prime; outline_custom_hover_text=\u00a0\u00bb#ffffff\u00a0\u00bb shape=\u00a0\u00bbsquare\u00a0\u00bb align=\u00a0\u00bbcenter\u00a0\u00bb link=\u00a0\u00bburl:http%3A%2F%2Frcgcerdanya.com%2Fhistoria%2F|title:NUESTRA%20HISTORIA|\u00a0\u00bb][\/vc_column][\/vc_row][vc_row full_width=\u00a0\u00bbstretch_row_content\u00a0\u00bb css=\u00a0\u00bb.vc_custom_1462788934573{margin-bottom: 0px !important;padding-top: 70px !important;background-color: #f6f6f6 !important;}\u00a0\u00bb el_class=\u00a0\u00bbdisplay\u00a0\u00bb][vc_column][vc_custom_heading text=\u00a0\u00bbCOURSE PACKAGES\u00a0\u00bb font_container=\u00a0\u00bbtag:h2|font_size:36px|text_align:center\u00a0\u00bb use_theme_fonts=\u00a0\u00bbyes\u00a0\u00bb][vc_custom_heading text=\u00a0\u00bbChoose your golf package from the options below\u00a0\u00bb font_container=\u00a0\u00bbtag:h2|font_size:15px|text_align:center\u00a0\u00bb use_theme_fonts=\u00a0\u00bbyes\u00a0\u00bb css=\u00a0\u00bb.vc_custom_1448317496155{margin-bottom: 20px !important;}\u00a0\u00bb][\/vc_column][\/vc_row][vc_row full_width=\u00a0\u00bbstretch_row\u00a0\u00bb css=\u00a0\u00bb.vc_custom_1462788938843{margin-bottom: -40px !important;padding-top: 35px !important;padding-bottom: 90px !important;background-color: #f6f6f6 !important;}\u00a0\u00bb el_class=\u00a0\u00bbdisplay\u00a0\u00bb][vc_column width=\u00a0\u00bb1\/3&Prime; css=\u00a0\u00bb.vc_custom_1448316788807{border-top-width: 5px !important;padding-right: 0px !important;padding-left: 0px !important;background-color: #ffffff !important;border-top-color: #989898 !important;border-top-style: solid !important;}\u00a0\u00bb el_class=\u00a0\u00bbdrop-shadow-pro\u00a0\u00bb][vc_custom_heading text=\u00a0\u00bbSILVER\u00a0\u00bb font_container=\u00a0\u00bbtag:h1|font_size:32px|text_align:center|color:%23989898&Prime; use_theme_fonts=\u00a0\u00bbyes\u00a0\u00bb css=\u00a0\u00bb.vc_custom_1448316464384{margin-bottom: 5px !important;border-top-width: 0px !important;padding-top: 40px !important;padding-right: 9% !important;padding-bottom: 25px !important;padding-left: 9% !important;background-color: #ffffff !important;border-top-style: solid !important;}\u00a0\u00bb][vc_custom_heading text=\u00a0\u00bbFar far away, behind the word mountains, far from the countries Vokalia.\u00a0\u00bb font_container=\u00a0\u00bbtag:div|font_size:13px|text_align:left|color:%23818181|line_height:1.2&Prime; use_theme_fonts=\u00a0\u00bbyes\u00a0\u00bb css=\u00a0\u00bb.vc_custom_1448317309270{margin-right: 10% !important;margin-left: 10% !important;padding-bottom: 30px !important;}\u00a0\u00bb][vc_custom_heading text=\u00a0\u00bbPRICE\u00a0\u00bb font_container=\u00a0\u00bbtag:h6|font_size:14px|text_align:left|color:%23818181|line_height:1.2&Prime; use_theme_fonts=\u00a0\u00bbyes\u00a0\u00bb css=\u00a0\u00bb.vc_custom_1448317316122{margin-right: 10% !important;margin-bottom: 10px !important;margin-left: 10% !important;border-bottom-width: 2px !important;padding-bottom: 8px !important;border-bottom-color: #eaebed !important;border-bottom-style: solid !important;}\u00a0\u00bb][vc_custom_heading text=\u00a0\u00bb$4,000&Prime; font_container=\u00a0\u00bbtag:h1|font_size:32px|text_align:left|color:%231e1e1e|line_height:1.2&Prime; use_theme_fonts=\u00a0\u00bbyes\u00a0\u00bb css=\u00a0\u00bb.vc_custom_1448317321760{margin-right: 10% !important;margin-bottom: 35px !important;margin-left: 10% !important;}\u00a0\u00bb][vc_custom_heading text=\u00a0\u00bbFEATURES\u00a0\u00bb font_container=\u00a0\u00bbtag:h6|font_size:14px|text_align:left|color:%23818181|line_height:1.2&Prime; use_theme_fonts=\u00a0\u00bbyes\u00a0\u00bb css=\u00a0\u00bb.vc_custom_1448317328390{margin-right: 10% !important;margin-bottom: 10px !important;margin-left: 10% !important;border-bottom-width: 2px !important;padding-bottom: 8px !important;border-bottom-color: #eaebed !important;border-bottom-style: solid !important;}\u00a0\u00bb][vc_custom_heading text=\u00a0\u00bb<strong>Unlimited<\/strong> Golf Passes\u00a0\u00bb font_container=\u00a0\u00bbtag:div|font_size:14px|text_align:left|color:%23717171|line_height:1.2&Prime; use_theme_fonts=\u00a0\u00bbyes\u00a0\u00bb css=\u00a0\u00bb.vc_custom_1448317334346{margin-right: 10% !important;margin-bottom: 10px !important;margin-left: 10% !important;padding-bottom: 0px !important;}\u00a0\u00bb][vc_custom_heading text=\u00a0\u00bb<strong>24\/hr<\/strong> Clubhouse\u00a0\u00bb font_container=\u00a0\u00bbtag:div|font_size:14px|text_align:left|color:%23717171|line_height:1.2&Prime; use_theme_fonts=\u00a0\u00bbyes\u00a0\u00bb css=\u00a0\u00bb.vc_custom_1448317338789{margin-right: 10% !important;margin-bottom: 10px !important;margin-left: 10% !important;padding-bottom: 0px !important;}\u00a0\u00bb][vc_custom_heading text=\u00a0\u00bb<strong>Discounted<\/strong> Events\u00a0\u00bb font_container=\u00a0\u00bbtag:div|font_size:14px|text_align:left|color:%23717171|line_height:1.2&Prime; use_theme_fonts=\u00a0\u00bbyes\u00a0\u00bb css=\u00a0\u00bb.vc_custom_1448317344176{margin-right: 10% !important;margin-bottom: 10px !important;margin-left: 10% !important;padding-bottom: 0px !important;}\u00a0\u00bb][vc_custom_heading text=\u00a0\u00bb<strong>$50<\/strong> Gift Card\u00a0\u00bb font_container=\u00a0\u00bbtag:div|font_size:14px|text_align:left|color:%23717171|line_height:1.2&Prime; use_theme_fonts=\u00a0\u00bbyes\u00a0\u00bb css=\u00a0\u00bb.vc_custom_1448317534797{margin-right: 10% !important;margin-bottom: 10px !important;margin-left: 10% !important;padding-bottom: 0px !important;}\u00a0\u00bb][vc_btn title=\u00a0\u00bbGET THIS PACKAGE\u00a0\u00bb style=\u00a0\u00bbcustom\u00a0\u00bb custom_background=\u00a0\u00bb#909090&Prime; custom_text=\u00a0\u00bb#ffffff\u00a0\u00bb shape=\u00a0\u00bbsquare\u00a0\u00bb align=\u00a0\u00bbcenter\u00a0\u00bb link=\u00a0\u00bburl:%23||\u00a0\u00bb css=\u00a0\u00bb.vc_custom_1448318072385{margin-top: 35px !important;margin-bottom: 0px !important;background-color: #ffffff !important;}\u00a0\u00bb button_block=\u00a0\u00bbtrue\u00a0\u00bb][\/vc_column][vc_column width=\u00a0\u00bb1\/3&Prime; el_class=\u00a0\u00bbdrop-shadow-pro top-z-index\u00a0\u00bb css=\u00a0\u00bb.vc_custom_1448317090560{margin-top: -15px !important;border-top-width: 4px !important;padding-right: 0px !important;padding-left: 0px !important;background-color: #ffffff !important;border-top-color: #c09b4d !important;border-top-style: solid !important;}\u00a0\u00bb][vc_custom_heading text=\u00a0\u00bbGOLD\u00a0\u00bb font_container=\u00a0\u00bbtag:h1|font_size:32px|text_align:center|color:%23c09b4d\u00a0\u00bb use_theme_fonts=\u00a0\u00bbyes\u00a0\u00bb css=\u00a0\u00bb.vc_custom_1448317276404{margin-bottom: 5px !important;border-top-width: 0px !important;padding-top: 40px !important;padding-right: 9% !important;padding-bottom: 25px !important;padding-left: 9% !important;border-top-style: solid !important;}\u00a0\u00bb][vc_custom_heading text=\u00a0\u00bbFar far away, behind the word mountains, far from the countries Vokalia.\u00a0\u00bb font_container=\u00a0\u00bbtag:div|font_size:13px|text_align:left|color:%23818181|line_height:1.2&Prime; use_theme_fonts=\u00a0\u00bbyes\u00a0\u00bb css=\u00a0\u00bb.vc_custom_1448317353137{margin-right: 10% !important;margin-left: 10% !important;padding-bottom: 30px !important;}\u00a0\u00bb][vc_custom_heading text=\u00a0\u00bbPRICE\u00a0\u00bb font_container=\u00a0\u00bbtag:h6|font_size:14px|text_align:left|color:%23818181|line_height:1.2&Prime; use_theme_fonts=\u00a0\u00bbyes\u00a0\u00bb css=\u00a0\u00bb.vc_custom_1448317358146{margin-right: 10% !important;margin-bottom: 10px !important;margin-left: 10% !important;border-bottom-width: 2px !important;padding-bottom: 8px !important;border-bottom-color: #eaebed !important;border-bottom-style: solid !important;}\u00a0\u00bb][vc_custom_heading text=\u00a0\u00bb$6,000&Prime; font_container=\u00a0\u00bbtag:h1|font_size:32px|text_align:left|color:%231e1e1e|line_height:1.2&Prime; use_theme_fonts=\u00a0\u00bbyes\u00a0\u00bb css=\u00a0\u00bb.vc_custom_1448317363904{margin-right: 10% !important;margin-bottom: 35px !important;margin-left: 10% !important;}\u00a0\u00bb][vc_custom_heading text=\u00a0\u00bbFEATURES\u00a0\u00bb font_container=\u00a0\u00bbtag:h6|font_size:14px|text_align:left|color:%23818181|line_height:1.2&Prime; use_theme_fonts=\u00a0\u00bbyes\u00a0\u00bb css=\u00a0\u00bb.vc_custom_1448317373111{margin-right: 10% !important;margin-bottom: 10px !important;margin-left: 10% !important;border-bottom-width: 2px !important;padding-bottom: 8px !important;border-bottom-color: #eaebed !important;border-bottom-style: solid !important;}\u00a0\u00bb][vc_custom_heading text=\u00a0\u00bb<strong>Unlimited<\/strong> Golf Passes\u00a0\u00bb font_container=\u00a0\u00bbtag:div|font_size:14px|text_align:left|color:%23717171|line_height:1.2&Prime; use_theme_fonts=\u00a0\u00bbyes\u00a0\u00bb css=\u00a0\u00bb.vc_custom_1448317368532{margin-right: 10% !important;margin-bottom: 10px !important;margin-left: 10% !important;padding-bottom: 0px !important;}\u00a0\u00bb][vc_custom_heading text=\u00a0\u00bb<strong>24\/hr<\/strong> Clubhouse\u00a0\u00bb font_container=\u00a0\u00bbtag:div|font_size:14px|text_align:left|color:%23717171|line_height:1.2&Prime; use_theme_fonts=\u00a0\u00bbyes\u00a0\u00bb css=\u00a0\u00bb.vc_custom_1448317378759{margin-right: 10% !important;margin-bottom: 10px !important;margin-left: 10% !important;padding-bottom: 0px !important;}\u00a0\u00bb][vc_custom_heading text=\u00a0\u00bb<strong>Discounted<\/strong> Events\u00a0\u00bb font_container=\u00a0\u00bbtag:div|font_size:14px|text_align:left|color:%23717171|line_height:1.2&Prime; use_theme_fonts=\u00a0\u00bbyes\u00a0\u00bb css=\u00a0\u00bb.vc_custom_1448317390536{margin-right: 10% !important;margin-bottom: 10px !important;margin-left: 10% !important;padding-bottom: 0px !important;}\u00a0\u00bb][vc_custom_heading text=\u00a0\u00bb<strong>Monthly<\/strong> Tournaments\u00a0\u00bb font_container=\u00a0\u00bbtag:div|font_size:14px|text_align:left|color:%23717171|line_height:1.2&Prime; use_theme_fonts=\u00a0\u00bbyes\u00a0\u00bb css=\u00a0\u00bb.vc_custom_1448317399368{margin-right: 10% !important;margin-bottom: 10px !important;margin-left: 10% !important;padding-bottom: 0px !important;}\u00a0\u00bb][vc_custom_heading text=\u00a0\u00bb<strong>$250<\/strong> Gift Card\u00a0\u00bb font_container=\u00a0\u00bbtag:div|font_size:14px|text_align:left|color:%23717171|line_height:1.2&Prime; use_theme_fonts=\u00a0\u00bbyes\u00a0\u00bb css=\u00a0\u00bb.vc_custom_1448317404237{margin-right: 10% !important;margin-bottom: 10px !important;margin-left: 10% !important;padding-bottom: 0px !important;}\u00a0\u00bb][vc_btn title=\u00a0\u00bbGET THIS PACKAGE\u00a0\u00bb style=\u00a0\u00bbcustom\u00a0\u00bb custom_background=\u00a0\u00bb#c09b4d\u00a0\u00bb custom_text=\u00a0\u00bb#ffffff\u00a0\u00bb shape=\u00a0\u00bbsquare\u00a0\u00bb align=\u00a0\u00bbcenter\u00a0\u00bb link=\u00a0\u00bburl:%23||\u00a0\u00bb css=\u00a0\u00bb.vc_custom_1448318076858{margin-top: 35px !important;margin-bottom: 0px !important;background-color: #ffffff !important;}\u00a0\u00bb button_block=\u00a0\u00bbtrue\u00a0\u00bb][\/vc_column][vc_column width=\u00a0\u00bb1\/3&Prime; css=\u00a0\u00bb.vc_custom_1448317587521{border-top-width: 4px !important;padding-right: 0px !important;padding-left: 0px !important;background-color: #ffffff !important;border-top-color: #17267f !important;border-top-style: solid !important;}\u00a0\u00bb el_class=\u00a0\u00bbdrop-shadow-pro\u00a0\u00bb][vc_custom_heading text=\u00a0\u00bbROYAL\u00a0\u00bb font_container=\u00a0\u00bbtag:h1|font_size:32px|text_align:center|color:%2317267f\u00a0\u00bb use_theme_fonts=\u00a0\u00bbyes\u00a0\u00bb css=\u00a0\u00bb.vc_custom_1448317270906{margin-bottom: 5px !important;border-top-width: 0px !important;padding-top: 40px !important;padding-right: 9% !important;padding-bottom: 25px !important;padding-left: 9% !important;border-top-style: solid !important;}\u00a0\u00bb][vc_custom_heading text=\u00a0\u00bbFar far away, behind the word mountains, far from the countries Vokalia.\u00a0\u00bb font_container=\u00a0\u00bbtag:div|font_size:13px|text_align:left|color:%23818181|line_height:1.2&Prime; use_theme_fonts=\u00a0\u00bbyes\u00a0\u00bb css=\u00a0\u00bb.vc_custom_1448317421460{margin-right: 10% !important;margin-left: 10% !important;padding-bottom: 30px !important;}\u00a0\u00bb][vc_custom_heading text=\u00a0\u00bbPRICE\u00a0\u00bb font_container=\u00a0\u00bbtag:h6|font_size:14px|text_align:left|color:%23818181|line_height:1.2&Prime; use_theme_fonts=\u00a0\u00bbyes\u00a0\u00bb css=\u00a0\u00bb.vc_custom_1448317425997{margin-right: 10% !important;margin-bottom: 10px !important;margin-left: 10% !important;border-bottom-width: 2px !important;padding-bottom: 8px !important;border-bottom-color: #eaebed !important;border-bottom-style: solid !important;}\u00a0\u00bb][vc_custom_heading text=\u00a0\u00bb$7,000&Prime; font_container=\u00a0\u00bbtag:h1|font_size:32px|text_align:left|color:%231e1e1e|line_height:1.2&Prime; use_theme_fonts=\u00a0\u00bbyes\u00a0\u00bb css=\u00a0\u00bb.vc_custom_1448317437878{margin-right: 10% !important;margin-bottom: 35px !important;margin-left: 10% !important;}\u00a0\u00bb][vc_custom_heading text=\u00a0\u00bbFEATURES\u00a0\u00bb font_container=\u00a0\u00bbtag:h6|font_size:14px|text_align:left|color:%23818181|line_height:1.2&Prime; use_theme_fonts=\u00a0\u00bbyes\u00a0\u00bb css=\u00a0\u00bb.vc_custom_1448317443211{margin-right: 10% !important;margin-bottom: 10px !important;margin-left: 10% !important;border-bottom-width: 2px !important;padding-bottom: 8px !important;border-bottom-color: #eaebed !important;border-bottom-style: solid !important;}\u00a0\u00bb][vc_custom_heading text=\u00a0\u00bb<strong>Unlimited<\/strong> Golf Passes\u00a0\u00bb font_container=\u00a0\u00bbtag:div|font_size:14px|text_align:left|color:%23717171|line_height:1.2&Prime; use_theme_fonts=\u00a0\u00bbyes\u00a0\u00bb css=\u00a0\u00bb.vc_custom_1448317448047{margin-right: 10% !important;margin-bottom: 10px !important;margin-left: 10% !important;padding-bottom: 0px !important;}\u00a0\u00bb][vc_custom_heading text=\u00a0\u00bb<strong>24\/hr<\/strong> Clubhouse\u00a0\u00bb font_container=\u00a0\u00bbtag:div|font_size:14px|text_align:left|color:%23717171|line_height:1.2&Prime; use_theme_fonts=\u00a0\u00bbyes\u00a0\u00bb css=\u00a0\u00bb.vc_custom_1448317455894{margin-right: 10% !important;margin-bottom: 10px !important;margin-left: 10% !important;padding-bottom: 0px !important;}\u00a0\u00bb][vc_custom_heading text=\u00a0\u00bb<strong>Discounted<\/strong> Events\u00a0\u00bb font_container=\u00a0\u00bbtag:div|font_size:14px|text_align:left|color:%23717171|line_height:1.2&Prime; use_theme_fonts=\u00a0\u00bbyes\u00a0\u00bb css=\u00a0\u00bb.vc_custom_1448317460328{margin-right: 10% !important;margin-bottom: 10px !important;margin-left: 10% !important;padding-bottom: 0px !important;}\u00a0\u00bb][vc_custom_heading text=\u00a0\u00bb<strong>$300<\/strong> Gift Card\u00a0\u00bb font_container=\u00a0\u00bbtag:div|font_size:14px|text_align:left|color:%23717171|line_height:1.2&Prime; use_theme_fonts=\u00a0\u00bbyes\u00a0\u00bb css=\u00a0\u00bb.vc_custom_1448317548983{margin-right: 10% !important;margin-bottom: 10px !important;margin-left: 10% !important;padding-bottom: 0px !important;}\u00a0\u00bb][vc_btn title=\u00a0\u00bbGET THIS PACKAGE\u00a0\u00bb style=\u00a0\u00bbcustom\u00a0\u00bb custom_background=\u00a0\u00bb#17267f\u00a0\u00bb custom_text=\u00a0\u00bb#ffffff\u00a0\u00bb shape=\u00a0\u00bbsquare\u00a0\u00bb align=\u00a0\u00bbcenter\u00a0\u00bb link=\u00a0\u00bburl:%23||\u00a0\u00bb css=\u00a0\u00bb.vc_custom_1448318081367{margin-top: 35px !important;margin-bottom: 0px !important;background-color: #ffffff !important;}\u00a0\u00bb button_block=\u00a0\u00bbtrue\u00a0\u00bb][\/vc_column][\/vc_row][vc_row][vc_column][vc_custom_heading text=\u00a0\u00bbDERNI\u00c8RES NOUVELLES\u00a0\u00bb font_container=\u00a0\u00bbtag:h2|font_size:37px|text_align:center\u00a0\u00bb use_theme_fonts=\u00a0\u00bbyes\u00a0\u00bb css=\u00a0\u00bb.vc_custom_1558792592902{padding-top: 30px !important;padding-bottom: 50px !important;}\u00a0\u00bb][vc_basic_grid post_type=\u00a0\u00bbpost\u00a0\u00bb max_items=\u00a0\u00bb3&Prime; style=\u00a0\u00bbload-more\u00a0\u00bb grid_id=\u00a0\u00bbvc_gid:1684227996297-1a894d37-532f-10&Prime; btn_add_icon=\u00a0\u00bbtrue\u00a0\u00bb][\/vc_column][\/vc_row]<\/p>","protected":false},"excerpt":{"rendered":"<p>[vc_row css=\u00a0\u00bb.vc_custom_1467877204901{margin-bottom: 0px !important;}\u00a0\u00bb][vc_column css=\u00a0\u00bb.vc_custom_1468409087770{margin-bottom: -35px !important;}\u00a0\u00bb][rev_slider_vc alias=\u00a0\u00bbhome-fr\u00a0\u00bb][\/vc_column][\/vc_row][vc_row][vc_column][vc_column_text]&nbsp; Calendrier 2023[\/vc_column_text][\/vc_column][\/vc_row][vc_row full_width=\u00a0\u00bbstretch_row\u00a0\u00bb css=\u00a0\u00bb.vc_custom_1468409108209{margin-top: 0px !important;padding-top: 35px !important;padding-bottom: 0px !important;background-color: #000000 !important;}\u00a0\u00bb][vc_column [&hellip;]<\/p>\n","protected":false},"author":3,"featured_media":0,"parent":0,"menu_order":0,"comment_status":"closed","ping_status":"closed","template":"","meta":{"ngg_post_thumbnail":0},"acf":[],"_links":{"self":[{"href":"https:\/\/rcgcerdanya.com\/fr\/wp-json\/wp\/v2\/pages\/202"}],"collection":[{"href":"https:\/\/rcgcerdanya.com\/fr\/wp-json\/wp\/v2\/pages"}],"about":[{"href":"https:\/\/rcgcerdanya.com\/fr\/wp-json\/wp\/v2\/types\/page"}],"author":[{"embeddable":true,"href":"https:\/\/rcgcerdanya.com\/fr\/wp-json\/wp\/v2\/users\/3"}],"replies":[{"embeddable":true,"href":"https:\/\/rcgcerdanya.com\/fr\/wp-json\/wp\/v2\/comments?post=202"}],"version-history":[{"count":362,"href":"https:\/\/rcgcerdanya.com\/fr\/wp-json\/wp\/v2\/pages\/202\/revisions"}],"predecessor-version":[{"id":82326,"href":"https:\/\/rcgcerdanya.com\/fr\/wp-json\/wp\/v2\/pages\/202\/revisions\/82326"}],"wp:attachment":[{"href":"https:\/\/rcgcerdanya.com\/fr\/wp-json\/wp\/v2\/media?parent=202"}],"curies":[{"name":"wp","href":"https:\/\/api.w.org\/{rel}","templated":true}]}}