{"id":316,"date":"2016-05-10T12:50:11","date_gmt":"2016-05-10T12:50:11","guid":{"rendered":"http:\/\/rcgcerdanya.com\/?page_id=316"},"modified":"2020-01-24T11:56:07","modified_gmt":"2020-01-24T09:56:07","slug":"servicios","status":"publish","type":"page","link":"https:\/\/rcgcerdanya.com\/fr\/servicios\/","title":{"rendered":"Les Services"},"content":{"rendered":"<p>[vc_row][vc_column][vc_custom_heading text=\u00a0\u00bbDisponible toute l&rsquo;ann\u00e9e.&nbsp;Informez-vous en appelant au +34 972 141 408&Prime; font_container=\u00a0\u00bbtag:h3|font_size:20px|text_align:left\u00a0\u00bb use_theme_fonts=\u00a0\u00bbyes\u00a0\u00bb css=\u00a0\u00bb.vc_custom_1466004328353{margin-bottom: 30px !important;}\u00a0\u00bb][\/vc_column][\/vc_row][vc_row][vc_column width=\u00a0\u00bb1\/3&Prime;][vc_single_image image=\u00a0\u00bb748&Prime; img_size=\u00a0\u00bbfull\u00a0\u00bb alignment=\u00a0\u00bbcenter\u00a0\u00bb css_animation=\u00a0\u00bbtop-to-bottom\u00a0\u00bb css=\u00a0\u00bb.vc_custom_1464771385645{margin-bottom: 20px !important;}\u00a0\u00bb][vc_column_text css_animation=\u00a0\u00bbtop-to-bottom\u00a0\u00bb]Le si\u00e8ge social confortable, qui comprend: la r\u00e9ception, le pro-shop et une salle de club, mais aussi des salles communes avec des journaux, une t\u00e9l\u00e9vision et une connexion Wi-Fi. Id\u00e9al pour partager un bon moment avec des amis ou organiser des r\u00e9unions de travail.[\/vc_column_text][\/vc_column][vc_column width=\u00a0\u00bb1\/3&Prime;][vc_single_image image=\u00a0\u00bb1559&Prime; img_size=\u00a0\u00bbfull\u00a0\u00bb alignment=\u00a0\u00bbcenter\u00a0\u00bb css_animation=\u00a0\u00bbtop-to-bottom\u00a0\u00bb css=\u00a0\u00bb.vc_custom_1468573349390{margin-bottom: 20px !important;}\u00a0\u00bb][vc_column_text css_animation=\u00a0\u00bbtop-to-bottom\u00a0\u00bb]Situ\u00e9 dans le club house, il se caract\u00e9rise par la qualit\u00e9 des produits propos\u00e9s.[\/vc_column_text][\/vc_column][vc_column width=\u00a0\u00bb1\/3&Prime;][vc_single_image image=\u00a0\u00bb1544&Prime; img_size=\u00a0\u00bbfull\u00a0\u00bb alignment=\u00a0\u00bbcenter\u00a0\u00bb css_animation=\u00a0\u00bbtop-to-bottom\u00a0\u00bb css=\u00a0\u00bb.vc_custom_1468573364254{margin-bottom: 20px !important;}\u00a0\u00bb][vc_column_text]Trouvez tous les articles de base pour la pratique du golf et une vari\u00e9t\u00e9 de mat\u00e9riel personnalis\u00e9 avec le logo du club.[\/vc_column_text][\/vc_column][\/vc_row][vc_row][vc_column width=\u00a0\u00bb1\/3&Prime;][vc_single_image image=\u00a0\u00bb1551&Prime; img_size=\u00a0\u00bbfull\u00a0\u00bb alignment=\u00a0\u00bbcenter\u00a0\u00bb css_animation=\u00a0\u00bbtop-to-bottom\u00a0\u00bb css=\u00a0\u00bb.vc_custom_1468573378263{margin-bottom: 20px !important;}\u00a0\u00bb][vc_column_text css_animation=\u00a0\u00bbtop-to-bottom\u00a0\u00bb]Ils comprennent des casiers personnels et service de serviettes.[\/vc_column_text][\/vc_column][vc_column width=\u00a0\u00bb1\/3&Prime;][vc_single_image image=\u00a0\u00bb1547&Prime; img_size=\u00a0\u00bbfull\u00a0\u00bb alignment=\u00a0\u00bbcenter\u00a0\u00bb css_animation=\u00a0\u00bbtop-to-bottom\u00a0\u00bb css=\u00a0\u00bb.vc_custom_1468573390495{margin-bottom: 20px !important;}\u00a0\u00bb][vc_column_text css_animation=\u00a0\u00bbtop-to-bottom\u00a0\u00bb]Ouvert du 15 juin au 15 septembre, il dispose d&rsquo;une belle terrasse, de vestiaires et d&rsquo;un service de bar.[\/vc_column_text][\/vc_column][vc_column width=\u00a0\u00bb1\/3&Prime;][vc_single_image image=\u00a0\u00bb1546&Prime; img_size=\u00a0\u00bbfull\u00a0\u00bb alignment=\u00a0\u00bbcenter\u00a0\u00bb css_animation=\u00a0\u00bbtop-to-bottom\u00a0\u00bb css=\u00a0\u00bb.vc_custom_1468573404328{margin-bottom: 20px !important;}\u00a0\u00bb][vc_column_text css_animation=\u00a0\u00bbtop-to-bottom\u00a0\u00bb]Piste synth\u00e9tique.[\/vc_column_text][\/vc_column][\/vc_row][vc_row][vc_column width=\u00a0\u00bb1\/3&Prime;][vc_single_image image=\u00a0\u00bb1562&Prime; img_size=\u00a0\u00bbfull\u00a0\u00bb alignment=\u00a0\u00bbcenter\u00a0\u00bb css_animation=\u00a0\u00bbtop-to-bottom\u00a0\u00bb css=\u00a0\u00bb.vc_custom_1468574303714{margin-bottom: 20px !important;}\u00a0\u00bb][vc_column_text css_animation=\u00a0\u00bbtop-to-bottom\u00a0\u00bb]Pour droitiers, gauchers, hommes, femmes et enfants.[\/vc_column_text][\/vc_column][vc_column width=\u00a0\u00bb1\/3&Prime;][vc_single_image image=\u00a0\u00bb1549&Prime; img_size=\u00a0\u00bbfull\u00a0\u00bb alignment=\u00a0\u00bbcenter\u00a0\u00bb css_animation=\u00a0\u00bbtop-to-bottom\u00a0\u00bb css=\u00a0\u00bb.vc_custom_1468573426571{margin-bottom: 20px !important;}\u00a0\u00bb][vc_column_text]Deux courts de paddle-tennis \u00e9clair\u00e9s.[\/vc_column_text][\/vc_column][vc_column width=\u00a0\u00bb1\/3&Prime;][vc_single_image image=\u00a0\u00bb1564&Prime; img_size=\u00a0\u00bbfull\u00a0\u00bb alignment=\u00a0\u00bbcenter\u00a0\u00bb css_animation=\u00a0\u00bbtop-to-bottom\u00a0\u00bb css=\u00a0\u00bb.vc_custom_1468574332553{margin-bottom: 20px !important;}\u00a0\u00bb][vc_column_text css_animation=\u00a0\u00bbtop-to-bottom\u00a0\u00bb]R\u00e9nov\u00e9 en 2016, il permet de taper des balles en gazon naturel et comprend une zone en gazon synth\u00e9tique pouvant accueillir 30 personnes, dont 10 sont couvertes en cas de pluie.[\/vc_column_text][\/vc_column][\/vc_row][vc_row][vc_column width=\u00a0\u00bb1\/3&Prime;][vc_single_image image=\u00a0\u00bb1558&Prime; img_size=\u00a0\u00bbfull\u00a0\u00bb alignment=\u00a0\u00bbcenter\u00a0\u00bb css_animation=\u00a0\u00bbtop-to-bottom\u00a0\u00bb css=\u00a0\u00bb.vc_custom_1468573448474{margin-bottom: 20px !important;}\u00a0\u00bb][vc_column_text css_animation=\u00a0\u00bbtop-to-bottom\u00a0\u00bb]Nous avons une flotte de voiturettes et de chariots \u00e9lectriques \u00e0 louer.[\/vc_column_text][\/vc_column][vc_column width=\u00a0\u00bb1\/3&Prime;][vc_single_image image=\u00a0\u00bb1556&Prime; img_size=\u00a0\u00bbfull\u00a0\u00bb alignment=\u00a0\u00bbcenter\u00a0\u00bb css_animation=\u00a0\u00bbtop-to-bottom\u00a0\u00bb css=\u00a0\u00bb.vc_custom_1468573461731{margin-bottom: 20px !important;}\u00a0\u00bb][vc_column_text css_animation=\u00a0\u00bbtop-to-bottom\u00a0\u00bb]Vous pouvez profiter de le\u00e7ons priv\u00e9es ou de groupe. De plus, nous proposons des cours collectifs pour enfants pour les membres et les membres de la famille![\/vc_column_text][\/vc_column][vc_column width=\u00a0\u00bb1\/3&Prime;][vc_single_image image=\u00a0\u00bb1554&Prime; img_size=\u00a0\u00bbfull\u00a0\u00bb alignment=\u00a0\u00bbcenter\u00a0\u00bb css_animation=\u00a0\u00bbtop-to-bottom\u00a0\u00bb css=\u00a0\u00bb.vc_custom_1468573476299{margin-bottom: 20px !important;}\u00a0\u00bb][vc_column_text css_animation=\u00a0\u00bbtop-to-bottom\u00a0\u00bb]Deux espaces d&rsquo;approach et putting.[\/vc_column_text][\/vc_column][\/vc_row][vc_row][vc_column width=\u00a0\u00bb1\/3&Prime;][vc_single_image image=\u00a0\u00bb766&Prime; img_size=\u00a0\u00bbfull\u00a0\u00bb alignment=\u00a0\u00bbcenter\u00a0\u00bb css_animation=\u00a0\u00bbtop-to-bottom\u00a0\u00bb css=\u00a0\u00bb.vc_custom_1464773268132{margin-bottom: 20px !important;}\u00a0\u00bb][vc_raw_html]JTNDcCUyMGNsYXNzJTNEJTIydGl0dWxvX2hvdGVsJTIyJTNFQ2hhbGV0JTIwZGUlMjBHb2xmJTJDJTIwSG90ZWwlMjBDb2xhYm9yYWRvciUyMCUzQyUyRnAlM0UlMEElM0NwJTIwY2xhc3MlM0QlMjJzdWJ0aXR1bG9faG90ZWwlMjIlM0VFbCUyMGhvdGVsJTIwZXN0JUMzJUExJTIwc2l0dWFkbyUyMGVuJTIwZWwlMjBtaXNtbyUyMGNhbXBvJTNDJTJGcCUzRSUwQSUzQ2ElMjB0aXRsZSUzRCUyMnRvcnJlbWVpJTIyJTIwaHJlZiUzRCUyMnd3dy5jaGFsZXRkZWxnb2xmLmNvbSUyMiUzRVNpdGlvJTIwd2ViJTNDJTJGYSUzRSUyMCU3QyUyMCUzQ2ElMjBocmVmJTNEJTIybWFpbHRvJTNBaW5mbyU0MGNoYWxldGRlbGdvbGYuY29tJTIyJTNFRW1haWwlM0MlMkZhJTNFJTIwJTdDJTIwJTNDc3Ryb25nJTNFVGVsLiUzQyUyRnN0cm9uZyUzRSUyMCUyQjM0JTIwOTcyJTIwODglMjA0MyUyMDIw[\/vc_raw_html][\/vc_column][vc_column width=\u00a0\u00bb1\/3&Prime;][vc_single_image image=\u00a0\u00bb773&Prime; img_size=\u00a0\u00bbfull\u00a0\u00bb alignment=\u00a0\u00bbcenter\u00a0\u00bb css_animation=\u00a0\u00bbtop-to-bottom\u00a0\u00bb css=\u00a0\u00bb.vc_custom_1464773287368{margin-bottom: 20px !important;}\u00a0\u00bb][vc_raw_html]JTNDcCUyMGNsYXNzJTNEJTIydGl0dWxvX2hvdGVsJTIyJTNFVG9ycmUlMjBkZWwlMjBSZW1laSUyQyUyMEhvdGVsJTIwQ29sYWJvcmFkb3IlM0MlMkZwJTNFJTBBJTNDcCUyMGNsYXNzJTNEJTIyc3VidGl0dWxvX2hvdGVsJTIyJTNFRWwlMjBob3RlbCUyMGVzdCVDMyVBMSUyMHNpdHVhZG8lMjBhJTIwMSUyMGttJTIwZGVsJTIwY2FtcG8lM0MlMkZwJTNFJTBBJTNDYSUyMHRpdGxlJTNEJTIydG9ycmVtZWklMjIlMjBocmVmJTNEJTIyd3d3LnJlbGFpcy5jb20lMkZ0b3JyZXJlbWVpJTIyJTNFU2l0aW8lMjB3ZWIlM0MlMkZhJTNFJTIwJTdDJTIwJTNDYSUyMGhyZWYlM0QlMjJtYWlsdG8lM0F0b3JyZXJlbWVpJTQwcmVsYWlzY2hhdGVhdXguY29tJTIyJTNFRW1haWwlM0MlMkZhJTNFJTIwJTdDJTIwJTNDc3Ryb25nJTNFVGVsLiUzQyUyRnN0cm9uZyUzRSUyMCUyQjM0JTIwOTcyJTIwMTQlMjAwMSUyMDgy[\/vc_raw_html][\/vc_column][vc_column width=\u00a0\u00bb1\/3&Prime;][vc_single_image image=\u00a0\u00bb775&Prime; img_size=\u00a0\u00bbfull\u00a0\u00bb alignment=\u00a0\u00bbcenter\u00a0\u00bb css_animation=\u00a0\u00bbtop-to-bottom\u00a0\u00bb css=\u00a0\u00bb.vc_custom_1464773299184{margin-bottom: 20px !important;}\u00a0\u00bb][vc_raw_html]JTNDcCUyMGNsYXNzJTNEJTIydGl0dWxvX2hvdGVsJTIyJTNFVmlsbGElMjBQYXVsaXRhJTJDJTIwSG90ZWwlMjBDb2xhYm9yYWRvciUyMCUzQyUyRnAlM0UlMEElM0NwJTIwY2xhc3MlM0QlMjJzdWJ0aXR1bG9faG90ZWwlMjIlM0VFbCUyMGhvdGVsJTIwZXN0JUMzJUExJTIwc2l0dWFkbyUyMGVuJTIwUHVpZ2NlcmQlQzMlQTElM0MlMkZwJTNFJTBBJTNDYSUyMHRpdGxlJTNEJTIydG9ycmVtZWklMjIlMjBocmVmJTNEJTIyd3d3LnZpbGxhcGF1bGl0YWhvdGVsLmNvbSUyMiUzRVNpdGlvJTIwd2ViJTNDJTJGYSUzRSUyMCU3QyUyMCUzQ2ElMjBocmVmJTNEJTIybWFpbHRvJTNBcmVjZXBjaW9uJTQwdmlsbGFwYXVsaXRhaG90ZWwuY29tJTIyJTNFRW1haWwlM0MlMkZhJTNFJTIwJTdDJTIwJTNDc3Ryb25nJTNFVGVsLiUzQyUyRnN0cm9uZyUzRSUyMCUyQjM0JTIwOTcyJTIwODglMjA0NiUyMDIy[\/vc_raw_html][\/vc_column][\/vc_row][vc_row css=\u00a0\u00bb.vc_custom_1446580415401{margin-top: 45px !important;margin-bottom: 80px !important;}\u00a0\u00bb][vc_column][\/vc_column][\/vc_row][vc_row full_width=\u00a0\u00bbstretch_row\u00a0\u00bb parallax=\u00a0\u00bbcontent-moving\u00a0\u00bb css=\u00a0\u00bb.vc_custom_1462958433895{padding-top: 110px !important;padding-bottom: 110px !important;background: #8ea96f url(https:\/\/rcgcerdanya.com\/wp-content\/uploads\/2015\/11\/Unknown-1.jpeg?id=103);background-position:center;background-repeat:-repeat !important;background-size: cover !important;}\u00a0\u00bb el_class=\u00a0\u00bbdisplay\u00a0\u00bb][vc_column][vc_custom_heading text=\u00a0\u00bbMEMBERSHIP BENEFITS\u00a0\u00bb font_container=\u00a0\u00bbtag:h2|font_size:40px|text_align:center|color:%23ffffff\u00a0\u00bb use_theme_fonts=\u00a0\u00bbyes\u00a0\u00bb][vc_custom_heading text=\u00a0\u00bbPreferential members\u2019 rates on all fitness classes<br \/>\nAccess to exclusive Members\u2019 Lounge<br \/>\n20% discount in all restaurants including Members\u2019 Lounge<br \/>\n12 x complimentary fitness class vouchers<br \/>\nComplimentary access to weekly Circuit Training and TRX classes<br \/>\nInvitation to Annual Royal Country Club members\u2019 party\u00a0\u00bb font_container=\u00a0\u00bbtag:h5|font_size:18px|text_align:center|color:%23ffffff|line_height:1.8&Prime; use_theme_fonts=\u00a0\u00bbyes\u00a0\u00bb][\/vc_column][\/vc_row][vc_row css=\u00a0\u00bb.vc_custom_1462958539787{margin-top: 80px !important;margin-bottom: 20px !important;}\u00a0\u00bb el_class=\u00a0\u00bbdisplay\u00a0\u00bb][vc_column][vc_custom_heading text=\u00a0\u00bbBECOME A MEMBER\u00a0\u00bb font_container=\u00a0\u00bbtag:h2|font_size:40px|text_align:center\u00a0\u00bb use_theme_fonts=\u00a0\u00bbyes\u00a0\u00bb css=\u00a0\u00bb.vc_custom_1448318145497{margin-bottom: 25px !important;}\u00a0\u00bb][vc_custom_heading text=\u00a0\u00bbTo make a Membership enquiry, please fill in the form below.<br \/>\nA member of our team will get in touch with you within 24 hours.\u00a0\u00bb font_container=\u00a0\u00bbtag:h5|font_size:18px|text_align:center\u00a0\u00bb use_theme_fonts=\u00a0\u00bbyes\u00a0\u00bb css=\u00a0\u00bb.vc_custom_1448318193388{margin-bottom: 50px !important;padding-right: 50px !important;padding-left: 50px !important;}\u00a0\u00bb]\n<div class=\"wpcf7 no-js\" id=\"wpcf7-f4-o3\" lang=\"en-US\" dir=\"ltr\">\n<div class=\"screen-reader-response\"><p role=\"status\" aria-live=\"polite\" aria-atomic=\"true\"><\/p> <ul><\/ul><\/div>\n<form action=\"\/fr\/wp-json\/wp\/v2\/pages\/316#wpcf7-f4-o3\" method=\"post\" class=\"wpcf7-form init\" aria-label=\"Contact form\" novalidate=\"novalidate\" data-status=\"init\">\n<div style=\"display: none;\">\n<input type=\"hidden\" name=\"_wpcf7\" value=\"4\" \/>\n<input type=\"hidden\" name=\"_wpcf7_version\" value=\"5.7.7\" \/>\n<input type=\"hidden\" name=\"_wpcf7_locale\" value=\"en_US\" \/>\n<input type=\"hidden\" name=\"_wpcf7_unit_tag\" value=\"wpcf7-f4-o3\" \/>\n<input type=\"hidden\" name=\"_wpcf7_container_post\" value=\"0\" \/>\n<input type=\"hidden\" name=\"_wpcf7_posted_data_hash\" value=\"\" \/>\n<\/div>\n<p><span class=\"wpcf7-form-control-wrap\" data-name=\"your-name\"><input size=\"40\" class=\"wpcf7-form-control wpcf7-text wpcf7-validates-as-required\" aria-required=\"true\" aria-invalid=\"false\" placeholder=\"Nombre\" value=\"\" type=\"text\" name=\"your-name\" \/><\/span>\n<\/p>\n<p><span class=\"wpcf7-form-control-wrap\" data-name=\"your-email\"><input size=\"40\" class=\"wpcf7-form-control wpcf7-text wpcf7-email wpcf7-validates-as-required wpcf7-validates-as-email\" aria-required=\"true\" aria-invalid=\"false\" placeholder=\"E-mail\" value=\"\" type=\"email\" name=\"your-email\" \/><\/span>\n<\/p>\n<p><span class=\"wpcf7-form-control-wrap\" data-name=\"your-message\"><textarea cols=\"40\" rows=\"10\" class=\"wpcf7-form-control wpcf7-textarea\" aria-invalid=\"false\" placeholder=\"Mensaje\" name=\"your-message\"><\/textarea><\/span>\n<\/p>\n<p><span class=\"wpcf7-form-control-wrap\" data-name=\"acceptance-10\"><span class=\"wpcf7-form-control wpcf7-acceptance\"><span class=\"wpcf7-list-item\"><input type=\"checkbox\" name=\"acceptance-10\" value=\"1\" aria-invalid=\"false\" \/><\/span><\/span><\/span>He le\u00eddo y acepto la <a href=\"https:\/\/rcgcerdanya.com\/wp-content\/uploads\/2016\/07\/Aviso_legal_cas.pdf\" target=\"_blank\">pol\u00edtica de privacidad<\/a>\n<\/p>\n<p><input class=\"wpcf7-form-control has-spinner wpcf7-submit\" type=\"submit\" value=\"Enviar\" \/>\n<\/p><p style=\"display: none !important;\"><label>&#916;<textarea name=\"_wpcf7_ak_hp_textarea\" cols=\"45\" rows=\"8\" maxlength=\"100\"><\/textarea><\/label><input type=\"hidden\" id=\"ak_js_3\" name=\"_wpcf7_ak_js\" value=\"118\"\/><script>document.getElementById( \"ak_js_3\" ).setAttribute( \"value\", ( new Date() ).getTime() );<\/script><\/p><div class=\"wpcf7-response-output\" aria-hidden=\"true\"><\/div>\n<\/form>\n<\/div>\n[\/vc_column][\/vc_row]<\/p>","protected":false},"excerpt":{"rendered":"<p>[vc_row][vc_column][vc_custom_heading text=\u00a0\u00bbDisponible toute l&rsquo;ann\u00e9e.&nbsp;Informez-vous en appelant au +34 972 141 408&Prime; font_container=\u00a0\u00bbtag:h3|font_size:20px|text_align:left\u00a0\u00bb use_theme_fonts=\u00a0\u00bbyes\u00a0\u00bb css=\u00a0\u00bb.vc_custom_1466004328353{margin-bottom: 30px !important;}\u00a0\u00bb][\/vc_column][\/vc_row][vc_row][vc_column width=\u00a0\u00bb1\/3&Prime;][vc_single_image image=\u00a0\u00bb748&Prime; img_size=\u00a0\u00bbfull\u00a0\u00bb alignment=\u00a0\u00bbcenter\u00a0\u00bb [&hellip;]<\/p>\n","protected":false},"author":3,"featured_media":0,"parent":0,"menu_order":0,"comment_status":"closed","ping_status":"closed","template":"","meta":{"ngg_post_thumbnail":0},"acf":[],"_links":{"self":[{"href":"https:\/\/rcgcerdanya.com\/fr\/wp-json\/wp\/v2\/pages\/316"}],"collection":[{"href":"https:\/\/rcgcerdanya.com\/fr\/wp-json\/wp\/v2\/pages"}],"about":[{"href":"https:\/\/rcgcerdanya.com\/fr\/wp-json\/wp\/v2\/types\/page"}],"author":[{"embeddable":true,"href":"https:\/\/rcgcerdanya.com\/fr\/wp-json\/wp\/v2\/users\/3"}],"replies":[{"embeddable":true,"href":"https:\/\/rcgcerdanya.com\/fr\/wp-json\/wp\/v2\/comments?post=316"}],"version-history":[{"count":106,"href":"https:\/\/rcgcerdanya.com\/fr\/wp-json\/wp\/v2\/pages\/316\/revisions"}],"predecessor-version":[{"id":5569,"href":"https:\/\/rcgcerdanya.com\/fr\/wp-json\/wp\/v2\/pages\/316\/revisions\/5569"}],"wp:attachment":[{"href":"https:\/\/rcgcerdanya.com\/fr\/wp-json\/wp\/v2\/media?parent=316"}],"curies":[{"name":"wp","href":"https:\/\/api.w.org\/{rel}","templated":true}]}}