{"id":332,"date":"2016-05-11T09:31:01","date_gmt":"2016-05-11T09:31:01","guid":{"rendered":"http:\/\/rcgcerdanya.com\/?page_id=332"},"modified":"2026-04-01T12:34:26","modified_gmt":"2026-04-01T10:34:26","slug":"correspondencias","status":"publish","type":"page","link":"https:\/\/rcgcerdanya.com\/fr\/correspondencias\/","title":{"rendered":"R\u00e9procit\u00e9s"},"content":{"rendered":"<p>[vc_row][vc_column][vc_custom_heading text=\u00a0\u00bbLos socios del RCG de Cerda\u00f1a, pueden aprovechar los siguientes acuerdos de colaboraci\u00f3n:<\/p>\n<p>Para poder disfrutar de ellos, deber\u00e1n contactar con antelaci\u00f3n con la recepci\u00f3n del R.C.G.Cerda\u00f1a, d\u00f3nde les informar\u00e1n de las condiciones de cada Club y realizar\u00e1n las gestiones oportunas para la solicitud de correspondencia.\u00a0\u00bb font_container=\u00a0\u00bbtag:h3|font_size:20px|text_align:left\u00a0\u00bb use_theme_fonts=\u00a0\u00bbyes\u00a0\u00bb css=\u00a0\u00bb.vc_custom_1512377804268{margin-bottom: 30px !important;}\u00a0\u00bb][\/vc_column][\/vc_row][vc_row content_placement=\u00a0\u00bbmiddle\u00a0\u00bb][vc_column][vc_custom_heading text=\u00a0\u00bbDE TEMPORADA\u00a0\u00bb font_container=\u00a0\u00bbtag:h2|text_align:center\u00a0\u00bb use_theme_fonts=\u00a0\u00bbyes\u00a0\u00bb][\/vc_column][\/vc_row][vc_row][vc_column][vc_separator][\/vc_column][\/vc_row][vc_row content_placement=\u00a0\u00bbmiddle\u00a0\u00bb][vc_column][vc_column_text]<\/p>\n<h3 class=\"titulo_centros\">GOLF VALLROMANES<\/h3>\n<p>[\/vc_column_text][\/vc_column][\/vc_row][vc_row][vc_column][vc_separator][\/vc_column][\/vc_row][vc_row][vc_column width=\u00a0\u00bb1\/4&Prime;][vc_single_image image=\u00a0\u00bb2679&Prime; img_size=\u00a0\u00bb270&#215;100&Prime; alignment=\u00a0\u00bbcenter\u00a0\u00bb css=\u00a0\u00bb.vc_custom_1510415323066{background-color: #ffffff !important;}\u00a0\u00bb el_class=\u00a0\u00bblogo_correspondencia\u00a0\u00bb][\/vc_column][vc_column width=\u00a0\u00bb3\/4&Prime;][vc_column_text]<\/p>\n<p class=\"p1\">Correspondencia con pago de 15\u20ac, los meses de octubre, noviembre, diciembre y enero, con un total de 8 bolsas, repartidas de lunes a viernes (excepto los martes), y 8 bolsas repartidas entre los d\u00edas del fin de semana o puente festivo, con un m\u00e1ximo de 2 visitas semanales por jugador.<br \/>\nLas bolsas adicionales tendr\u00e1n un green fee de 40\u20ac por jugador los d\u00edas laborables y 50\u20ac los festivos.<\/p>\n<p>(+34) 93 572 90 64&nbsp; |&nbsp;<a href=\"mailto:info@golfvallromanes.com\">info@golfvallromanes.com<\/a>[\/vc_column_text][\/vc_column][\/vc_row][vc_row][vc_column][vc_column_text]<\/p>\n<h3 class=\"titulo_centros\">GOLF LLAVANERAS<\/h3>\n<p>[\/vc_column_text][\/vc_column][\/vc_row][vc_row][vc_column][vc_row_inner][vc_column_inner width=\u00a0\u00bb1\/4&Prime;][vc_single_image image=\u00a0\u00bb491&Prime; img_size=\u00a0\u00bb270&#215;100&Prime; alignment=\u00a0\u00bbcenter\u00a0\u00bb css=\u00a0\u00bb.vc_custom_1469527100009{background-color: #ffffff !important;}\u00a0\u00bb el_class=\u00a0\u00bblogo_correspondencia\u00a0\u00bb][\/vc_column_inner][vc_column_inner width=\u00a0\u00bb3\/4&Prime;][vc_column_text]Correspondencia con derecho de juego de 15\u20ac los laborables y 30\u20ac los fines de semana y festivos, los meses de enero, febrero y marzo excepto del Viernes Santo al Lunes de Pascua, ambos incluidos, y puentes festivos; con un l\u00edmite de 8 bolsas diarias, y 2 visitas semanales por jugador.<\/p>\n<p>(+34) 93 792 60 50 |&nbsp;<a href=\"mailto:club@golfllavaneras.com\">club@golfllavaneras.com<\/a>[\/vc_column_text][\/vc_column_inner][\/vc_row_inner][\/vc_column][\/vc_row][vc_row][vc_column][vc_column_text]<\/p>\n<h3 class=\"titulo_centros\">GOLF MONTANYA<\/h3>\n<p>[\/vc_column_text][vc_row_inner][vc_column_inner width=\u00a0\u00bb1\/4&Prime;][vc_single_image image=\u00a0\u00bb492&Prime; img_size=\u00a0\u00bb270&#215;100&Prime; alignment=\u00a0\u00bbcenter\u00a0\u00bb css=\u00a0\u00bb.vc_custom_1469527106066{background-color: #ffffff !important;}\u00a0\u00bb el_class=\u00a0\u00bblogo_correspondencia\u00a0\u00bb][\/vc_column_inner][vc_column_inner width=\u00a0\u00bb3\/4&Prime;][vc_column_text]Correspondencia con derecho de juego de 4\u20ac los d\u00edas laborables y 5\u20ac en fin de semana y festivos, los meses de febrero, marzo y abril excepto del Viernes Santo al Lunes de Pascua, ambos incluidos, y puentes festivos; con un l\u00edmite de 8 bolsas diarias, y 2 visitas semanales por jugador.<\/p>\n<p>(+34) 93 884 01 70 &nbsp;|&nbsp;<a href=\"mailto:info@golfmontanya.com\">info@golfmontanya.com<\/a>[\/vc_column_text][\/vc_column_inner][\/vc_row_inner][vc_column_text]<\/p>\n<h3 class=\"titulo_centros\">CLUB DE GOLF BARCELONA<\/h3>\n<p>[\/vc_column_text][vc_row_inner][vc_column_inner width=\u00a0\u00bb1\/4&Prime;][vc_single_image image=\u00a0\u00bb4487&Prime; img_size=\u00a0\u00bb270&#215;100&Prime; alignment=\u00a0\u00bbcenter\u00a0\u00bb css=\u00a0\u00bb.vc_custom_1541158774704{background-color: #ffffff !important;}\u00a0\u00bb el_class=\u00a0\u00bblogo_correspondencia\u00a0\u00bb][\/vc_column_inner][vc_column_inner width=\u00a0\u00bb3\/4&Prime;][vc_column_text]Correspondencia de lunes a viernes laborables con derecho de juego de 3\u20ac, los meses de diciembre, enero y febrero; con un l\u00edmite de 8 bolsas diarias, y 10 visitas por jugador al a\u00f1o.<\/p>\n<p>(+34) 937 728 800 | &nbsp;<a class=\"blau bold\" href=\"mailto:info@golfdepals.com\">recepcio@golfdebarcelona.com<\/a>[\/vc_column_text][\/vc_column_inner][\/vc_row_inner][\/vc_column][\/vc_row][vc_row][vc_column][vc_column_text]<\/p>\n<p>&nbsp;<\/p>\n<h3 class=\"titulo_centros\">CLUB DE GOLF ULZAMA<\/h3>\n<p>[\/vc_column_text][vc_row_inner][vc_column_inner width=\u00a0\u00bb1\/4&Prime;][vc_single_image image=\u00a0\u00bb449&Prime; img_size=\u00a0\u00bb270&#215;100&Prime; alignment=\u00a0\u00bbcenter\u00a0\u00bb css=\u00a0\u00bb.vc_custom_1467366316078{background-color: #ffffff !important;}\u00a0\u00bb el_class=\u00a0\u00bblogo_correspondencia\u00a0\u00bb][\/vc_column_inner][vc_column_inner width=\u00a0\u00bb3\/4&Prime;][vc_column_text]Correspondencia con derecho de juego de 10\u20ac, excepto Semana Santa, Agosto y puentes festivos. El l\u00edmite son 6 bolsas diarias. Un mismo jugador no sobrepasar\u00e1 los 10 d\u00edas anuales.<\/p>\n<p>Contacto:&nbsp;<a href=\"mailto:laura@golfulzama.com\">laura@golfulzama.com<\/a>[\/vc_column_text][\/vc_column_inner][\/vc_row_inner][\/vc_column][\/vc_row][vc_row][vc_column][vc_column_text]<\/p>\n<h3 class=\"titulo_centros\">REAL CLUB DE GOLF DE LAS PALMAS<\/h3>\n<p>[\/vc_column_text][vc_row_inner][vc_column_inner width=\u00a0\u00bb1\/4&Prime;][vc_single_image image=\u00a0\u00bb463&Prime; img_size=\u00a0\u00bb270&#215;100&Prime; alignment=\u00a0\u00bbcenter\u00a0\u00bb css=\u00a0\u00bb.vc_custom_1467364906814{background-color: #ffffff !important;}\u00a0\u00bb el_class=\u00a0\u00bblogo_correspondencia\u00a0\u00bb][\/vc_column_inner][vc_column_inner width=\u00a0\u00bb3\/4&Prime;][vc_column_text]Correspondencia con derecho de juego de 8\u20ac de lunes a viernes<\/p>\n<p>(+34) 928 35 01 04 |&nbsp;<a class=\"LK-10PT\" href=\"mailto:rcglp@realclubdegolfdelaspalmas.com\">rcglp@realclubdegolfdelaspalmas.com<\/a>[\/vc_column_text][\/vc_column_inner][\/vc_row_inner][\/vc_column][\/vc_row][vc_row][vc_column][vc_column_text]<\/p>\n<h3 class=\"titulo_centros\">REAL CLUB PINEDA DE SEVILLA<\/h3>\n<p>[\/vc_column_text][vc_row_inner][vc_column_inner width=\u00a0\u00bb1\/4&Prime;][vc_single_image image=\u00a0\u00bb455&Prime; img_size=\u00a0\u00bb270&#215;100&Prime; alignment=\u00a0\u00bbcenter\u00a0\u00bb css=\u00a0\u00bb.vc_custom_1467364913495{background-color: #ffffff !important;}\u00a0\u00bb el_class=\u00a0\u00bblogo_correspondencia\u00a0\u00bb][\/vc_column_inner][vc_column_inner width=\u00a0\u00bb3\/4&Prime;][vc_column_text]Los socios de ambas entidades podr\u00e1n utilizar las instalaciones del&nbsp;Club, durante veinte d\u00edas al a\u00f1o, en id\u00e9nticas condiciones que los&nbsp;socios titulares.<\/p>\n<p>Contacto: (+34) 95 412 43 01[\/vc_column_text][\/vc_column_inner][\/vc_row_inner][\/vc_column][\/vc_row][vc_row][vc_column][vc_column_text]<\/p>\n<h3 class=\"titulo_centros\">REAL GOLF DE PEDRE\u00d1A<\/h3>\n<p>[\/vc_column_text][vc_row_inner][vc_column_inner width=\u00a0\u00bb1\/4&Prime;][vc_single_image image=\u00a0\u00bb450&Prime; img_size=\u00a0\u00bb270&#215;100&Prime; alignment=\u00a0\u00bbcenter\u00a0\u00bb css=\u00a0\u00bb.vc_custom_1467364918512{background-color: #ffffff !important;}\u00a0\u00bb el_class=\u00a0\u00bblogo_correspondencia\u00a0\u00bb][\/vc_column_inner][vc_column_inner width=\u00a0\u00bb3\/4&Prime;][vc_column_text]<span style=\"line-height: 1.5;\">Correspondencia con derecho de juego de 8\u20ac, excepto Agosto, no<br \/>\nsobrepasando un mismo jugador los 20 d\u00edas anuales, con un l\u00edmite de 4 bolsas diarias.<\/span><\/p>\n<p>(+34) 94 250 00 01 |&nbsp;<a href=\"mailto:info@rgpedrena.es\">info@rgpedrena.es<\/a>[\/vc_column_text][\/vc_column_inner][\/vc_row_inner][\/vc_column][\/vc_row][vc_row][vc_column][vc_column_text]<\/p>\n<h3 class=\"titulo_centros\">REAL SOCIEDAD DE GOLF DE NEGURI<\/h3>\n<p>[\/vc_column_text][vc_row_inner][vc_column_inner width=\u00a0\u00bb1\/4&Prime;][vc_single_image image=\u00a0\u00bb490&Prime; img_size=\u00a0\u00bb270&#215;100&Prime; alignment=\u00a0\u00bbcenter\u00a0\u00bb css=\u00a0\u00bb.vc_custom_1467364926591{background-color: #ffffff !important;}\u00a0\u00bb el_class=\u00a0\u00bblogo_correspondencia\u00a0\u00bb][\/vc_column_inner][vc_column_inner width=\u00a0\u00bb3\/4&Prime;][vc_column_text]<span style=\"line-height: 1.5;\">Correspondencia gratuita con los mismos derechos y obligaciones que sus socios, no sobrepasando un mismo jugador los 20 d\u00edas anuales, con un l\u00edmite de 8 bolsas diarias.<\/span><\/p>\n<p>(+34) 944 910 200 |&nbsp;<a href=\"mailto:rsgn@rsgolfneguri.com\">rsgn@rsgolfneguri.com<\/a>[\/vc_column_text][\/vc_column_inner][\/vc_row_inner][\/vc_column][\/vc_row][vc_row][vc_column][vc_separator][\/vc_column][\/vc_row][vc_row content_placement=\u00a0\u00bbmiddle\u00a0\u00bb][vc_column][vc_custom_heading text=\u00a0\u00bbINTERNACIONALES\u00a0\u00bb font_container=\u00a0\u00bbtag:h2|text_align:center\u00a0\u00bb use_theme_fonts=\u00a0\u00bbyes\u00a0\u00bb][\/vc_column][\/vc_row][vc_row][vc_column][vc_separator][\/vc_column][\/vc_row][vc_row][vc_column][vc_column_text]<\/p>\n<h3 class=\"titulo_centros\">SAN ISIDRO GOLF CLUB (ARGENTINA)<\/h3>\n<p>[\/vc_column_text][vc_row_inner][vc_column_inner width=\u00a0\u00bb1\/4&Prime;][vc_single_image image=\u00a0\u00bb464&Prime; img_size=\u00a0\u00bb270&#215;100&Prime; alignment=\u00a0\u00bbcenter\u00a0\u00bb css=\u00a0\u00bb.vc_custom_1469527085056{background-color: #ffffff !important;}\u00a0\u00bb el_class=\u00a0\u00bblogo_correspondencia\u00a0\u00bb][\/vc_column_inner][vc_column_inner width=\u00a0\u00bb3\/4&Prime;][vc_column_text]Correspondencia gratuita excepto Semana Santa, Enero y los puentes festivos, no sobrepasando un mismo jugador los 15 d\u00edas anuales<\/p>\n<p>Contacto: (5411) 4766-6625\/0750[\/vc_column_text][\/vc_column_inner][\/vc_row_inner][\/vc_column][\/vc_row][vc_row][vc_column][vc_column_text]<\/p>\n<h3 class=\"titulo_centros\">ALTA GRACIA GOLF CLUB (ARGENTINA)<\/h3>\n<p>[\/vc_column_text][vc_row_inner][vc_column_inner width=\u00a0\u00bb1\/4&Prime;][vc_single_image image=\u00a0\u00bb457&Prime; img_size=\u00a0\u00bb270&#215;100&Prime; alignment=\u00a0\u00bbcenter\u00a0\u00bb css=\u00a0\u00bb.vc_custom_1469527091489{background-color: #ffffff !important;}\u00a0\u00bb el_class=\u00a0\u00bblogo_correspondencia\u00a0\u00bb][\/vc_column_inner][vc_column_inner width=\u00a0\u00bb3\/4&Prime;][vc_column_text]<\/p>\n<p>Correspondencia con derecho de juego a igualdad de coste que los socios del club, no sobrepasando un mismo jugador los 20 d\u00edas anuales.<\/p>\n<p>Contacto: <a href=\"mailto:ag.golfclub@gmail.com\">ag.golfclub@gmail.com <\/a>[\/vc_column_text][\/vc_column_inner][\/vc_row_inner][\/vc_column][\/vc_row][vc_row][vc_column][vc_separator][\/vc_column][\/vc_row][vc_row][vc_column][\/vc_column][\/vc_row][vc_row content_placement=\u00a0\u00bbmiddle\u00a0\u00bb][vc_column][vc_custom_heading text=\u00a0\u00bbOFERTAS ESPECIALES\u00a0\u00bb font_container=\u00a0\u00bbtag:h2|text_align:center\u00a0\u00bb use_theme_fonts=\u00a0\u00bbyes\u00a0\u00bb][\/vc_column][\/vc_row][vc_row][vc_column][vc_separator][\/vc_column][\/vc_row][vc_row][vc_column][vc_column_text]<\/p>\n<h3 class=\"titulo_centros\">CLUB DE GOLF BARCELONA<\/h3>\n<p>[\/vc_column_text][vc_row_inner][vc_column_inner width=\u00a0\u00bb1\/4&Prime;][vc_single_image image=\u00a0\u00bb4487&Prime; img_size=\u00a0\u00bb270&#215;100&Prime; alignment=\u00a0\u00bbcenter\u00a0\u00bb css=\u00a0\u00bb.vc_custom_1541158774704{background-color: #ffffff !important;}\u00a0\u00bb el_class=\u00a0\u00bblogo_correspondencia\u00a0\u00bb][\/vc_column_inner][vc_column_inner width=\u00a0\u00bb3\/4&Prime;][vc_column_text]Previa presentaci\u00f3n del carnet de socio, de lunes a viernes laborables, tendr\u00e1n una tarifa especial de 20\u20ac por jugador\/ronda de 18 o 9 hoyos, a excepci\u00f3n de Semana Santa y el mes de agosto, con un m\u00e1ximo de 8 bolsas al d\u00eda y 10 veces por jugador al a\u00f1o.<\/p>\n<p>(+34) 937 728 800 | &nbsp;<a class=\"blau bold\" href=\"mailto:info@golfdepals.com\">recepcio@golfdebarcelona.com<\/a>[\/vc_column_text][\/vc_column_inner][\/vc_row_inner][vc_column_text]<\/p>\n<h3 class=\"titulo_centros\">ARAVELL GOLF<\/h3>\n<p>[\/vc_column_text][vc_row_inner][vc_column_inner width=\u00a0\u00bb1\/4&Prime;][vc_single_image image=\u00a0\u00bb448&Prime; img_size=\u00a0\u00bb270&#215;100&Prime; alignment=\u00a0\u00bbcenter\u00a0\u00bb css=\u00a0\u00bb.vc_custom_1469527112713{background-color: #ffffff !important;}\u00a0\u00bb el_class=\u00a0\u00bblogo_correspondencia\u00a0\u00bb][\/vc_column_inner][vc_column_inner width=\u00a0\u00bb3\/4&Prime;][vc_column_text]Previa presentaci\u00f3n del carnet de socio, tendr\u00e1n un descuento del 25 % en el greenfee sobre tarifa principal los d\u00edas laborables en el Green Fee de 18 hoyos. Reserva de hora de salida con 48 horas de antelaci\u00f3n, seg\u00fan disponibilidad.<\/p>\n<p>(+34) 973 36 00 66 &nbsp; &nbsp;<a href=\"http:\/\/www.aravellgolfclub.com\"> www.aravellgolfclub.com<\/a>[\/vc_column_text][\/vc_column_inner][\/vc_row_inner][\/vc_column][\/vc_row][vc_row][vc_column][vc_column_text]<\/p>\n<h3 class=\"titulo_centros\">GOLF PERELADA<\/h3>\n<p>[\/vc_column_text][vc_row_inner][vc_column_inner width=\u00a0\u00bb1\/4&Prime;][vc_single_image image=\u00a0\u00bb4555&Prime; img_size=\u00a0\u00bb243&#215;90&Prime; alignment=\u00a0\u00bbcenter\u00a0\u00bb css=\u00a0\u00bb.vc_custom_1545046591608{background-color: #ffffff !important;}\u00a0\u00bb el_class=\u00a0\u00bblogo_correspondencia\u00a0\u00bb][\/vc_column_inner][vc_column_inner width=\u00a0\u00bb3\/4&Prime;][vc_column_text]Golf Perelada ofrecer\u00e1 un un descuento de entre el 20% i 30% (seg\u00fan temporada) en el greenfee sobre la tarifa principal a los Socios del R.C.G.Cerdanya que se acrediten previa presentaci\u00f3n del carnet de socio.<\/p>\n<p>(+34) 972 53 82 87 |&nbsp;<a class=\"LK-10PT\" href=\"casa.club@golfperelada.com\">casa.club@golfperelada.com<\/a>[\/vc_column_text][\/vc_column_inner][\/vc_row_inner][\/vc_column][\/vc_row][vc_row][vc_column][vc_column_text]<\/p>\n<h3 class=\"titulo_centros\">CAN CUY\u00c0S GOLF<\/h3>\n<p>[\/vc_column_text][vc_row_inner][vc_column_inner width=\u00a0\u00bb1\/4&Prime;][vc_single_image image=\u00a0\u00bb453&Prime; img_size=\u00a0\u00bb270&#215;100&Prime; alignment=\u00a0\u00bbcenter\u00a0\u00bb css=\u00a0\u00bb.vc_custom_1469527119209{background-color: #ffffff !important;}\u00a0\u00bb el_class=\u00a0\u00bblogo_correspondencia\u00a0\u00bb][\/vc_column_inner][vc_column_inner width=\u00a0\u00bb3\/4&Prime;][vc_column_text]Can Cuy\u00e0s Golf ofrecer\u00e1 un precio especial el todos sus servicios a los Socios del R.C.G.Cerdanya que se acrediten previa presentaci\u00f3n del carnet de socio.<\/p>\n<p>(+34) 93 685 55 66 |&nbsp;<a class=\"LK-10PT\" href=\"mailto:info@cancuyasgolf.com\">info@cancuyasgolf.com<\/a>[\/vc_column_text][\/vc_column_inner][\/vc_row_inner][\/vc_column][\/vc_row][vc_row][vc_column][vc_column_text]<\/p>\n<h3 class=\"titulo_centros\">TORREMIRONA GOLF &amp; SPA RESSORT<\/h3>\n<p>[\/vc_column_text][vc_row_inner][vc_column_inner width=\u00a0\u00bb1\/4&Prime;][vc_single_image image=\u00a0\u00bb4558&Prime; img_size=\u00a0\u00bb270&#215;100&Prime; alignment=\u00a0\u00bbcenter\u00a0\u00bb css=\u00a0\u00bb.vc_custom_1545049919496{background-color: #ffffff !important;}\u00a0\u00bb el_class=\u00a0\u00bblogo_correspondencia\u00a0\u00bb][\/vc_column_inner][vc_column_inner width=\u00a0\u00bb3\/4&Prime;][vc_column_text]Golf Torremirona ofrecer\u00e1 un descuento en el greefee a los Socios del R.C.G.Cerdanya que se acrediten previa presentaci\u00f3n del carnet de socio.<\/p>\n<p>(+34) 972 55 37 37 |&nbsp;<a class=\"LK-10PT\" href=\"info@golftorremirona.com\">info@golftorremirona.com<\/a>[\/vc_column_text][\/vc_column_inner][\/vc_row_inner][\/vc_column][\/vc_row][vc_row][vc_column][vc_column_text]<\/p>\n<h3 class=\"titulo_centros\">GOLF PLATJA DE PALS<\/h3>\n<p>[\/vc_column_text][vc_row_inner][vc_column_inner width=\u00a0\u00bb1\/4&Prime;][vc_single_image image=\u00a0\u00bb451&Prime; img_size=\u00a0\u00bb270&#215;100&Prime; alignment=\u00a0\u00bbcenter\u00a0\u00bb css=\u00a0\u00bb.vc_custom_1469527125985{background-color: #ffffff !important;}\u00a0\u00bb el_class=\u00a0\u00bblogo_correspondencia\u00a0\u00bb][\/vc_column_inner][vc_column_inner width=\u00a0\u00bb3\/4&Prime;][vc_column_text]Previa presentaci\u00f3n del carnet de socio, tendr\u00e1n un descuento del 50 % en el greenfee sobre tarifa principal vigente los meses de Enero Febrero, Noviembre y Diciembre. El resto del a\u00f1o un 20%. Reserva de hora de salida el mismo d\u00eda seg\u00fan disponibilidad.<\/p>\n<p>(+34) 972 667 739 | &nbsp;<a class=\"blau bold\" href=\"mailto:info@golfdepals.com\">info@golfdepals.com<\/a>[\/vc_column_text][\/vc_column_inner][\/vc_row_inner][\/vc_column][\/vc_row][vc_row][vc_column][\/vc_column][\/vc_row][vc_row][vc_column][vc_column_text]<\/p>\n<h3 class=\"titulo_centros\">CLUB GOLF D&rsquo;ARO &#8211; MAS NOU<\/h3>\n<p>[\/vc_column_text][\/vc_column][\/vc_row][vc_row][vc_column width=\u00a0\u00bb1\/4&Prime;][vc_single_image image=\u00a0\u00bb2009&Prime; img_size=\u00a0\u00bb270&#215;100&Prime; alignment=\u00a0\u00bbcenter\u00a0\u00bb css=\u00a0\u00bb.vc_custom_1480150618112{background-color: #ffffff !important;}\u00a0\u00bb el_class=\u00a0\u00bblogo_correspondencia\u00a0\u00bb][\/vc_column][vc_column width=\u00a0\u00bb3\/4&Prime;][vc_column_text]Previa presentaci\u00f3n del carnet de socio, tendr\u00e1n un descuento del 50 % en el greenfee sobre tarifa principal vigente en temporada baja (01\/01 al 14\/03 y del 14\/11 al 31\/12) y del 40% en temporada alta (15\/03 al 13\/11). Consulen&nbsp;disponibilidad.<\/p>\n<p>(+34) 972 81 67 27 &nbsp; &nbsp;<a href=\"http:\/\/www.golfdaro.com\"> www.golfdaro.com<\/a>[\/vc_column_text][\/vc_column][\/vc_row]<\/p>","protected":false},"excerpt":{"rendered":"<p>[vc_row][vc_column][vc_custom_heading text=\u00a0\u00bbLos socios del RCG de Cerda\u00f1a, pueden aprovechar los siguientes acuerdos de colaboraci\u00f3n: Para poder disfrutar de ellos, deber\u00e1n [&hellip;]<\/p>\n","protected":false},"author":3,"featured_media":0,"parent":0,"menu_order":0,"comment_status":"closed","ping_status":"closed","template":"","meta":{"ngg_post_thumbnail":0},"acf":[],"_links":{"self":[{"href":"https:\/\/rcgcerdanya.com\/fr\/wp-json\/wp\/v2\/pages\/332"}],"collection":[{"href":"https:\/\/rcgcerdanya.com\/fr\/wp-json\/wp\/v2\/pages"}],"about":[{"href":"https:\/\/rcgcerdanya.com\/fr\/wp-json\/wp\/v2\/types\/page"}],"author":[{"embeddable":true,"href":"https:\/\/rcgcerdanya.com\/fr\/wp-json\/wp\/v2\/users\/3"}],"replies":[{"embeddable":true,"href":"https:\/\/rcgcerdanya.com\/fr\/wp-json\/wp\/v2\/comments?post=332"}],"version-history":[{"count":297,"href":"https:\/\/rcgcerdanya.com\/fr\/wp-json\/wp\/v2\/pages\/332\/revisions"}],"predecessor-version":[{"id":82489,"href":"https:\/\/rcgcerdanya.com\/fr\/wp-json\/wp\/v2\/pages\/332\/revisions\/82489"}],"wp:attachment":[{"href":"https:\/\/rcgcerdanya.com\/fr\/wp-json\/wp\/v2\/media?parent=332"}],"curies":[{"name":"wp","href":"https:\/\/api.w.org\/{rel}","templated":true}]}}