{"id":821,"date":"2016-06-02T11:04:31","date_gmt":"2016-06-02T11:04:31","guid":{"rendered":"http:\/\/rcgcerdanya.com\/?page_id=821"},"modified":"2019-05-25T17:55:52","modified_gmt":"2019-05-25T15:55:52","slug":"historia","status":"publish","type":"page","link":"https:\/\/rcgcerdanya.com\/fr\/historia\/","title":{"rendered":"Historia"},"content":{"rendered":"<p>[vc_row][vc_column][vc_column_text]<! ========= Cool Timeline Free 2.7 =========><div class=\"cool_timeline cool-timeline-wrapper both-sided-wrapper white-timeline-wrapper default-skin-tm\"><h1 class=\"timeline-main-title center-block\">(ES) UN GRAN CLUB, CON UNA GRAN HISTORIA<\/h1><div class=\"cool-timeline white-timeline ultimate-style both-sided-wrapper default-layout \"><div data-animations=\"fade-up\"  id=\"ctl-free-one\" class=\"cooltimeline_cont  clearfix icons_no\"><div  data-aos=\"fade-up\"  class=\"timeline-year scrollable-section\"\r\n\t\t\t\t\t\t\t\tdata-section-title=\"1929\" id=\"clt-1929\">\r\n\t\t\t\t\t\t\t\t<div class=\"icon-placeholder\"><span class=\"ctl-timeline-date\">1929<\/span><\/div>\r\n\t\t\t\t\t\t\t\t<div class=\"timeline-bar\"><\/div>\r\n\t\t\t\t\t\t\t\t<\/div><!-- .timeline-post-start--><div  class=\"timeline-post even light-grey-post icons_no  default-skin\"  id=\"story-832\"><div  data-aos=\"fade-up\" class=\"timeline-meta\"><\/div><div  data-aos=\"fade-up\" class=\"timeline-icon icon-dot-full\"><div class=\"timeline-bar\"><\/div><\/div><div  data-aos=\"fade-up\" class=\"timeline-content clearfix\"><h2 class=\"content-title\">(ES) NACE EL PRIMER CLUB DE GOLF DE LA PROVINCIA DE GERONA<\/h2><div class=\"ctl_info event-description full\"><div class=\"full-width\"><a data-glightbox=\"(ES) NACE EL PRIMER CLUB DE GOLF DE LA PROVINCIA DE GERONA\" href=\"https:\/\/rcgcerdanya.com\/wp-content\/uploads\/2016\/06\/2.jpg\" class=\"glightbox\"><img width=\"700\" height=\"450\" src=\"https:\/\/rcgcerdanya.com\/wp-content\/uploads\/2016\/06\/2.jpg\" class=\"story-img wp-post-image\" alt=\"(ES) NACE EL PRIMER CLUB DE GOLF DE LA PROVINCIA DE GERONA\" decoding=\"async\" loading=\"lazy\" srcset=\"https:\/\/rcgcerdanya.com\/wp-content\/uploads\/2016\/06\/2.jpg 700w, https:\/\/rcgcerdanya.com\/wp-content\/uploads\/2016\/06\/2-300x193.jpg 300w\" sizes=\"(max-width: 700px) 100vw, 700px\" \/><\/a><\/div><div class=\"content-details\"><p class=\"qtranxs-available-languages-message qtranxs-available-languages-message-fr\">D\u00e9sol\u00e9, cet article est seulement disponible en <a href=\"https:\/\/rcgcerdanya.com\/es\/wp-json\/wp\/v2\/pages\/821\" class=\"qtranxs-available-language-link qtranxs-available-language-link-es\" title=\"ES\">Espagnol Europ\u00e9en<\/a> et <a href=\"https:\/\/rcgcerdanya.com\/ca\/wp-json\/wp\/v2\/pages\/821\" class=\"qtranxs-available-language-link qtranxs-available-language-link-ca\" title=\"CAT\">Catalan<\/a>.<\/p>\n<\/div><\/div><\/div><!-- timeline content --><\/div><!-- .timeline-post-end --><div  data-aos=\"fade-up\"  class=\"timeline-year scrollable-section\"\r\n\t\t\t\t\t\t\t\tdata-section-title=\"1935\" id=\"clt-1935\">\r\n\t\t\t\t\t\t\t\t<div class=\"icon-placeholder\"><span class=\"ctl-timeline-date\">1935<\/span><\/div>\r\n\t\t\t\t\t\t\t\t<div class=\"timeline-bar\"><\/div>\r\n\t\t\t\t\t\t\t\t<\/div><!-- .timeline-post-start--><div  class=\"timeline-post odd light-grey-post icons_no  default-skin\"  id=\"story-836\"><div  data-aos=\"fade-up\" class=\"timeline-meta\"><\/div><div  data-aos=\"fade-up\" class=\"timeline-icon icon-dot-full\"><div class=\"timeline-bar\"><\/div><\/div><div  data-aos=\"fade-up\" class=\"timeline-content clearfix\"><h2 class=\"content-title\">(ES) LAS VISTAS M\u00c1S BONITAS DEL VALLE DE LA CERDA\u00d1A<\/h2><div class=\"ctl_info event-description \"><div class=\"full-width\"><a data-glightbox=\"(ES) LAS VISTAS M\u00c1S BONITAS DEL VALLE DE LA CERDA\u00d1A\" href=\"https:\/\/rcgcerdanya.com\/wp-content\/uploads\/2016\/06\/5.jpg\" class=\"glightbox\"><img width=\"700\" height=\"450\" src=\"https:\/\/rcgcerdanya.com\/wp-content\/uploads\/2016\/06\/5.jpg\" class=\"story-img wp-post-image\" alt=\"(ES) LAS VISTAS M\u00c1S BONITAS DEL VALLE DE LA CERDA\u00d1A\" decoding=\"async\" loading=\"lazy\" srcset=\"https:\/\/rcgcerdanya.com\/wp-content\/uploads\/2016\/06\/5.jpg 700w, https:\/\/rcgcerdanya.com\/wp-content\/uploads\/2016\/06\/5-300x193.jpg 300w\" sizes=\"(max-width: 700px) 100vw, 700px\" \/><\/a><\/div><div class=\"content-details\"><p class=\"qtranxs-available-languages-message qtranxs-available-languages-message-fr\">D\u00e9sol\u00e9, cet article est seulement disponible en <a href=\"https:\/\/rcgcerdanya.com\/es\/wp-json\/wp\/v2\/pages\/821\" class=\"qtranxs-available-language-link qtranxs-available-language-link-es\" title=\"ES\">Espagnol Europ\u00e9en<\/a> et <a href=\"https:\/\/rcgcerdanya.com\/ca\/wp-json\/wp\/v2\/pages\/821\" class=\"qtranxs-available-language-link qtranxs-available-language-link-ca\" title=\"CAT\">Catalan<\/a>.<\/p>\n<\/div><\/div><\/div><!-- timeline content --><\/div><!-- .timeline-post-end --><div  data-aos=\"fade-up\"  class=\"timeline-year scrollable-section\"\r\n\t\t\t\t\t\t\t\tdata-section-title=\"1942\" id=\"clt-1942\">\r\n\t\t\t\t\t\t\t\t<div class=\"icon-placeholder\"><span class=\"ctl-timeline-date\">1942<\/span><\/div>\r\n\t\t\t\t\t\t\t\t<div class=\"timeline-bar\"><\/div>\r\n\t\t\t\t\t\t\t\t<\/div><!-- .timeline-post-start--><div  class=\"timeline-post even light-grey-post icons_no  default-skin\"  id=\"story-837\"><div  data-aos=\"fade-up\" class=\"timeline-meta\"><\/div><div  data-aos=\"fade-up\" class=\"timeline-icon icon-dot-full\"><div class=\"timeline-bar\"><\/div><\/div><div  data-aos=\"fade-up\" class=\"timeline-content clearfix\"><h2 class=\"content-title\">(ES) EL CAMPO SE TRASLADA<\/h2><div class=\"ctl_info event-description \"><div class=\"full-width\"><a data-glightbox=\"(ES) EL CAMPO SE TRASLADA\" href=\"https:\/\/rcgcerdanya.com\/wp-content\/uploads\/2016\/06\/3.jpg\" class=\"glightbox\"><img width=\"700\" height=\"450\" src=\"https:\/\/rcgcerdanya.com\/wp-content\/uploads\/2016\/06\/3.jpg\" class=\"story-img wp-post-image\" alt=\"campo golf cerdanya\" decoding=\"async\" loading=\"lazy\" srcset=\"https:\/\/rcgcerdanya.com\/wp-content\/uploads\/2016\/06\/3.jpg 700w, https:\/\/rcgcerdanya.com\/wp-content\/uploads\/2016\/06\/3-300x193.jpg 300w\" sizes=\"(max-width: 700px) 100vw, 700px\" \/><\/a><\/div><div class=\"content-details\"><p class=\"qtranxs-available-languages-message qtranxs-available-languages-message-fr\">D\u00e9sol\u00e9, cet article est seulement disponible en <a href=\"https:\/\/rcgcerdanya.com\/es\/wp-json\/wp\/v2\/pages\/821\" class=\"qtranxs-available-language-link qtranxs-available-language-link-es\" title=\"ES\">Espagnol Europ\u00e9en<\/a> et <a href=\"https:\/\/rcgcerdanya.com\/ca\/wp-json\/wp\/v2\/pages\/821\" class=\"qtranxs-available-language-link qtranxs-available-language-link-ca\" title=\"CAT\">Catalan<\/a>.<\/p>\n<\/div><\/div><\/div><!-- timeline content --><\/div><!-- .timeline-post-end --><div  data-aos=\"fade-up\"  class=\"timeline-year scrollable-section\"\r\n\t\t\t\t\t\t\t\tdata-section-title=\"1950\" id=\"clt-1950\">\r\n\t\t\t\t\t\t\t\t<div class=\"icon-placeholder\"><span class=\"ctl-timeline-date\">1950<\/span><\/div>\r\n\t\t\t\t\t\t\t\t<div class=\"timeline-bar\"><\/div>\r\n\t\t\t\t\t\t\t\t<\/div><!-- .timeline-post-start--><div  class=\"timeline-post odd light-grey-post icons_no  default-skin\"  id=\"story-838\"><div  data-aos=\"fade-up\" class=\"timeline-meta\"><\/div><div  data-aos=\"fade-up\" class=\"timeline-icon icon-dot-full\"><div class=\"timeline-bar\"><\/div><\/div><div  data-aos=\"fade-up\" class=\"timeline-content clearfix\"><h2 class=\"content-title\">(ES) TORNEOS INTERNACIONALES<\/h2><div class=\"ctl_info event-description \"><div class=\"full-width\"><a data-glightbox=\"(ES) TORNEOS INTERNACIONALES\" href=\"https:\/\/rcgcerdanya.com\/wp-content\/uploads\/2016\/06\/1.jpg\" class=\"glightbox\"><img width=\"700\" height=\"450\" src=\"https:\/\/rcgcerdanya.com\/wp-content\/uploads\/2016\/06\/1.jpg\" class=\"story-img wp-post-image\" alt=\"(ES) TORNEOS INTERNACIONALES\" decoding=\"async\" loading=\"lazy\" srcset=\"https:\/\/rcgcerdanya.com\/wp-content\/uploads\/2016\/06\/1.jpg 700w, https:\/\/rcgcerdanya.com\/wp-content\/uploads\/2016\/06\/1-300x193.jpg 300w\" sizes=\"(max-width: 700px) 100vw, 700px\" \/><\/a><\/div><div class=\"content-details\"><p class=\"qtranxs-available-languages-message qtranxs-available-languages-message-fr\">D\u00e9sol\u00e9, cet article est seulement disponible en <a href=\"https:\/\/rcgcerdanya.com\/es\/wp-json\/wp\/v2\/pages\/821\" class=\"qtranxs-available-language-link qtranxs-available-language-link-es\" title=\"ES\">Espagnol Europ\u00e9en<\/a> et <a href=\"https:\/\/rcgcerdanya.com\/ca\/wp-json\/wp\/v2\/pages\/821\" class=\"qtranxs-available-language-link qtranxs-available-language-link-ca\" title=\"CAT\">Catalan<\/a>.<\/p>\n<\/div><\/div><\/div><!-- timeline content --><\/div><!-- .timeline-post-end --><div  data-aos=\"fade-up\"  class=\"timeline-year scrollable-section\"\r\n\t\t\t\t\t\t\t\tdata-section-title=\"1963\" id=\"clt-1963\">\r\n\t\t\t\t\t\t\t\t<div class=\"icon-placeholder\"><span class=\"ctl-timeline-date\">1963<\/span><\/div>\r\n\t\t\t\t\t\t\t\t<div class=\"timeline-bar\"><\/div>\r\n\t\t\t\t\t\t\t\t<\/div><!-- .timeline-post-start--><div  class=\"timeline-post even light-grey-post icons_no  default-skin\"  id=\"story-839\"><div  data-aos=\"fade-up\" class=\"timeline-meta\"><\/div><div  data-aos=\"fade-up\" class=\"timeline-icon icon-dot-full\"><div class=\"timeline-bar\"><\/div><\/div><div  data-aos=\"fade-up\" class=\"timeline-content clearfix\"><h2 class=\"content-title\">(ES) EL CLUB PASA A SER SOCIAL<\/h2><div class=\"ctl_info event-description \"><div class=\"full-width\"><a data-glightbox=\"(ES) EL CLUB PASA A SER SOCIAL\" href=\"https:\/\/rcgcerdanya.com\/wp-content\/uploads\/2016\/06\/7.jpg\" class=\"glightbox\"><img width=\"700\" height=\"450\" src=\"https:\/\/rcgcerdanya.com\/wp-content\/uploads\/2016\/06\/7.jpg\" class=\"story-img wp-post-image\" alt=\"(ES) EL CLUB PASA A SER SOCIAL\" decoding=\"async\" loading=\"lazy\" srcset=\"https:\/\/rcgcerdanya.com\/wp-content\/uploads\/2016\/06\/7.jpg 700w, https:\/\/rcgcerdanya.com\/wp-content\/uploads\/2016\/06\/7-300x193.jpg 300w\" sizes=\"(max-width: 700px) 100vw, 700px\" \/><\/a><\/div><div class=\"content-details\"><p class=\"qtranxs-available-languages-message qtranxs-available-languages-message-fr\">D\u00e9sol\u00e9, cet article est seulement disponible en <a href=\"https:\/\/rcgcerdanya.com\/es\/wp-json\/wp\/v2\/pages\/821\" class=\"qtranxs-available-language-link qtranxs-available-language-link-es\" title=\"ES\">Espagnol Europ\u00e9en<\/a> et <a href=\"https:\/\/rcgcerdanya.com\/ca\/wp-json\/wp\/v2\/pages\/821\" class=\"qtranxs-available-language-link qtranxs-available-language-link-ca\" title=\"CAT\">Catalan<\/a>.<\/p>\n<\/div><\/div><\/div><!-- timeline content --><\/div><!-- .timeline-post-end --><div  data-aos=\"fade-up\"  class=\"timeline-year scrollable-section\"\r\n\t\t\t\t\t\t\t\tdata-section-title=\"1968\" id=\"clt-1968\">\r\n\t\t\t\t\t\t\t\t<div class=\"icon-placeholder\"><span class=\"ctl-timeline-date\">1968<\/span><\/div>\r\n\t\t\t\t\t\t\t\t<div class=\"timeline-bar\"><\/div>\r\n\t\t\t\t\t\t\t\t<\/div><!-- .timeline-post-start--><div  class=\"timeline-post odd light-grey-post icons_no  default-skin\"  id=\"story-840\"><div  data-aos=\"fade-up\" class=\"timeline-meta\"><\/div><div  data-aos=\"fade-up\" class=\"timeline-icon icon-dot-full\"><div class=\"timeline-bar\"><\/div><\/div><div  data-aos=\"fade-up\" class=\"timeline-content clearfix\"><h2 class=\"content-title\">(ES) CAMBIO DE PRESIDENCIA<\/h2><div class=\"ctl_info event-description \"><div class=\"full-width\"><a data-glightbox=\"(ES) CAMBIO DE PRESIDENCIA\" href=\"https:\/\/rcgcerdanya.com\/wp-content\/uploads\/2001\/06\/img050.jpg\" class=\"glightbox\"><img width=\"1024\" height=\"711\" src=\"https:\/\/rcgcerdanya.com\/wp-content\/uploads\/2001\/06\/img050-1024x711.jpg\" class=\"story-img wp-post-image\" alt=\"Torneo golf cerdanya\" decoding=\"async\" loading=\"lazy\" srcset=\"https:\/\/rcgcerdanya.com\/wp-content\/uploads\/2001\/06\/img050-1024x711.jpg 1024w, https:\/\/rcgcerdanya.com\/wp-content\/uploads\/2001\/06\/img050-300x208.jpg 300w, https:\/\/rcgcerdanya.com\/wp-content\/uploads\/2001\/06\/img050-768x533.jpg 768w\" sizes=\"(max-width: 1024px) 100vw, 1024px\" \/><\/a><\/div><div class=\"content-details\"><p class=\"qtranxs-available-languages-message qtranxs-available-languages-message-fr\">D\u00e9sol\u00e9, cet article est seulement disponible en <a href=\"https:\/\/rcgcerdanya.com\/es\/wp-json\/wp\/v2\/pages\/821\" class=\"qtranxs-available-language-link qtranxs-available-language-link-es\" title=\"ES\">Espagnol Europ\u00e9en<\/a> et <a href=\"https:\/\/rcgcerdanya.com\/ca\/wp-json\/wp\/v2\/pages\/821\" class=\"qtranxs-available-language-link qtranxs-available-language-link-ca\" title=\"CAT\">Catalan<\/a>.<\/p>\n<\/div><\/div><\/div><!-- timeline content --><\/div><!-- .timeline-post-end --><div  data-aos=\"fade-up\"  class=\"timeline-year scrollable-section\"\r\n\t\t\t\t\t\t\t\tdata-section-title=\"1989\" id=\"clt-1989\">\r\n\t\t\t\t\t\t\t\t<div class=\"icon-placeholder\"><span class=\"ctl-timeline-date\">1989<\/span><\/div>\r\n\t\t\t\t\t\t\t\t<div class=\"timeline-bar\"><\/div>\r\n\t\t\t\t\t\t\t\t<\/div><!-- .timeline-post-start--><div  class=\"timeline-post even light-grey-post icons_no  default-skin\"  id=\"story-841\"><div  data-aos=\"fade-up\" class=\"timeline-meta\"><\/div><div  data-aos=\"fade-up\" class=\"timeline-icon icon-dot-full\"><div class=\"timeline-bar\"><\/div><\/div><div  data-aos=\"fade-up\" class=\"timeline-content clearfix\"><h2 class=\"content-title\">(ES) AMPLIACIONES TERMINADAS<\/h2><div class=\"ctl_info event-description \"><div class=\"full-width\"><a data-glightbox=\"(ES) AMPLIACIONES TERMINADAS\" href=\"https:\/\/rcgcerdanya.com\/wp-content\/uploads\/1968\/06\/PISCINA.png\" class=\"glightbox\"><img width=\"486\" height=\"220\" src=\"https:\/\/rcgcerdanya.com\/wp-content\/uploads\/1968\/06\/PISCINA.png\" class=\"story-img wp-post-image\" alt=\"Torneo de golf en la cerdanya\" decoding=\"async\" loading=\"lazy\" srcset=\"https:\/\/rcgcerdanya.com\/wp-content\/uploads\/1968\/06\/PISCINA.png 486w, https:\/\/rcgcerdanya.com\/wp-content\/uploads\/1968\/06\/PISCINA-300x136.png 300w\" sizes=\"(max-width: 486px) 100vw, 486px\" \/><\/a><\/div><div class=\"content-details\"><p class=\"qtranxs-available-languages-message qtranxs-available-languages-message-fr\">D\u00e9sol\u00e9, cet article est seulement disponible en <a href=\"https:\/\/rcgcerdanya.com\/es\/wp-json\/wp\/v2\/pages\/821\" class=\"qtranxs-available-language-link qtranxs-available-language-link-es\" title=\"ES\">Espagnol Europ\u00e9en<\/a> et <a href=\"https:\/\/rcgcerdanya.com\/ca\/wp-json\/wp\/v2\/pages\/821\" class=\"qtranxs-available-language-link qtranxs-available-language-link-ca\" title=\"CAT\">Catalan<\/a>.<\/p>\n<\/div><\/div><\/div><!-- timeline content --><\/div><!-- .timeline-post-end --><div  data-aos=\"fade-up\"  class=\"timeline-year scrollable-section\"\r\n\t\t\t\t\t\t\t\tdata-section-title=\"2001\" id=\"clt-2001\">\r\n\t\t\t\t\t\t\t\t<div class=\"icon-placeholder\"><span class=\"ctl-timeline-date\">2001<\/span><\/div>\r\n\t\t\t\t\t\t\t\t<div class=\"timeline-bar\"><\/div>\r\n\t\t\t\t\t\t\t\t<\/div><!-- .timeline-post-start--><div  class=\"timeline-post odd light-grey-post icons_no  default-skin\"  id=\"story-842\"><div  data-aos=\"fade-up\" class=\"timeline-meta\"><\/div><div  data-aos=\"fade-up\" class=\"timeline-icon icon-dot-full\"><div class=\"timeline-bar\"><\/div><\/div><div  data-aos=\"fade-up\" class=\"timeline-content clearfix\"><h2 class=\"content-title\">(ES) REFORMAS DE LA CASA CLUB<\/h2><div class=\"ctl_info event-description \"><div class=\"full-width\"><a data-glightbox=\"(ES) REFORMAS DE LA CASA CLUB\" href=\"https:\/\/rcgcerdanya.com\/wp-content\/uploads\/2016\/05\/CASA-CLUB.png\" class=\"glightbox\"><img width=\"484\" height=\"220\" src=\"https:\/\/rcgcerdanya.com\/wp-content\/uploads\/2016\/05\/CASA-CLUB.png\" class=\"story-img wp-post-image\" alt=\"Casa club real club golf cerdanya\" decoding=\"async\" loading=\"lazy\" srcset=\"https:\/\/rcgcerdanya.com\/wp-content\/uploads\/2016\/05\/CASA-CLUB.png 484w, https:\/\/rcgcerdanya.com\/wp-content\/uploads\/2016\/05\/CASA-CLUB-300x136.png 300w\" sizes=\"(max-width: 484px) 100vw, 484px\" \/><\/a><\/div><div class=\"content-details\"><p class=\"qtranxs-available-languages-message qtranxs-available-languages-message-fr\">D\u00e9sol\u00e9, cet article est seulement disponible en <a href=\"https:\/\/rcgcerdanya.com\/es\/wp-json\/wp\/v2\/pages\/821\" class=\"qtranxs-available-language-link qtranxs-available-language-link-es\" title=\"ES\">Espagnol Europ\u00e9en<\/a> et <a href=\"https:\/\/rcgcerdanya.com\/ca\/wp-json\/wp\/v2\/pages\/821\" class=\"qtranxs-available-language-link qtranxs-available-language-link-ca\" title=\"CAT\">Catalan<\/a>.<\/p>\n<\/div><\/div><\/div><!-- timeline content --><\/div><!-- .timeline-post-end --><div  data-aos=\"fade-up\"  class=\"timeline-year scrollable-section\"\r\n\t\t\t\t\t\t\t\tdata-section-title=\"2016\" id=\"clt-2016\">\r\n\t\t\t\t\t\t\t\t<div class=\"icon-placeholder\"><span class=\"ctl-timeline-date\">2016<\/span><\/div>\r\n\t\t\t\t\t\t\t\t<div class=\"timeline-bar\"><\/div>\r\n\t\t\t\t\t\t\t\t<\/div><!-- .timeline-post-start--><div  class=\"timeline-post even light-grey-post icons_no  default-skin\"  id=\"story-843\"><div  data-aos=\"fade-up\" class=\"timeline-meta\"><\/div><div  data-aos=\"fade-up\" class=\"timeline-icon icon-dot-full\"><div class=\"timeline-bar\"><\/div><\/div><div  data-aos=\"fade-up\" class=\"timeline-content clearfix\"><h2 class=\"content-title\">(ES) DISE\u00d1ADO POR JAVIER ARANA<\/h2><div class=\"ctl_info event-description \"><div class=\"full-width\"><a data-glightbox=\"(ES) DISE\u00d1ADO POR JAVIER ARANA\" href=\"https:\/\/rcgcerdanya.com\/wp-content\/uploads\/2016\/06\/9.jpg\" class=\"glightbox\"><img width=\"700\" height=\"450\" src=\"https:\/\/rcgcerdanya.com\/wp-content\/uploads\/2016\/06\/9.jpg\" class=\"story-img wp-post-image\" alt=\"(ES) DISE\u00d1ADO POR JAVIER ARANA\" decoding=\"async\" loading=\"lazy\" srcset=\"https:\/\/rcgcerdanya.com\/wp-content\/uploads\/2016\/06\/9.jpg 700w, https:\/\/rcgcerdanya.com\/wp-content\/uploads\/2016\/06\/9-300x193.jpg 300w\" sizes=\"(max-width: 700px) 100vw, 700px\" \/><\/a><\/div><div class=\"content-details\"><p class=\"qtranxs-available-languages-message qtranxs-available-languages-message-fr\">D\u00e9sol\u00e9, cet article est seulement disponible en <a href=\"https:\/\/rcgcerdanya.com\/es\/wp-json\/wp\/v2\/pages\/821\" class=\"qtranxs-available-language-link qtranxs-available-language-link-es\" title=\"ES\">Espagnol Europ\u00e9en<\/a> et <a href=\"https:\/\/rcgcerdanya.com\/ca\/wp-json\/wp\/v2\/pages\/821\" class=\"qtranxs-available-language-link qtranxs-available-language-link-ca\" title=\"CAT\">Catalan<\/a>.<\/p>\n<\/div><\/div><\/div><!-- timeline content --><\/div><!-- .timeline-post-end --><!-- .timeline-post-start--><div  class=\"timeline-post odd light-grey-post icons_no  default-skin\"  id=\"story-844\"><div  data-aos=\"fade-up\" class=\"timeline-meta\"><\/div><div  data-aos=\"fade-up\" class=\"timeline-icon icon-dot-full\"><div class=\"timeline-bar\"><\/div><\/div><div  data-aos=\"fade-up\" class=\"timeline-content clearfix\"><h2 class=\"content-title\">(ES) ACTUALMENTE, ES EL 3er CLUB M\u00c1S ANTIGUO DE CATALU\u00d1A Y DE LOS 10 M\u00c1S ANTIGUOS DE ESPA\u00d1A<\/h2><div class=\"ctl_info event-description \"><div class=\"full-width\"><a data-glightbox=\"(ES) ACTUALMENTE, ES EL 3er CLUB M\u00c1S ANTIGUO DE CATALU\u00d1A Y DE LOS 10 M\u00c1S ANTIGUOS DE ESPA\u00d1A\" href=\"https:\/\/rcgcerdanya.com\/wp-content\/uploads\/2016\/06\/10.jpg\" class=\"glightbox\"><img width=\"700\" height=\"450\" src=\"https:\/\/rcgcerdanya.com\/wp-content\/uploads\/2016\/06\/10.jpg\" class=\"story-img wp-post-image\" alt=\"(ES) ACTUALMENTE, ES EL 3er CLUB M\u00c1S ANTIGUO DE CATALU\u00d1A Y DE LOS 10 M\u00c1S ANTIGUOS DE ESPA\u00d1A\" decoding=\"async\" loading=\"lazy\" srcset=\"https:\/\/rcgcerdanya.com\/wp-content\/uploads\/2016\/06\/10.jpg 700w, https:\/\/rcgcerdanya.com\/wp-content\/uploads\/2016\/06\/10-300x193.jpg 300w\" sizes=\"(max-width: 700px) 100vw, 700px\" \/><\/a><\/div><div class=\"content-details\"><p class=\"qtranxs-available-languages-message qtranxs-available-languages-message-fr\">D\u00e9sol\u00e9, cet article est seulement disponible en <a href=\"https:\/\/rcgcerdanya.com\/es\/wp-json\/wp\/v2\/pages\/821\" class=\"qtranxs-available-language-link qtranxs-available-language-link-es\" title=\"ES\">Espagnol Europ\u00e9en<\/a> et <a href=\"https:\/\/rcgcerdanya.com\/ca\/wp-json\/wp\/v2\/pages\/821\" class=\"qtranxs-available-language-link qtranxs-available-language-link-ca\" title=\"CAT\">Catalan<\/a>.<\/p>\n<\/div><\/div><\/div><!-- timeline content --><\/div><!-- .timeline-post-end --><\/div><div class=\"clearfix\"><\/div><\/div> <\/div><!-- end\r\n\t\t\t================================================== -->[\/vc_column_text][\/vc_column][\/vc_row]<\/p>\n","protected":false},"excerpt":{"rendered":"<p>[vc_row][vc_column][vc_column_text][\/vc_column_text][\/vc_column][\/vc_row]<\/p>\n","protected":false},"author":3,"featured_media":0,"parent":0,"menu_order":0,"comment_status":"closed","ping_status":"closed","template":"","meta":{"ngg_post_thumbnail":0},"acf":[],"_links":{"self":[{"href":"https:\/\/rcgcerdanya.com\/fr\/wp-json\/wp\/v2\/pages\/821"}],"collection":[{"href":"https:\/\/rcgcerdanya.com\/fr\/wp-json\/wp\/v2\/pages"}],"about":[{"href":"https:\/\/rcgcerdanya.com\/fr\/wp-json\/wp\/v2\/types\/page"}],"author":[{"embeddable":true,"href":"https:\/\/rcgcerdanya.com\/fr\/wp-json\/wp\/v2\/users\/3"}],"replies":[{"embeddable":true,"href":"https:\/\/rcgcerdanya.com\/fr\/wp-json\/wp\/v2\/comments?post=821"}],"version-history":[{"count":17,"href":"https:\/\/rcgcerdanya.com\/fr\/wp-json\/wp\/v2\/pages\/821\/revisions"}],"predecessor-version":[{"id":4637,"href":"https:\/\/rcgcerdanya.com\/fr\/wp-json\/wp\/v2\/pages\/821\/revisions\/4637"}],"wp:attachment":[{"href":"https:\/\/rcgcerdanya.com\/fr\/wp-json\/wp\/v2\/media?parent=821"}],"curies":[{"name":"wp","href":"https:\/\/api.w.org\/{rel}","templated":true}]}}