{"id":930,"date":"2016-06-08T12:02:03","date_gmt":"2016-06-08T12:02:03","guid":{"rendered":"http:\/\/rcgcerdanya.com\/?page_id=930"},"modified":"2026-02-27T11:01:48","modified_gmt":"2026-02-27T09:01:48","slug":"tarifas","status":"publish","type":"page","link":"https:\/\/rcgcerdanya.com\/fr\/tarifas\/","title":{"rendered":"Les Tarifs"},"content":{"rendered":"<p>[vc_row css=\u00a0\u00bb.vc_custom_1467104439180{padding-top: 20px !important;padding-bottom: 60px !important;}\u00a0\u00bb][vc_column width=\u00a0\u00bb1\/2&Prime;][vc_custom_heading text=\u00a0\u00bbPARCOURS 18 TROUS\u00a0\u00bb font_container=\u00a0\u00bbtag:h3|text_align:center\u00a0\u00bb google_fonts=\u00a0\u00bbfont_family:Lato%3A100%2C100italic%2C300%2C300italic%2Cregular%2Citalic%2C700%2C700italic%2C900%2C900italic|font_style:400%20regular%3A400%3Anormal\u00a0\u00bb][vc_tta_tabs style=\u00a0\u00bbclassic\u00a0\u00bb color=\u00a0\u00bbwhite\u00a0\u00bb active_section=\u00a0\u00bb1&Prime; css=\u00a0\u00bb.vc_custom_1465993521721{padding-top: 20px !important;}\u00a0\u00bb][vc_tta_section title=\u00a0\u00bbSaison Moyenne\u00a0\u00bb tab_id=\u00a0\u00bb1465401265629-4a5b8ca7-c718&Prime;][vc_column_text]Du 14\/03\/2026 au 08\/12\/2026 (sauf P\u00e2ques et du 1er au 31 ao\u00fbt 2026 inclusivement).[\/vc_column_text][vc_column_text]\n<table id=\"tablepress-20\" class=\"tablepress tablepress-id-20\">\n<thead>\n<tr class=\"row-1 odd\">\n\t<th class=\"column-1\">\u00c2GE<\/th><th class=\"column-2\">JOUR OUVRABLE<\/th><th class=\"column-3\">SAMEDIS ET F\u00c9RI\u00c9S<\/th>\n<\/tr>\n<\/thead>\n<tbody class=\"row-hover\">\n<tr class=\"row-2 even\">\n\t<td class=\"column-1\">Adulte<\/td><td class=\"column-2\">71,00\u20ac<\/td><td class=\"column-3\">100,00\u20ac<\/td>\n<\/tr>\n<tr class=\"row-3 odd\">\n\t<td class=\"column-1\">Invit\u00e9 du membre*<\/td><td class=\"column-2\">50,00\u20ac<\/td><td class=\"column-3\">70,00\u20ac<\/td>\n<\/tr>\n<tr class=\"row-4 even\">\n\t<td class=\"column-1\">S\u00e9niors >50<\/td><td class=\"column-2\">60,00\u20ac<\/td><td class=\"column-3\">85,00\u20ac<\/td>\n<\/tr>\n<tr class=\"row-5 odd\">\n\t<td class=\"column-1\">S\u00e9niors >65<\/td><td class=\"column-2\">53,00\u20ac<\/td><td class=\"column-3\">75,00\u20ac<\/td>\n<\/tr>\n<tr class=\"row-6 even\">\n\t<td class=\"column-1\">Juniors<\/td><td class=\"column-2\">46,00\u20ac<\/td><td class=\"column-3\">65,00\u20ac<\/td>\n<\/tr>\n<tr class=\"row-7 odd\">\n\t<td class=\"column-1\">Enfants<\/td><td class=\"column-2\">36,00\u20ac<\/td><td class=\"column-3\">50,00\u20ac<\/td>\n<\/tr>\n<\/tbody>\n<\/table>\n<!-- #tablepress-20 from cache -->[\/vc_column_text][\/vc_tta_section][vc_tta_section title=\u00a0\u00bbP\u00e2ques\u00a0\u00bb tab_id=\u00a0\u00bb1465401265758-20d92f6d-98d1&Prime;][vc_column_text]Du 28\/03\/2026 au 6\/04\/2026 inclusivement.[\/vc_column_text][vc_column_text]\n<table id=\"tablepress-21\" class=\"tablepress tablepress-id-21\">\n<thead>\n<tr class=\"row-1 odd\">\n\t<th class=\"column-1\">\u00c0GE<\/th><th class=\"column-2\">28\/03\/26 - 01\/04\/26<\/th><th class=\"column-3\">02\/04\/26 - 06\/04\/26<\/th>\n<\/tr>\n<\/thead>\n<tbody class=\"row-hover\">\n<tr class=\"row-2 even\">\n\t<td class=\"column-1\">Adulte<\/td><td class=\"column-2\">100,00\u20ac<\/td><td class=\"column-3\">110,00\u20ac<\/td>\n<\/tr>\n<tr class=\"row-3 odd\">\n\t<td class=\"column-1\">Invit\u00e9 du membre*<\/td><td class=\"column-2\">70,00\u20ac<\/td><td class=\"column-3\">77,00\u20ac<\/td>\n<\/tr>\n<tr class=\"row-4 even\">\n\t<td class=\"column-1\">S\u00e9niors >50<\/td><td class=\"column-2\">85,00\u20ac<\/td><td class=\"column-3\">94,00\u20ac<\/td>\n<\/tr>\n<tr class=\"row-5 odd\">\n\t<td class=\"column-1\">S\u00e9niors >65<\/td><td class=\"column-2\">75,00\u20ac<\/td><td class=\"column-3\">83,00\u20ac<\/td>\n<\/tr>\n<tr class=\"row-6 even\">\n\t<td class=\"column-1\">Juniors<\/td><td class=\"column-2\">65,00\u20ac<\/td><td class=\"column-3\">72,00\u20ac<\/td>\n<\/tr>\n<tr class=\"row-7 odd\">\n\t<td class=\"column-1\">Enfants<\/td><td class=\"column-2\">50,00\u20ac<\/td><td class=\"column-3\">55,00\u20ac<\/td>\n<\/tr>\n<\/tbody>\n<\/table>\n<!-- #tablepress-21 from cache -->[\/vc_column_text][\/vc_tta_section][vc_tta_section title=\u00a0\u00bbHaute Saison\u00a0\u00bb tab_id=\u00a0\u00bb1465401265894-88c2f9d5-7644&Prime;][vc_column_text]Du 1er au 31 ao\u00fbt 2026 inclusivement.[\/vc_column_text][vc_column_text]\n<table id=\"tablepress-22\" class=\"tablepress tablepress-id-22\">\n<thead>\n<tr class=\"row-1 odd\">\n\t<th class=\"column-1\">\u00c2GE<\/th><th class=\"column-2\">01\/08\/26 - 14\/08\/26<\/th><th class=\"column-3\">15\/08\/26 - 31\/08\/26<\/th>\n<\/tr>\n<\/thead>\n<tbody class=\"row-hover\">\n<tr class=\"row-2 even\">\n\t<td class=\"column-1\">Adulte<\/td><td class=\"column-2\">120,00\u20ac<\/td><td class=\"column-3\">152,00\u20ac<\/td>\n<\/tr>\n<tr class=\"row-3 odd\">\n\t<td class=\"column-1\">Invit\u00e9 du membre*<\/td><td class=\"column-2\">84,00\u20ac<\/td><td class=\"column-3\">106,00\u20ac<\/td>\n<\/tr>\n<tr class=\"row-4 even\">\n\t<td class=\"column-1\">S\u00e9niors >50<\/td><td class=\"column-2\">102,00\u20ac<\/td><td class=\"column-3\">130,00\u20ac<\/td>\n<\/tr>\n<tr class=\"row-5 odd\">\n\t<td class=\"column-1\">S\u00e9niors >65<\/td><td class=\"column-2\">90,00\u20ac<\/td><td class=\"column-3\">115,00\u20ac<\/td>\n<\/tr>\n<tr class=\"row-6 even\">\n\t<td class=\"column-1\">Juniors<\/td><td class=\"column-2\">78,00\u20ac<\/td><td class=\"column-3\">99,00\u20ac<\/td>\n<\/tr>\n<tr class=\"row-7 odd\">\n\t<td class=\"column-1\">Enfants<\/td><td class=\"column-2\">55,00\u20ac<\/td><td class=\"column-3\">76,00\u20ac<\/td>\n<\/tr>\n<\/tbody>\n<\/table>\n<!-- #tablepress-22 from cache -->[\/vc_column_text][\/vc_tta_section][vc_tta_section title=\u00a0\u00bbBasse saison\u00a0\u00bb tab_id=\u00a0\u00bb1465401265508-53d2660b-e046&Prime;][vc_column_text]Du 09\/12\/2025 au 13\/03\/2026.[\/vc_column_text][vc_column_text]\n<table id=\"tablepress-19\" class=\"tablepress tablepress-id-19\">\n<thead>\n<tr class=\"row-1 odd\">\n\t<th class=\"column-1\">\u00c2GE<\/th><th class=\"column-2\">JOUR OUVRABLE<\/th><th class=\"column-3\">SAMEDIS ET F\u00c9RI\u00c9S<\/th>\n<\/tr>\n<\/thead>\n<tbody class=\"row-hover\">\n<tr class=\"row-2 even\">\n\t<td class=\"column-1\">Adulte<\/td><td class=\"column-2\">49,00\u20ac<\/td><td class=\"column-3\">60,00\u20ac<\/td>\n<\/tr>\n<tr class=\"row-3 odd\">\n\t<td class=\"column-1\">Invit\u00e9 du membre*<\/td><td class=\"column-2\">34,00\u20ac<\/td><td class=\"column-3\">42,00\u20ac<\/td>\n<\/tr>\n<tr class=\"row-4 even\">\n\t<td class=\"column-1\">S\u00e9niors<\/td><td class=\"column-2\">37,00\u20ac<\/td><td class=\"column-3\">45,00\u20ac<\/td>\n<\/tr>\n<tr class=\"row-5 odd\">\n\t<td class=\"column-1\">Juniors<\/td><td class=\"column-2\">32,00\u20ac<\/td><td class=\"column-3\">39,00\u20ac<\/td>\n<\/tr>\n<tr class=\"row-6 even\">\n\t<td class=\"column-1\">Enfants<\/td><td class=\"column-2\">25,00\u20ac<\/td><td class=\"column-3\">30,00\u20ac<\/td>\n<\/tr>\n<\/tbody>\n<\/table>\n<!-- #tablepress-19 from cache -->[\/vc_column_text][\/vc_tta_section][\/vc_tta_tabs][\/vc_column][vc_column width=\u00a0\u00bb1\/2&Prime;][vc_custom_heading text=\u00a0\u00bbPARCOURS 9 TROUS\u00a0\u00bb font_container=\u00a0\u00bbtag:h3|text_align:center\u00a0\u00bb google_fonts=\u00a0\u00bbfont_family:Lato%3A100%2C100italic%2C300%2C300italic%2Cregular%2Citalic%2C700%2C700italic%2C900%2C900italic|font_style:400%20regular%3A400%3Anormal\u00a0\u00bb][vc_tta_tabs style=\u00a0\u00bbclassic\u00a0\u00bb color=\u00a0\u00bbwhite\u00a0\u00bb active_section=\u00a0\u00bb1&Prime; css=\u00a0\u00bb.vc_custom_1465993530146{padding-top: 20px !important;}\u00a0\u00bb][vc_tta_section title=\u00a0\u00bbSaison Moyenne\u00a0\u00bb tab_id=\u00a0\u00bb1465396076450-d3cc2f42-d9ad\u00a0\u00bb][vc_column_text]Du 14\/03\/2026 au 08\/12\/2026 (sauf P\u00e2ques et du 1er au 31 ao\u00fbt 2026 inclusivement).[\/vc_column_text][vc_column_text]\n<table id=\"tablepress-24\" class=\"tablepress tablepress-id-24\">\n<thead>\n<tr class=\"row-1 odd\">\n\t<th class=\"column-1\">\u00c2GE<\/th><th class=\"column-2\">JOUR OUVRABLE<\/th><th class=\"column-3\">SAMDIS ET F\u00c9RI\u00c9S<\/th>\n<\/tr>\n<\/thead>\n<tbody class=\"row-hover\">\n<tr class=\"row-2 even\">\n\t<td class=\"column-1\">Adultes<\/td><td class=\"column-2\">49,00\u20ac<\/td><td class=\"column-3\">71,00\u20ac<\/td>\n<\/tr>\n<tr class=\"row-3 odd\">\n\t<td class=\"column-1\">Invite du membre*<\/td><td class=\"column-2\">35,00\u20ac<\/td><td class=\"column-3\">50,00\u20ac<\/td>\n<\/tr>\n<tr class=\"row-4 even\">\n\t<td class=\"column-1\">S\u00e9niors >50<\/td><td class=\"column-2\">42,00\u20ac<\/td><td class=\"column-3\">60,00\u20ac<\/td>\n<\/tr>\n<tr class=\"row-5 odd\">\n\t<td class=\"column-1\">S\u00e9niors >65<\/td><td class=\"column-2\">37,00\u20ac<\/td><td class=\"column-3\">53,00\u20ac<\/td>\n<\/tr>\n<tr class=\"row-6 even\">\n\t<td class=\"column-1\">Juniors<\/td><td class=\"column-2\">32,00\u20ac<\/td><td class=\"column-3\">46,00\u20ac<\/td>\n<\/tr>\n<tr class=\"row-7 odd\">\n\t<td class=\"column-1\">Enfants<\/td><td class=\"column-2\">25,00\u20ac<\/td><td class=\"column-3\">36,00\u20ac<\/td>\n<\/tr>\n<\/tbody>\n<\/table>\n<!-- #tablepress-24 from cache -->[\/vc_column_text][\/vc_tta_section][vc_tta_section title=\u00a0\u00bbP\u00e2ques\u00a0\u00bb tab_id=\u00a0\u00bb1465396076528-41e65bca-f375&Prime;][vc_column_text]Du 28\/03\/2026 au 6\/04\/2026 inclusivement.[\/vc_column_text][vc_column_text]\n<table id=\"tablepress-25\" class=\"tablepress tablepress-id-25\">\n<thead>\n<tr class=\"row-1 odd\">\n\t<th class=\"column-1\">\u00c2GE<\/th><th class=\"column-2\">28\/03\/26 - 01\/04\/26<\/th><th class=\"column-3\">02\/04\/26 - 06\/04\/26<\/th>\n<\/tr>\n<\/thead>\n<tbody class=\"row-hover\">\n<tr class=\"row-2 even\">\n\t<td class=\"column-1\">Adultes<\/td><td class=\"column-2\">71,00\u20ac<\/td><td class=\"column-3\">81,00\u20ac<\/td>\n<\/tr>\n<tr class=\"row-3 odd\">\n\t<td class=\"column-1\">Invite du membre*<\/td><td class=\"column-2\">50,00\u20ac<\/td><td class=\"column-3\">57,00\u20ac<\/td>\n<\/tr>\n<tr class=\"row-4 even\">\n\t<td class=\"column-1\">S\u00e9niors >50<\/td><td class=\"column-2\">60,00\u20ac<\/td><td class=\"column-3\">69,00\u20ac<\/td>\n<\/tr>\n<tr class=\"row-5 odd\">\n\t<td class=\"column-1\">S\u00e9niors >65<\/td><td class=\"column-2\">53,00\u20ac<\/td><td class=\"column-3\">61,00\u20ac<\/td>\n<\/tr>\n<tr class=\"row-6 even\">\n\t<td class=\"column-1\">Juniors<\/td><td class=\"column-2\">46,00\u20ac<\/td><td class=\"column-3\">53,00\u20ac<\/td>\n<\/tr>\n<tr class=\"row-7 odd\">\n\t<td class=\"column-1\">Enfants<\/td><td class=\"column-2\">36,00\u20ac<\/td><td class=\"column-3\">41,00\u20ac<\/td>\n<\/tr>\n<\/tbody>\n<\/table>\n<!-- #tablepress-25 from cache -->[\/vc_column_text][\/vc_tta_section][vc_tta_section title=\u00a0\u00bbHaute Saison\u00a0\u00bb tab_id=\u00a0\u00bb1465396076614-c9546a24-257d\u00a0\u00bb][vc_column_text]Du 1er au 31 ao\u00fbt 2026 inclusivement.[\/vc_column_text][vc_column_text]\n<table id=\"tablepress-26\" class=\"tablepress tablepress-id-26\">\n<thead>\n<tr class=\"row-1 odd\">\n\t<th class=\"column-1\">\u00c2GE<\/th><th class=\"column-2\">01\/08\/26 - 14\/08\/26<\/th><th class=\"column-3\">15\/08\/26 - 31\/08\/26<\/th>\n<\/tr>\n<\/thead>\n<tbody class=\"row-hover\">\n<tr class=\"row-2 even\">\n\t<td class=\"column-1\">Adultes<\/td><td class=\"column-2\">84,00\u20ac<\/td><td class=\"column-3\">104,00\u20ac<\/td>\n<\/tr>\n<tr class=\"row-3 odd\">\n\t<td class=\"column-1\">Invit\u00e9 du membre*<\/td><td class=\"column-2\">59,00\u20ac<\/td><td class=\"column-3\">73,00\u20ac<\/td>\n<\/tr>\n<tr class=\"row-4 even\">\n\t<td class=\"column-1\">S\u00e9niors >50<\/td><td class=\"column-2\">72,00\u20ac<\/td><td class=\"column-3\">89,00\u20ac<\/td>\n<\/tr>\n<tr class=\"row-5 odd\">\n\t<td class=\"column-1\">S\u00e9niors >65<\/td><td class=\"column-2\">63,00\u20ac<\/td><td class=\"column-3\">78,00\u20ac<\/td>\n<\/tr>\n<tr class=\"row-6 even\">\n\t<td class=\"column-1\">Juniors<\/td><td class=\"column-2\">55,00\u20ac<\/td><td class=\"column-3\">68,00\u20ac<\/td>\n<\/tr>\n<tr class=\"row-7 odd\">\n\t<td class=\"column-1\">Enfants<\/td><td class=\"column-2\">42,00\u20ac<\/td><td class=\"column-3\">52,00\u20ac<\/td>\n<\/tr>\n<\/tbody>\n<\/table>\n<!-- #tablepress-26 from cache -->[\/vc_column_text][\/vc_tta_section][vc_tta_section title=\u00a0\u00bbBasse saison\u00a0\u00bb tab_id=\u00a0\u00bb1465396076372-659b68dc-4519&Prime;][vc_column_text]Du 09\/12\/2025 au 13\/03\/2026.[\/vc_column_text][vc_column_text]\n<table id=\"tablepress-23\" class=\"tablepress tablepress-id-23\">\n<thead>\n<tr class=\"row-1 odd\">\n\t<th class=\"column-1\">\u00c2GE<\/th><th class=\"column-2\">JOUR OUVRABLE<\/th><th class=\"column-3\">SAMEDIS ET F\u00c9RI\u00c9S<\/th>\n<\/tr>\n<\/thead>\n<tbody class=\"row-hover\">\n<tr class=\"row-2 even\">\n\t<td class=\"column-1\">Adulte<\/td><td class=\"column-2\">44,00\u20ac<\/td><td class=\"column-3\">54,00\u20ac<\/td>\n<\/tr>\n<tr class=\"row-3 odd\">\n\t<td class=\"column-1\">Invit\u00e9 du membre*<\/td><td class=\"column-2\">31,00\u20ac<\/td><td class=\"column-3\">38,00\u20ac<\/td>\n<\/tr>\n<tr class=\"row-4 even\">\n\t<td class=\"column-1\">S\u00e9niors<\/td><td class=\"column-2\">33,00\u20ac<\/td><td class=\"column-3\">41,00\u20ac<\/td>\n<\/tr>\n<tr class=\"row-5 odd\">\n\t<td class=\"column-1\">Juniors<\/td><td class=\"column-2\">29,00\u20ac<\/td><td class=\"column-3\">35,00\u20ac<\/td>\n<\/tr>\n<tr class=\"row-6 even\">\n\t<td class=\"column-1\">Enfants<\/td><td class=\"column-2\">22,00\u20ac<\/td><td class=\"column-3\">27,00\u20ac<\/td>\n<\/tr>\n<\/tbody>\n<\/table>\n<!-- #tablepress-23 from cache -->[\/vc_column_text][\/vc_tta_section][\/vc_tta_tabs][\/vc_column][vc_column][vc_column_text]<\/p>\n<h4><strong>&nbsp;AUTRES SERVICES:<\/strong><\/h4>\n<p>Location de charriot manuelle&nbsp; &#8211; &nbsp;2,00 \u20ac.<\/p>\n<p>Location de charriot \u00e9lectrique&nbsp; membre \/ pas membre&nbsp; &#8211;&nbsp; 6,00 \u20ac \/ 15,00\u20ac.<\/p>\n<p>Location voiturette 18 trous membre \/ pas membre&nbsp; &#8211; &nbsp;35,00 \u20ac \/ 50,00\u20ac<\/p>\n<p>Alquiler coche&nbsp; 9 hoyos membre \/ pas membre &nbsp;&#8211; &nbsp;20,00 \u20ac \/ 30,00\u20ac<\/p>\n<p>Droit de practisse avec professeur \/ sans professeur&nbsp; &#8211; &nbsp;5,00 \u20ac \/ 10,00\u20ac.<\/p>\n<p>Carte de balle practisse 3 utilisations&nbsp; &#8211;&nbsp; 3,00 \u20ac. \/ 60 balles.<\/p>\n<p>&nbsp;[\/vc_column_text][\/vc_column][\/vc_row][vc_row css=\u00a0\u00bb.vc_custom_1467104448626{padding-top: 60px !important;padding-bottom: 50px !important;}\u00a0\u00bb][vc_column][vc_column_text]*Le membre invit\u00e9 doit jouer avec le membre qui l&rsquo;invite.<\/p>\n<p>[\/vc_column_text][vc_column_text]Les remises ne sont pas cumulables.[\/vc_column_text][vc_column_text]Les Jours du 2 et 3 janvier,&nbsp; 2 may, 23 juin, 12 du septembre et du 29 a 31 d\u00e9cembre seront consid\u00e9r\u00e9s f\u00e9ri\u00e9.[\/vc_column_text][vc_column_text]Le club se r\u00e9serve le droit de modifier les tarifs.[\/vc_column_text][\/vc_column][\/vc_row]<\/p>","protected":false},"excerpt":{"rendered":"<p>[vc_row css=\u00a0\u00bb.vc_custom_1467104439180{padding-top: 20px !important;padding-bottom: 60px !important;}\u00a0\u00bb][vc_column width=\u00a0\u00bb1\/2&Prime;][vc_custom_heading text=\u00a0\u00bbPARCOURS 18 TROUS\u00a0\u00bb font_container=\u00a0\u00bbtag:h3|text_align:center\u00a0\u00bb google_fonts=\u00a0\u00bbfont_family:Lato%3A100%2C100italic%2C300%2C300italic%2Cregular%2Citalic%2C700%2C700italic%2C900%2C900italic|font_style:400%20regular%3A400%3Anormal\u00a0\u00bb][vc_tta_tabs style=\u00a0\u00bbclassic\u00a0\u00bb color=\u00a0\u00bbwhite\u00a0\u00bb active_section=\u00a0\u00bb1&Prime; css=\u00a0\u00bb.vc_custom_1465993521721{padding-top: 20px !important;}\u00a0\u00bb][vc_tta_section title=\u00a0\u00bbSaison Moyenne\u00a0\u00bb [&hellip;]<\/p>\n","protected":false},"author":3,"featured_media":0,"parent":0,"menu_order":0,"comment_status":"closed","ping_status":"closed","template":"","meta":{"ngg_post_thumbnail":0},"acf":[],"_links":{"self":[{"href":"https:\/\/rcgcerdanya.com\/fr\/wp-json\/wp\/v2\/pages\/930"}],"collection":[{"href":"https:\/\/rcgcerdanya.com\/fr\/wp-json\/wp\/v2\/pages"}],"about":[{"href":"https:\/\/rcgcerdanya.com\/fr\/wp-json\/wp\/v2\/types\/page"}],"author":[{"embeddable":true,"href":"https:\/\/rcgcerdanya.com\/fr\/wp-json\/wp\/v2\/users\/3"}],"replies":[{"embeddable":true,"href":"https:\/\/rcgcerdanya.com\/fr\/wp-json\/wp\/v2\/comments?post=930"}],"version-history":[{"count":208,"href":"https:\/\/rcgcerdanya.com\/fr\/wp-json\/wp\/v2\/pages\/930\/revisions"}],"predecessor-version":[{"id":82471,"href":"https:\/\/rcgcerdanya.com\/fr\/wp-json\/wp\/v2\/pages\/930\/revisions\/82471"}],"wp:attachment":[{"href":"https:\/\/rcgcerdanya.com\/fr\/wp-json\/wp\/v2\/media?parent=930"}],"curies":[{"name":"wp","href":"https:\/\/api.w.org\/{rel}","templated":true}]}}